{"id":131,"date":"2020-01-27T12:02:22","date_gmt":"2020-01-27T12:02:22","guid":{"rendered":"https:\/\/wpjelly.com\/ilze\/?page_id=131"},"modified":"2024-08-23T09:13:14","modified_gmt":"2024-08-23T08:13:14","slug":"brivpratigie","status":"publish","type":"page","link":"https:\/\/www.latviesudanubiedriba.dk\/dk\/brivpratigie\/","title":{"rendered":"Br\u012bvpr\u0101t\u012bgie"},"content":{"rendered":"\t\t<div data-elementor-type=\"wp-page\" data-elementor-id=\"131\" class=\"elementor elementor-131\">\n\t\t\t\t\t\t<section class=\"elementor-section elementor-top-section elementor-element elementor-element-38e95ebd elementor-section-height-min-height elementor-section-boxed elementor-section-height-default elementor-section-items-middle\" data-id=\"38e95ebd\" data-element_type=\"section\" data-e-type=\"section\" data-settings=\"{&quot;background_background&quot;:&quot;classic&quot;}\">\n\t\t\t\t\t\t\t<div class=\"elementor-background-overlay\"><\/div>\n\t\t\t\t\t\t\t<div class=\"elementor-container elementor-column-gap-default\">\n\t\t\t\t\t<div class=\"elementor-column elementor-col-100 elementor-top-column elementor-element elementor-element-4b54b164\" data-id=\"4b54b164\" data-element_type=\"column\" data-e-type=\"column\">\n\t\t\t<div class=\"elementor-widget-wrap elementor-element-populated\">\n\t\t\t\t\t\t<div class=\"elementor-element elementor-element-71aa167 elementor-hidden-desktop elementor-hidden-tablet elementor-widget elementor-widget-heading\" data-id=\"71aa167\" data-element_type=\"widget\" data-e-type=\"widget\" data-widget_type=\"heading.default\">\n\t\t\t\t<div class=\"elementor-widget-container\">\n\t\t\t\t\t<h2 class=\"elementor-heading-title elementor-size-default\">Br\u012bvpr\u0101t\u012bgie<\/h2>\t\t\t\t<\/div>\n\t\t\t\t<\/div>\n\t\t\t\t\t<\/div>\n\t\t<\/div>\n\t\t\t\t\t<\/div>\n\t\t<\/section>\n\t\t\t\t<section class=\"elementor-section elementor-top-section elementor-element elementor-element-26044114 elementor-section-boxed elementor-section-height-default elementor-section-height-default\" data-id=\"26044114\" data-element_type=\"section\" data-e-type=\"section\" data-settings=\"{&quot;background_background&quot;:&quot;classic&quot;}\">\n\t\t\t\t\t\t<div class=\"elementor-container elementor-column-gap-default\">\n\t\t\t\t\t<div class=\"elementor-column elementor-col-100 elementor-top-column elementor-element elementor-element-95fb3cb\" data-id=\"95fb3cb\" data-element_type=\"column\" data-e-type=\"column\" data-settings=\"{&quot;background_background&quot;:&quot;classic&quot;}\">\n\t\t\t<div class=\"elementor-widget-wrap elementor-element-populated\">\n\t\t\t\t\t\t<div class=\"elementor-element elementor-element-7e489b93 elementor-hidden-phone animated-slow elementor-invisible elementor-widget elementor-widget-theme-post-title elementor-page-title elementor-widget-heading\" data-id=\"7e489b93\" data-element_type=\"widget\" data-e-type=\"widget\" data-settings=\"{&quot;_animation&quot;:&quot;zoomIn&quot;}\" data-widget_type=\"theme-post-title.default\">\n\t\t\t\t<div class=\"elementor-widget-container\">\n\t\t\t\t\t<h1 class=\"elementor-heading-title elementor-size-default\">Br\u012bvpr\u0101t\u012bgie<\/h1>\t\t\t\t<\/div>\n\t\t\t\t<\/div>\n\t\t\t\t<div class=\"elementor-element elementor-element-d98973a elementor-widget elementor-widget-text-editor\" data-id=\"d98973a\" data-element_type=\"widget\" data-e-type=\"widget\" data-widget_type=\"text-editor.default\">\n\t\t\t\t<div class=\"elementor-widget-container\">\n\t\t\t\t\t\t\t\t\t<p>Latvie\u0161u \u2013 d\u0101\u0146u biedr\u012bba ir organiz\u0101cija, kas sast\u0101v no br\u012bvprat\u012bgajiem.\u00a0<\/p><p>LDB pas\u0101kumu organizatori nesa\u0146em atalgojumu par savu darbu, glu\u017ei pret\u0113ji \u2013 ar\u012b m\u0113s pa\u0161i maks\u0101jam par sevis organiz\u0113tiem pas\u0101kumiem.\u00a0<\/p><p>Lielo pas\u0101kumu dien\u0101s ir daudz mazo darbi\u0146u, ko mums, organizatoriem, vieniem pa\u0161iem ir gr\u016bti paveikt, jo roku ir tik, cik ir, t\u0101d\u0113\u013c aicin\u0101m pieteikties cilv\u0113kus, kam ir pla\u0161a sirds un v\u0113lme pal\u012bdz\u0113t ar k\u0101du no darbiem. \u00a0<\/p><p>Darbojoties kop\u0101,\u00a0m\u0113s varam rad\u012bt \u0123imenisku sv\u0113tku saj\u016btu un paveikt daudz vair\u0101k, lai sv\u0113tki b\u016btu izdevu\u0161ies mums visiem!<\/p><p>Tuvojoties pas\u0101kumiem, m\u0113s sav\u0101 <a href=\"https:\/\/www.facebook.com\/latviesudanubiedriba\/\" target=\"_blank\" rel=\"noopener\"><strong>Facebook lap\u0101<\/strong><\/a> public\u0113sim aicin\u0101jumu p\u0113c<br \/>pal\u012bdz\u012bg\u0101m rok\u0101m un nor\u0101d\u012bsim m\u016bsu dar\u0101mo darbu sarakstu.\u00a0<\/p><p>Seko l\u012bdzi jaunumiem un, ja v\u0113lies pal\u012bdz\u0113t, <a href=\"#forma\"><strong>s\u016bti mums savu zi\u0146u, nor\u0101dot v\u0101rdu, e-pastu un darbu, ar kuru ap\u0146emies pal\u012bdz\u0113t<\/strong>!\u00a0<\/a><\/p><p>Pieteikumu s\u016bti caur m\u016bsu m\u0101jaslapu!<\/p>\t\t\t\t\t\t\t\t<\/div>\n\t\t\t\t<\/div>\n\t\t\t\t<div class=\"elementor-element elementor-element-91cf96c elementor-share-buttons--align-right elementor-share-buttons--color-custom elementor-share-buttons--view-icon elementor-share-buttons-mobile--align-center elementor-share-buttons--shape-circle elementor-hidden-desktop elementor-hidden-tablet elementor-hidden-phone elementor-share-buttons--skin-gradient elementor-grid-0 elementor-widget elementor-widget-share-buttons\" data-id=\"91cf96c\" data-element_type=\"widget\" data-e-type=\"widget\" data-widget_type=\"share-buttons.default\">\n\t\t\t\t<div class=\"elementor-widget-container\">\n\t\t\t\t\t\t\t<div class=\"elementor-grid\">\n\t\t\t\t\t\t\t\t<div class=\"elementor-grid-item\">\n\t\t\t\t\t\t<div class=\"elementor-share-btn elementor-share-btn_facebook\">\n\t\t\t\t\t\t\t\t\t\t\t\t\t\t\t<span class=\"elementor-share-btn__icon\">\n\t\t\t\t\t\t\t\t<i class=\"fab fa-facebook\"\n\t\t\t\t\t\t\t\t   aria-hidden=\"true\"><\/i>\n\t\t\t\t\t\t\t\t<span\n\t\t\t\t\t\t\t\t\tclass=\"elementor-screen-only\">Del p\u00e5 facebook<\/span>\n\t\t\t\t\t\t\t<\/span>\n\t\t\t\t\t\t\t\t\t\t\t\t\t\t\t\t\t\t\t\t<\/div>\n\t\t\t\t\t<\/div>\n\t\t\t\t\t\t\t\t\t<div class=\"elementor-grid-item\">\n\t\t\t\t\t\t<div class=\"elementor-share-btn elementor-share-btn_twitter\">\n\t\t\t\t\t\t\t\t\t\t\t\t\t\t\t<span class=\"elementor-share-btn__icon\">\n\t\t\t\t\t\t\t\t<i class=\"fab fa-twitter\"\n\t\t\t\t\t\t\t\t   aria-hidden=\"true\"><\/i>\n\t\t\t\t\t\t\t\t<span\n\t\t\t\t\t\t\t\t\tclass=\"elementor-screen-only\">Del p\u00e5 twitter<\/span>\n\t\t\t\t\t\t\t<\/span>\n\t\t\t\t\t\t\t\t\t\t\t\t\t\t\t\t\t\t\t\t<\/div>\n\t\t\t\t\t<\/div>\n\t\t\t\t\t\t\t\t\t<div class=\"elementor-grid-item\">\n\t\t\t\t\t\t<div class=\"elementor-share-btn elementor-share-btn_linkedin\">\n\t\t\t\t\t\t\t\t\t\t\t\t\t\t\t<span class=\"elementor-share-btn__icon\">\n\t\t\t\t\t\t\t\t<i class=\"fab fa-linkedin\"\n\t\t\t\t\t\t\t\t   aria-hidden=\"true\"><\/i>\n\t\t\t\t\t\t\t\t<span\n\t\t\t\t\t\t\t\t\tclass=\"elementor-screen-only\">Del p\u00e5 linkedin<\/span>\n\t\t\t\t\t\t\t<\/span>\n\t\t\t\t\t\t\t\t\t\t\t\t\t\t\t\t\t\t\t\t<\/div>\n\t\t\t\t\t<\/div>\n\t\t\t\t\t\t<\/div>\n\t\t\t\t\t\t<\/div>\n\t\t\t\t<\/div>\n\t\t\t\t<div class=\"elementor-element elementor-element-f219dfd elementor-widget elementor-widget-spacer\" data-id=\"f219dfd\" data-element_type=\"widget\" data-e-type=\"widget\" data-widget_type=\"spacer.default\">\n\t\t\t\t<div class=\"elementor-widget-container\">\n\t\t\t\t\t\t\t<div class=\"elementor-spacer\">\n\t\t\t<div class=\"elementor-spacer-inner\"><\/div>\n\t\t<\/div>\n\t\t\t\t\t\t<\/div>\n\t\t\t\t<\/div>\n\t\t\t\t<div class=\"elementor-element elementor-element-3c73fba elementor-hidden-phone elementor-skin-carousel elementor-widget elementor-widget-media-carousel\" data-id=\"3c73fba\" data-element_type=\"widget\" data-e-type=\"widget\" data-settings=\"{&quot;slides_per_view&quot;:&quot;3&quot;,&quot;skin&quot;:&quot;carousel&quot;,&quot;effect&quot;:&quot;slide&quot;,&quot;speed&quot;:500,&quot;autoplay&quot;:&quot;yes&quot;,&quot;autoplay_speed&quot;:5000,&quot;loop&quot;:&quot;yes&quot;,&quot;pause_on_hover&quot;:&quot;yes&quot;,&quot;pause_on_interaction&quot;:&quot;yes&quot;,&quot;space_between&quot;:{&quot;unit&quot;:&quot;px&quot;,&quot;size&quot;:10,&quot;sizes&quot;:[]},&quot;space_between_tablet&quot;:{&quot;unit&quot;:&quot;px&quot;,&quot;size&quot;:10,&quot;sizes&quot;:[]},&quot;space_between_mobile&quot;:{&quot;unit&quot;:&quot;px&quot;,&quot;size&quot;:10,&quot;sizes&quot;:[]}}\" data-widget_type=\"media-carousel.default\">\n\t\t\t\t<div class=\"elementor-widget-container\">\n\t\t\t\t\t\t\t<div class=\"elementor-swiper\">\n\t\t\t<div class=\"elementor-main-swiper swiper-container\">\n\t\t\t\t<div class=\"swiper-wrapper\">\n\t\t\t\t\t\t\t\t\t\t\t<div class=\"swiper-slide\">\n\t\t\t\t\t\t\t\t\t<div class=\"elementor-carousel-image\" style=\"background-image: url(https:\/\/www.latviesudanubiedriba.dk\/wp-content\/uploads\/2020\/03\/brivpratigie-4.jpg)\">\n\t\t\t\t\t<\/div>\n\t\t\t\t\t\t\t\t<\/div>\n\t\t\t\t\t\t\t\t\t\t\t<div class=\"swiper-slide\">\n\t\t\t\t\t\t\t\t\t<div class=\"elementor-carousel-image\" style=\"background-image: url(https:\/\/www.latviesudanubiedriba.dk\/wp-content\/uploads\/2020\/03\/7433ada4-9e07-4838-9e66-56751b28ff24.jpg)\">\n\t\t\t\t\t<\/div>\n\t\t\t\t\t\t\t\t<\/div>\n\t\t\t\t\t\t\t\t\t\t\t<div class=\"swiper-slide\">\n\t\t\t\t\t\t\t\t\t<div class=\"elementor-carousel-image\" style=\"background-image: url(https:\/\/www.latviesudanubiedriba.dk\/wp-content\/uploads\/2020\/03\/a7448f8d-33ac-43b3-a5d0-fe070d822d83.jpg)\">\n\t\t\t\t\t<\/div>\n\t\t\t\t\t\t\t\t<\/div>\n\t\t\t\t\t\t\t\t\t<\/div>\n\t\t\t\t\t\t\t\t\t\t\t\t\t\t\t\t\t\t\t\t\t<\/div>\n\t\t<\/div>\n\t\t\t\t\t\t<\/div>\n\t\t\t\t<\/div>\n\t\t\t\t<div class=\"elementor-element elementor-element-5acecc8 elementor-hidden-phone elementor-widget elementor-widget-spacer\" data-id=\"5acecc8\" data-element_type=\"widget\" data-e-type=\"widget\" data-widget_type=\"spacer.default\">\n\t\t\t\t<div class=\"elementor-widget-container\">\n\t\t\t\t\t\t\t<div class=\"elementor-spacer\">\n\t\t\t<div class=\"elementor-spacer-inner\"><\/div>\n\t\t<\/div>\n\t\t\t\t\t\t<\/div>\n\t\t\t\t<\/div>\n\t\t\t\t<div class=\"elementor-element elementor-element-67761ca8 elementor-widget elementor-widget-heading\" data-id=\"67761ca8\" data-element_type=\"widget\" data-e-type=\"widget\" id=\"forma\" data-widget_type=\"heading.default\">\n\t\t\t\t<div class=\"elementor-widget-container\">\n\t\t\t\t\t<h4 class=\"elementor-heading-title elementor-size-default\">S\u016bti mums savu zi\u0146u<\/h4>\t\t\t\t<\/div>\n\t\t\t\t<\/div>\n\t\t\t\t<div class=\"elementor-element elementor-element-fa88c8d elementor-button-align-stretch elementor-widget elementor-widget-form\" data-id=\"fa88c8d\" data-element_type=\"widget\" data-e-type=\"widget\" data-settings=\"{&quot;step_next_label&quot;:&quot;Next&quot;,&quot;step_previous_label&quot;:&quot;Previous&quot;,&quot;button_width&quot;:&quot;100&quot;,&quot;step_type&quot;:&quot;number_text&quot;,&quot;step_icon_shape&quot;:&quot;circle&quot;}\" data-widget_type=\"form.default\">\n\t\t\t\t<div class=\"elementor-widget-container\">\n\t\t\t\t\t\t\t<form class=\"elementor-form\" method=\"post\" id=\"forma-2\">\n\t\t\t<input type=\"hidden\" name=\"post_id\" value=\"131\"\/>\n\t\t\t<input type=\"hidden\" name=\"form_id\" value=\"fa88c8d\"\/>\n\n\t\t\t\n\t\t\t<div class=\"elementor-form-fields-wrapper elementor-labels-above\">\n\t\t\t\t\t\t\t\t<div class=\"elementor-field-type-text elementor-field-group elementor-column elementor-field-group-name elementor-col-100 elementor-field-required\">\n\t\t\t\t\t<label for=\"form-field-name\" class=\"elementor-field-label\">V\u0101rds<\/label><input size=\"1\" type=\"text\" name=\"form_fields[name]\" id=\"form-field-name\" class=\"elementor-field elementor-size-sm  elementor-field-textual\" required=\"required\" aria-required=\"true\">\t\t\t\t<\/div>\n\t\t\t\t\t\t\t\t<div class=\"elementor-field-type-email elementor-field-group elementor-column elementor-field-group-email elementor-col-100 elementor-field-required\">\n\t\t\t\t\t<label for=\"form-field-email\" class=\"elementor-field-label\">E-pasts<\/label><input size=\"1\" type=\"email\" name=\"form_fields[email]\" id=\"form-field-email\" class=\"elementor-field elementor-size-sm  elementor-field-textual\" required=\"required\" aria-required=\"true\">\t\t\t\t<\/div>\n\t\t\t\t\t\t\t\t<div class=\"elementor-field-type-textarea elementor-field-group elementor-column elementor-field-group-message elementor-col-100 elementor-field-required\">\n\t\t\t\t\t<label for=\"form-field-message\" class=\"elementor-field-label\">Zi\u0146a<\/label><textarea class=\"elementor-field-textual elementor-field  elementor-size-sm\" name=\"form_fields[message]\" id=\"form-field-message\" rows=\"4\" placeholder=\"Tavs teksts\" required=\"required\" aria-required=\"true\"><\/textarea>\t\t\t\t<\/div>\n\t\t\t\t\t\t\t\t<div class=\"elementor-field-group elementor-column elementor-field-type-submit elementor-col-100 e-form__buttons\">\n\t\t\t\t\t<button type=\"submit\" class=\"elementor-button elementor-size-sm\">\n\t\t\t\t\t\t<span >\n\t\t\t\t\t\t\t\t\t\t\t\t\t\t\t<span class=\" elementor-button-icon\">\n\t\t\t\t\t\t\t\t\t\t\t\t\t\t\t\t\t\t\t\t\t\t\t\t\t\t<\/span>\n\t\t\t\t\t\t\t\t\t\t\t\t\t\t\t\t\t\t\t\t\t\t<span class=\"elementor-button-text\">S\u016bt\u012bt<\/span>\n\t\t\t\t\t\t\t\t\t\t\t\t\t<\/span>\n\t\t\t\t\t<\/button>\n\t\t\t\t<\/div>\n\t\t\t<\/div>\n\t\t<\/form>\n\t\t\t\t\t\t<\/div>\n\t\t\t\t<\/div>\n\t\t\t\t\t<\/div>\n\t\t<\/div>\n\t\t\t\t\t<\/div>\n\t\t<\/section>\n\t\t\t\t<section class=\"elementor-section elementor-top-section elementor-element elementor-element-6d8c18d elementor-section-boxed elementor-section-height-default elementor-section-height-default\" data-id=\"6d8c18d\" data-element_type=\"section\" data-e-type=\"section\">\n\t\t\t\t\t\t<div class=\"elementor-container elementor-column-gap-default\">\n\t\t\t\t\t<div class=\"elementor-column elementor-col-100 elementor-top-column elementor-element elementor-element-d076e37\" data-id=\"d076e37\" data-element_type=\"column\" data-e-type=\"column\">\n\t\t\t<div class=\"elementor-widget-wrap elementor-element-populated\">\n\t\t\t\t\t\t<div class=\"elementor-element elementor-element-09730f8 elementor-widget elementor-widget-spacer\" data-id=\"09730f8\" data-element_type=\"widget\" data-e-type=\"widget\" data-widget_type=\"spacer.default\">\n\t\t\t\t<div class=\"elementor-widget-container\">\n\t\t\t\t\t\t\t<div class=\"elementor-spacer\">\n\t\t\t<div class=\"elementor-spacer-inner\"><\/div>\n\t\t<\/div>\n\t\t\t\t\t\t<\/div>\n\t\t\t\t<\/div>\n\t\t\t\t\t<\/div>\n\t\t<\/div>\n\t\t\t\t\t<\/div>\n\t\t<\/section>\n\t\t\t\t<\/div>\n\t\t","protected":false},"excerpt":{"rendered":"<p>Br\u012bvpr\u0101t\u012bgie Latvie\u0161u \u2013 d\u0101\u0146u biedr\u012bba ir organiz\u0101cija, kas sast\u0101v no br\u012bvprat\u012bgajiem.\u00a0 LDB pas\u0101kumu organizatori nesa\u0146em atalgojumu par savu darbu, glu\u017ei pret\u0113ji \u2013 ar\u012b m\u0113s pa\u0161i maks\u0101jam par sevis organiz\u0113tiem pas\u0101kumiem.\u00a0 Lielo pas\u0101kumu dien\u0101s ir daudz mazo darbi\u0146u, ko mums, organizatoriem, vieniem pa\u0161iem ir gr\u016bti paveikt, jo roku ir tik, cik ir, t\u0101d\u0113\u013c aicin\u0101m pieteikties cilv\u0113kus, [&hellip;]<\/p>\n","protected":false},"author":1,"featured_media":0,"parent":0,"menu_order":0,"comment_status":"closed","ping_status":"closed","template":"elementor_header_footer","meta":{"footnotes":""},"class_list":["post-131","page","type-page","status-publish","hentry"],"yoast_head":"<!-- This site is optimized with the Yoast SEO plugin v27.5 - https:\/\/yoast.com\/product\/yoast-seo-wordpress\/ -->\n<title>Br\u012bvpr\u0101t\u012bgie - Latvie\u0161u - d\u0101\u0146u biedr\u012bba Latvie\u0161u - d\u0101\u0146u biedr\u012bba | piesakies pal\u012bdz\u0113t<\/title>\n<meta name=\"description\" content=\"Latvie\u0161u - d\u0101\u0146u biedr\u012bba ir br\u012bvpr\u0101t\u012bgo apvien\u012bba, t\u0101p\u0113c ikviens tiek aicin\u0101ts pieteikties k\u013c\u016bt par br\u012bvpr\u0101t\u012bgo un pal\u012bdz\u0113t ar k\u0101du no darbiem.\" \/>\n<meta name=\"robots\" content=\"index, follow, max-snippet:-1, max-image-preview:large, max-video-preview:-1\" \/>\n<link rel=\"canonical\" href=\"https:\/\/www.latviesudanubiedriba.dk\/dk\/brivpratigie\/\" \/>\n<meta property=\"og:locale\" content=\"da_DK\" \/>\n<meta property=\"og:type\" content=\"article\" \/>\n<meta property=\"og:title\" content=\"Br\u012bvpr\u0101t\u012bgie - Latvie\u0161u - d\u0101\u0146u biedr\u012bba Latvie\u0161u - d\u0101\u0146u biedr\u012bba | piesakies pal\u012bdz\u0113t\" \/>\n<meta property=\"og:description\" content=\"Latvie\u0161u - d\u0101\u0146u biedr\u012bba ir br\u012bvpr\u0101t\u012bgo apvien\u012bba, t\u0101p\u0113c ikviens tiek aicin\u0101ts pieteikties k\u013c\u016bt par br\u012bvpr\u0101t\u012bgo un pal\u012bdz\u0113t ar k\u0101du no darbiem.\" \/>\n<meta property=\"og:url\" content=\"https:\/\/www.latviesudanubiedriba.dk\/dk\/brivpratigie\/\" \/>\n<meta property=\"og:site_name\" content=\"Latvie\u0161u - d\u0101\u0146u biedr\u012bba\" \/>\n<meta property=\"article:modified_time\" content=\"2024-08-23T08:13:14+00:00\" \/>\n<meta name=\"twitter:card\" content=\"summary_large_image\" \/>\n<meta name=\"twitter:label1\" content=\"Estimeret l\u00e6setid\" \/>\n\t<meta name=\"twitter:data1\" content=\"1 minut\" \/>\n<script type=\"application\/ld+json\" class=\"yoast-schema-graph\">{\"@context\":\"https:\\\/\\\/schema.org\",\"@graph\":[{\"@type\":\"WebPage\",\"@id\":\"https:\\\/\\\/www.latviesudanubiedriba.dk\\\/brivpratigie\\\/\",\"url\":\"https:\\\/\\\/www.latviesudanubiedriba.dk\\\/brivpratigie\\\/\",\"name\":\"Br\u012bvpr\u0101t\u012bgie - Latvie\u0161u - d\u0101\u0146u biedr\u012bba Latvie\u0161u - d\u0101\u0146u biedr\u012bba | piesakies pal\u012bdz\u0113t\",\"isPartOf\":{\"@id\":\"https:\\\/\\\/www.latviesudanubiedriba.dk\\\/#website\"},\"datePublished\":\"2020-01-27T12:02:22+00:00\",\"dateModified\":\"2024-08-23T08:13:14+00:00\",\"description\":\"Latvie\u0161u - d\u0101\u0146u biedr\u012bba ir br\u012bvpr\u0101t\u012bgo apvien\u012bba, t\u0101p\u0113c ikviens tiek aicin\u0101ts pieteikties k\u013c\u016bt par br\u012bvpr\u0101t\u012bgo un pal\u012bdz\u0113t ar k\u0101du no darbiem.\",\"breadcrumb\":{\"@id\":\"https:\\\/\\\/www.latviesudanubiedriba.dk\\\/brivpratigie\\\/#breadcrumb\"},\"inLanguage\":\"da-DK\",\"potentialAction\":[{\"@type\":\"ReadAction\",\"target\":[\"https:\\\/\\\/www.latviesudanubiedriba.dk\\\/brivpratigie\\\/\"]}]},{\"@type\":\"BreadcrumbList\",\"@id\":\"https:\\\/\\\/www.latviesudanubiedriba.dk\\\/brivpratigie\\\/#breadcrumb\",\"itemListElement\":[{\"@type\":\"ListItem\",\"position\":1,\"name\":\"Home\",\"item\":\"https:\\\/\\\/www.latviesudanubiedriba.dk\\\/\"},{\"@type\":\"ListItem\",\"position\":2,\"name\":\"Br\u012bvpr\u0101t\u012bgie\"}]},{\"@type\":\"WebSite\",\"@id\":\"https:\\\/\\\/www.latviesudanubiedriba.dk\\\/#website\",\"url\":\"https:\\\/\\\/www.latviesudanubiedriba.dk\\\/\",\"name\":\"Latvie\u0161u - d\u0101\u0146u biedr\u012bba\",\"description\":\"LDB\",\"potentialAction\":[{\"@type\":\"SearchAction\",\"target\":{\"@type\":\"EntryPoint\",\"urlTemplate\":\"https:\\\/\\\/www.latviesudanubiedriba.dk\\\/?s={search_term_string}\"},\"query-input\":{\"@type\":\"PropertyValueSpecification\",\"valueRequired\":true,\"valueName\":\"search_term_string\"}}],\"inLanguage\":\"da-DK\"}]}<\/script>\n<!-- \/ Yoast SEO plugin. -->","yoast_head_json":{"title":"Br\u012bvpr\u0101t\u012bgie - Latvie\u0161u - d\u0101\u0146u biedr\u012bba Latvie\u0161u - d\u0101\u0146u biedr\u012bba | piesakies pal\u012bdz\u0113t","description":"Latvie\u0161u - d\u0101\u0146u biedr\u012bba ir br\u012bvpr\u0101t\u012bgo apvien\u012bba, t\u0101p\u0113c ikviens tiek aicin\u0101ts pieteikties k\u013c\u016bt par br\u012bvpr\u0101t\u012bgo un pal\u012bdz\u0113t ar k\u0101du no darbiem.","robots":{"index":"index","follow":"follow","max-snippet":"max-snippet:-1","max-image-preview":"max-image-preview:large","max-video-preview":"max-video-preview:-1"},"canonical":"https:\/\/www.latviesudanubiedriba.dk\/dk\/brivpratigie\/","og_locale":"da_DK","og_type":"article","og_title":"Br\u012bvpr\u0101t\u012bgie - Latvie\u0161u - d\u0101\u0146u biedr\u012bba Latvie\u0161u - d\u0101\u0146u biedr\u012bba | piesakies pal\u012bdz\u0113t","og_description":"Latvie\u0161u - d\u0101\u0146u biedr\u012bba ir br\u012bvpr\u0101t\u012bgo apvien\u012bba, t\u0101p\u0113c ikviens tiek aicin\u0101ts pieteikties k\u013c\u016bt par br\u012bvpr\u0101t\u012bgo un pal\u012bdz\u0113t ar k\u0101du no darbiem.","og_url":"https:\/\/www.latviesudanubiedriba.dk\/dk\/brivpratigie\/","og_site_name":"Latvie\u0161u - d\u0101\u0146u biedr\u012bba","article_modified_time":"2024-08-23T08:13:14+00:00","twitter_card":"summary_large_image","twitter_misc":{"Estimeret l\u00e6setid":"1 minut"},"schema":{"@context":"https:\/\/schema.org","@graph":[{"@type":"WebPage","@id":"https:\/\/www.latviesudanubiedriba.dk\/brivpratigie\/","url":"https:\/\/www.latviesudanubiedriba.dk\/brivpratigie\/","name":"Br\u012bvpr\u0101t\u012bgie - Latvie\u0161u - d\u0101\u0146u biedr\u012bba Latvie\u0161u - d\u0101\u0146u biedr\u012bba | piesakies pal\u012bdz\u0113t","isPartOf":{"@id":"https:\/\/www.latviesudanubiedriba.dk\/#website"},"datePublished":"2020-01-27T12:02:22+00:00","dateModified":"2024-08-23T08:13:14+00:00","description":"Latvie\u0161u - d\u0101\u0146u biedr\u012bba ir br\u012bvpr\u0101t\u012bgo apvien\u012bba, t\u0101p\u0113c ikviens tiek aicin\u0101ts pieteikties k\u013c\u016bt par br\u012bvpr\u0101t\u012bgo un pal\u012bdz\u0113t ar k\u0101du no darbiem.","breadcrumb":{"@id":"https:\/\/www.latviesudanubiedriba.dk\/brivpratigie\/#breadcrumb"},"inLanguage":"da-DK","potentialAction":[{"@type":"ReadAction","target":["https:\/\/www.latviesudanubiedriba.dk\/brivpratigie\/"]}]},{"@type":"BreadcrumbList","@id":"https:\/\/www.latviesudanubiedriba.dk\/brivpratigie\/#breadcrumb","itemListElement":[{"@type":"ListItem","position":1,"name":"Home","item":"https:\/\/www.latviesudanubiedriba.dk\/"},{"@type":"ListItem","position":2,"name":"Br\u012bvpr\u0101t\u012bgie"}]},{"@type":"WebSite","@id":"https:\/\/www.latviesudanubiedriba.dk\/#website","url":"https:\/\/www.latviesudanubiedriba.dk\/","name":"Latvie\u0161u - d\u0101\u0146u biedr\u012bba","description":"LDB","potentialAction":[{"@type":"SearchAction","target":{"@type":"EntryPoint","urlTemplate":"https:\/\/www.latviesudanubiedriba.dk\/?s={search_term_string}"},"query-input":{"@type":"PropertyValueSpecification","valueRequired":true,"valueName":"search_term_string"}}],"inLanguage":"da-DK"}]}},"_links":{"self":[{"href":"https:\/\/www.latviesudanubiedriba.dk\/dk\/wp-json\/wp\/v2\/pages\/131","targetHints":{"allow":["GET"]}}],"collection":[{"href":"https:\/\/www.latviesudanubiedriba.dk\/dk\/wp-json\/wp\/v2\/pages"}],"about":[{"href":"https:\/\/www.latviesudanubiedriba.dk\/dk\/wp-json\/wp\/v2\/types\/page"}],"author":[{"embeddable":true,"href":"https:\/\/www.latviesudanubiedriba.dk\/dk\/wp-json\/wp\/v2\/users\/1"}],"replies":[{"embeddable":true,"href":"https:\/\/www.latviesudanubiedriba.dk\/dk\/wp-json\/wp\/v2\/comments?post=131"}],"version-history":[{"count":45,"href":"https:\/\/www.latviesudanubiedriba.dk\/dk\/wp-json\/wp\/v2\/pages\/131\/revisions"}],"predecessor-version":[{"id":2267,"href":"https:\/\/www.latviesudanubiedriba.dk\/dk\/wp-json\/wp\/v2\/pages\/131\/revisions\/2267"}],"wp:attachment":[{"href":"https:\/\/www.latviesudanubiedriba.dk\/dk\/wp-json\/wp\/v2\/media?parent=131"}],"curies":[{"name":"wp","href":"https:\/\/api.w.org\/{rel}","templated":true}]}}