{"id":136,"date":"2020-01-27T12:03:17","date_gmt":"2020-01-27T12:03:17","guid":{"rendered":"https:\/\/wpjelly.com\/ilze\/?page_id=136"},"modified":"2026-03-03T15:03:30","modified_gmt":"2026-03-03T14:03:30","slug":"komanda","status":"publish","type":"page","link":"https:\/\/www.latviesudanubiedriba.dk\/dk\/komanda\/","title":{"rendered":"Komanda"},"content":{"rendered":"<div data-elementor-type=\"wp-page\" data-elementor-id=\"136\" class=\"elementor elementor-136\">\n\t\t\t\t\t\t<section class=\"elementor-section elementor-top-section elementor-element elementor-element-65492a36 elementor-section-content-middle elementor-section-full_width elementor-section-height-default elementor-section-height-default\" data-id=\"65492a36\" data-element_type=\"section\" data-e-type=\"section\" data-settings=\"{&quot;background_background&quot;:&quot;classic&quot;}\">\n\t\t\t\t\t\t<div class=\"elementor-container elementor-column-gap-no\">\n\t\t\t\t\t<div class=\"elementor-column elementor-col-100 elementor-top-column elementor-element elementor-element-7737c56d\" data-id=\"7737c56d\" data-element_type=\"column\" data-e-type=\"column\" data-settings=\"{&quot;background_background&quot;:&quot;classic&quot;}\">\n\t\t\t<div class=\"elementor-widget-wrap elementor-element-populated\">\n\t\t\t\t\t\t<section class=\"elementor-section elementor-inner-section elementor-element elementor-element-44793ad elementor-section-boxed elementor-section-height-default elementor-section-height-default\" data-id=\"44793ad\" data-element_type=\"section\" data-e-type=\"section\">\n\t\t\t\t\t\t<div class=\"elementor-container elementor-column-gap-default\">\n\t\t\t\t\t<div class=\"elementor-column elementor-col-100 elementor-inner-column elementor-element elementor-element-c42efef\" data-id=\"c42efef\" data-element_type=\"column\" data-e-type=\"column\" data-settings=\"{&quot;background_background&quot;:&quot;classic&quot;}\">\n\t\t\t<div class=\"elementor-widget-wrap elementor-element-populated\">\n\t\t\t\t\t\t<div class=\"elementor-element elementor-element-40d123e elementor-widget elementor-widget-heading\" data-id=\"40d123e\" data-element_type=\"widget\" data-e-type=\"widget\" data-widget_type=\"heading.default\">\n\t\t\t\t<div class=\"elementor-widget-container\">\n\t\t\t\t\t<h1 class=\"elementor-heading-title elementor-size-default\">Komanda<\/h1>\t\t\t\t<\/div>\n\t\t\t\t<\/div>\n\t\t\t\t\t<\/div>\n\t\t<\/div>\n\t\t\t\t\t<\/div>\n\t\t<\/section>\n\t\t\t\t<div class=\"elementor-element elementor-element-cdbebc8 elementor-widget elementor-widget-text-editor\" data-id=\"cdbebc8\" data-element_type=\"widget\" data-e-type=\"widget\" data-widget_type=\"text-editor.default\">\n\t\t\t\t<div class=\"elementor-widget-container\">\n\t\t\t\t\t\t\t\t\t<p>Ja v\u0113lies mums ko teikt, dro\u0161i sazinies!<\/p>\t\t\t\t\t\t\t\t<\/div>\n\t\t\t\t<\/div>\n\t\t\t\t<section class=\"elementor-section elementor-inner-section elementor-element elementor-element-81fe4f elementor-section-boxed elementor-section-height-default elementor-section-height-default\" data-id=\"81fe4f\" data-element_type=\"section\" data-e-type=\"section\" data-settings=\"{&quot;background_background&quot;:&quot;classic&quot;}\">\n\t\t\t\t\t\t<div class=\"elementor-container elementor-column-gap-default\">\n\t\t\t\t\t<div class=\"elementor-column elementor-col-50 elementor-inner-column elementor-element elementor-element-2ebae3c9\" data-id=\"2ebae3c9\" data-element_type=\"column\" data-e-type=\"column\" data-settings=\"{&quot;background_background&quot;:&quot;classic&quot;}\">\n\t\t\t<div class=\"elementor-widget-wrap elementor-element-populated\">\n\t\t\t\t\t\t<div class=\"elementor-element elementor-element-76a20bdb elementor-widget elementor-widget-image-box\" data-id=\"76a20bdb\" data-element_type=\"widget\" data-e-type=\"widget\" data-widget_type=\"image-box.default\">\n\t\t\t\t<div class=\"elementor-widget-container\">\n\t\t\t\t\t<div class=\"elementor-image-box-wrapper\"><div class=\"elementor-image-box-content\"><h3 class=\"elementor-image-box-title\">Katr\u012bna Povidi\u0161a-Delefosse<\/h3><p class=\"elementor-image-box-description\">Valdes vad\u012bt\u0101ja<\/p><\/div><\/div>\t\t\t\t<\/div>\n\t\t\t\t<\/div>\n\t\t\t\t<div class=\"elementor-element elementor-element-93235eb elementor-widget elementor-widget-text-editor\" data-id=\"93235eb\" data-element_type=\"widget\" data-e-type=\"widget\" data-widget_type=\"text-editor.default\">\n\t\t\t\t<div class=\"elementor-widget-container\">\n\t\t\t\t\t\t\t\t\t<p>+45 60477930<\/p>\t\t\t\t\t\t\t\t<\/div>\n\t\t\t\t<\/div>\n\t\t\t\t\t<\/div>\n\t\t<\/div>\n\t\t\t\t<div class=\"elementor-column elementor-col-50 elementor-inner-column elementor-element elementor-element-64d8c1fd\" data-id=\"64d8c1fd\" data-element_type=\"column\" data-e-type=\"column\" data-settings=\"{&quot;background_background&quot;:&quot;classic&quot;}\">\n\t\t\t<div class=\"elementor-widget-wrap elementor-element-populated\">\n\t\t\t\t\t\t<div class=\"elementor-element elementor-element-7d7b2217 elementor-widget elementor-widget-image-box\" data-id=\"7d7b2217\" data-element_type=\"widget\" data-e-type=\"widget\" data-widget_type=\"image-box.default\">\n\t\t\t\t<div class=\"elementor-widget-container\">\n\t\t\t\t\t<div class=\"elementor-image-box-wrapper\"><div class=\"elementor-image-box-content\"><h3 class=\"elementor-image-box-title\">Dace Kalve<\/h3><p class=\"elementor-image-box-description\">vad\u012bt\u0101jas vietniece<\/p><\/div><\/div>\t\t\t\t<\/div>\n\t\t\t\t<\/div>\n\t\t\t\t<div class=\"elementor-element elementor-element-bbc50d7 elementor-widget elementor-widget-text-editor\" data-id=\"bbc50d7\" data-element_type=\"widget\" data-e-type=\"widget\" data-widget_type=\"text-editor.default\">\n\t\t\t\t<div class=\"elementor-widget-container\">\n\t\t\t\t\t\t\t\t\t<p>+45 20584711<\/p>\t\t\t\t\t\t\t\t<\/div>\n\t\t\t\t<\/div>\n\t\t\t\t\t<\/div>\n\t\t<\/div>\n\t\t\t\t\t<\/div>\n\t\t<\/section>\n\t\t\t\t<section class=\"elementor-section elementor-inner-section elementor-element elementor-element-40cf19d elementor-section-boxed elementor-section-height-default elementor-section-height-default\" data-id=\"40cf19d\" data-element_type=\"section\" data-e-type=\"section\" data-settings=\"{&quot;background_background&quot;:&quot;classic&quot;}\">\n\t\t\t\t\t\t<div class=\"elementor-container elementor-column-gap-default\">\n\t\t\t\t\t<div class=\"elementor-column elementor-col-100 elementor-inner-column elementor-element elementor-element-0923935\" data-id=\"0923935\" data-element_type=\"column\" data-e-type=\"column\" data-settings=\"{&quot;background_background&quot;:&quot;classic&quot;}\">\n\t\t\t<div class=\"elementor-widget-wrap elementor-element-populated\">\n\t\t\t\t\t\t<div class=\"elementor-element elementor-element-6b6e01c elementor-widget elementor-widget-image-box\" data-id=\"6b6e01c\" data-element_type=\"widget\" data-e-type=\"widget\" data-widget_type=\"image-box.default\">\n\t\t\t\t<div class=\"elementor-widget-container\">\n\t\t\t\t\t<div class=\"elementor-image-box-wrapper\"><div class=\"elementor-image-box-content\"><h3 class=\"elementor-image-box-title\">Lilita Thomsen<\/h3><p class=\"elementor-image-box-description\">Valdes locekle<\/p><\/div><\/div>\t\t\t\t<\/div>\n\t\t\t\t<\/div>\n\t\t\t\t<div class=\"elementor-element elementor-element-dfed43d elementor-widget elementor-widget-text-editor\" data-id=\"dfed43d\" data-element_type=\"widget\" data-e-type=\"widget\" data-widget_type=\"text-editor.default\">\n\t\t\t\t<div class=\"elementor-widget-container\">\n\t\t\t\t\t\t\t\t\t<p>+45 31905656<\/p>\t\t\t\t\t\t\t\t<\/div>\n\t\t\t\t<\/div>\n\t\t\t\t\t<\/div>\n\t\t<\/div>\n\t\t\t\t\t<\/div>\n\t\t<\/section>\n\t\t\t\t<section class=\"elementor-section elementor-inner-section elementor-element elementor-element-0ef7dd8 elementor-section-boxed elementor-section-height-default elementor-section-height-default\" data-id=\"0ef7dd8\" data-element_type=\"section\" data-e-type=\"section\" data-settings=\"{&quot;background_background&quot;:&quot;classic&quot;}\">\n\t\t\t\t\t\t<div class=\"elementor-container elementor-column-gap-default\">\n\t\t\t\t\t<div class=\"elementor-column elementor-col-100 elementor-inner-column elementor-element elementor-element-754d408\" data-id=\"754d408\" data-element_type=\"column\" data-e-type=\"column\" data-settings=\"{&quot;background_background&quot;:&quot;classic&quot;}\">\n\t\t\t<div class=\"elementor-widget-wrap\">\n\t\t\t\t\t\t\t<\/div>\n\t\t<\/div>\n\t\t\t\t\t<\/div>\n\t\t<\/section>\n\t\t\t\t\t<\/div>\n\t\t<\/div>\n\t\t\t\t\t<\/div>\n\t\t<\/section>\n\t\t\t\t<\/div>","protected":false},"excerpt":{"rendered":"<p>Komanda Ja v\u0113lies mums ko teikt, dro\u0161i sazinies! Katr\u012bna Povidi\u0161a-Delefosse Valdes vad\u012bt\u0101ja +45 60477930 Dace Kalve vad\u012bt\u0101jas vietniece +45 20584711 Lilita Thomsen Valdes locekle +45 31905656<\/p>","protected":false},"author":1,"featured_media":0,"parent":0,"menu_order":0,"comment_status":"closed","ping_status":"closed","template":"elementor_header_footer","meta":{"footnotes":""},"class_list":["post-136","page","type-page","status-publish","hentry"],"yoast_head":"<!-- This site is optimized with the Yoast SEO plugin v27.5 - https:\/\/yoast.com\/product\/yoast-seo-wordpress\/ -->\n<title>Komanda - Latvie\u0161u - d\u0101\u0146u biedr\u012bba Latvie\u0161u - d\u0101\u0146u biedr\u012bba | M\u0113s un m\u016bsu kontaktinform\u0101cija<\/title>\n<meta name=\"description\" content=\"Iepaz\u012bsties ar Latvie\u0161u - d\u0101\u0146u biedr\u012bbas p\u0101rst\u0101vjiem, un, ja v\u0113lies mums, ko teikt, dro\u0161i sazinies, izmantojot nor\u0101d\u012bto kontaktinform\u0101ciju.\" \/>\n<meta name=\"robots\" content=\"index, follow, max-snippet:-1, max-image-preview:large, max-video-preview:-1\" \/>\n<link rel=\"canonical\" href=\"https:\/\/www.latviesudanubiedriba.dk\/dk\/komanda\/\" \/>\n<meta property=\"og:locale\" content=\"da_DK\" \/>\n<meta property=\"og:type\" content=\"article\" \/>\n<meta property=\"og:title\" content=\"Komanda - Latvie\u0161u - d\u0101\u0146u biedr\u012bba Latvie\u0161u - d\u0101\u0146u biedr\u012bba | M\u0113s un m\u016bsu kontaktinform\u0101cija\" \/>\n<meta property=\"og:description\" content=\"Iepaz\u012bsties ar Latvie\u0161u - d\u0101\u0146u biedr\u012bbas p\u0101rst\u0101vjiem, un, ja v\u0113lies mums, ko teikt, dro\u0161i sazinies, izmantojot nor\u0101d\u012bto kontaktinform\u0101ciju.\" \/>\n<meta property=\"og:url\" content=\"https:\/\/www.latviesudanubiedriba.dk\/dk\/komanda\/\" \/>\n<meta property=\"og:site_name\" content=\"Latvie\u0161u - d\u0101\u0146u biedr\u012bba\" \/>\n<meta property=\"article:modified_time\" content=\"2026-03-03T14:03:30+00:00\" \/>\n<meta name=\"twitter:card\" content=\"summary_large_image\" \/>\n<meta name=\"twitter:label1\" content=\"Estimeret l\u00e6setid\" \/>\n\t<meta name=\"twitter:data1\" content=\"1 minut\" \/>\n<script type=\"application\/ld+json\" class=\"yoast-schema-graph\">{\"@context\":\"https:\\\/\\\/schema.org\",\"@graph\":[{\"@type\":\"WebPage\",\"@id\":\"https:\\\/\\\/www.latviesudanubiedriba.dk\\\/komanda\\\/\",\"url\":\"https:\\\/\\\/www.latviesudanubiedriba.dk\\\/komanda\\\/\",\"name\":\"Komanda - Latvie\u0161u - d\u0101\u0146u biedr\u012bba Latvie\u0161u - d\u0101\u0146u biedr\u012bba | M\u0113s un m\u016bsu kontaktinform\u0101cija\",\"isPartOf\":{\"@id\":\"https:\\\/\\\/www.latviesudanubiedriba.dk\\\/#website\"},\"datePublished\":\"2020-01-27T12:03:17+00:00\",\"dateModified\":\"2026-03-03T14:03:30+00:00\",\"description\":\"Iepaz\u012bsties ar Latvie\u0161u - d\u0101\u0146u biedr\u012bbas p\u0101rst\u0101vjiem, un, ja v\u0113lies mums, ko teikt, dro\u0161i sazinies, izmantojot nor\u0101d\u012bto kontaktinform\u0101ciju.\",\"breadcrumb\":{\"@id\":\"https:\\\/\\\/www.latviesudanubiedriba.dk\\\/komanda\\\/#breadcrumb\"},\"inLanguage\":\"da-DK\",\"potentialAction\":[{\"@type\":\"ReadAction\",\"target\":[\"https:\\\/\\\/www.latviesudanubiedriba.dk\\\/komanda\\\/\"]}]},{\"@type\":\"BreadcrumbList\",\"@id\":\"https:\\\/\\\/www.latviesudanubiedriba.dk\\\/komanda\\\/#breadcrumb\",\"itemListElement\":[{\"@type\":\"ListItem\",\"position\":1,\"name\":\"Home\",\"item\":\"https:\\\/\\\/www.latviesudanubiedriba.dk\\\/\"},{\"@type\":\"ListItem\",\"position\":2,\"name\":\"Komanda\"}]},{\"@type\":\"WebSite\",\"@id\":\"https:\\\/\\\/www.latviesudanubiedriba.dk\\\/#website\",\"url\":\"https:\\\/\\\/www.latviesudanubiedriba.dk\\\/\",\"name\":\"Latvie\u0161u - d\u0101\u0146u biedr\u012bba\",\"description\":\"LDB\",\"potentialAction\":[{\"@type\":\"SearchAction\",\"target\":{\"@type\":\"EntryPoint\",\"urlTemplate\":\"https:\\\/\\\/www.latviesudanubiedriba.dk\\\/?s={search_term_string}\"},\"query-input\":{\"@type\":\"PropertyValueSpecification\",\"valueRequired\":true,\"valueName\":\"search_term_string\"}}],\"inLanguage\":\"da-DK\"}]}<\/script>\n<!-- \/ Yoast SEO plugin. -->","yoast_head_json":{"title":"Komanda - Latvie\u0161u - d\u0101\u0146u biedr\u012bba Latvie\u0161u - d\u0101\u0146u biedr\u012bba | M\u0113s un m\u016bsu kontaktinform\u0101cija","description":"Iepaz\u012bsties ar Latvie\u0161u - d\u0101\u0146u biedr\u012bbas p\u0101rst\u0101vjiem, un, ja v\u0113lies mums, ko teikt, dro\u0161i sazinies, izmantojot nor\u0101d\u012bto kontaktinform\u0101ciju.","robots":{"index":"index","follow":"follow","max-snippet":"max-snippet:-1","max-image-preview":"max-image-preview:large","max-video-preview":"max-video-preview:-1"},"canonical":"https:\/\/www.latviesudanubiedriba.dk\/dk\/komanda\/","og_locale":"da_DK","og_type":"article","og_title":"Komanda - Latvie\u0161u - d\u0101\u0146u biedr\u012bba Latvie\u0161u - d\u0101\u0146u biedr\u012bba | M\u0113s un m\u016bsu kontaktinform\u0101cija","og_description":"Iepaz\u012bsties ar Latvie\u0161u - d\u0101\u0146u biedr\u012bbas p\u0101rst\u0101vjiem, un, ja v\u0113lies mums, ko teikt, dro\u0161i sazinies, izmantojot nor\u0101d\u012bto kontaktinform\u0101ciju.","og_url":"https:\/\/www.latviesudanubiedriba.dk\/dk\/komanda\/","og_site_name":"Latvie\u0161u - d\u0101\u0146u biedr\u012bba","article_modified_time":"2026-03-03T14:03:30+00:00","twitter_card":"summary_large_image","twitter_misc":{"Estimeret l\u00e6setid":"1 minut"},"schema":{"@context":"https:\/\/schema.org","@graph":[{"@type":"WebPage","@id":"https:\/\/www.latviesudanubiedriba.dk\/komanda\/","url":"https:\/\/www.latviesudanubiedriba.dk\/komanda\/","name":"Komanda - Latvie\u0161u - d\u0101\u0146u biedr\u012bba Latvie\u0161u - d\u0101\u0146u biedr\u012bba | M\u0113s un m\u016bsu kontaktinform\u0101cija","isPartOf":{"@id":"https:\/\/www.latviesudanubiedriba.dk\/#website"},"datePublished":"2020-01-27T12:03:17+00:00","dateModified":"2026-03-03T14:03:30+00:00","description":"Iepaz\u012bsties ar Latvie\u0161u - d\u0101\u0146u biedr\u012bbas p\u0101rst\u0101vjiem, un, ja v\u0113lies mums, ko teikt, dro\u0161i sazinies, izmantojot nor\u0101d\u012bto kontaktinform\u0101ciju.","breadcrumb":{"@id":"https:\/\/www.latviesudanubiedriba.dk\/komanda\/#breadcrumb"},"inLanguage":"da-DK","potentialAction":[{"@type":"ReadAction","target":["https:\/\/www.latviesudanubiedriba.dk\/komanda\/"]}]},{"@type":"BreadcrumbList","@id":"https:\/\/www.latviesudanubiedriba.dk\/komanda\/#breadcrumb","itemListElement":[{"@type":"ListItem","position":1,"name":"Home","item":"https:\/\/www.latviesudanubiedriba.dk\/"},{"@type":"ListItem","position":2,"name":"Komanda"}]},{"@type":"WebSite","@id":"https:\/\/www.latviesudanubiedriba.dk\/#website","url":"https:\/\/www.latviesudanubiedriba.dk\/","name":"Latvie\u0161u - d\u0101\u0146u biedr\u012bba","description":"LDB","potentialAction":[{"@type":"SearchAction","target":{"@type":"EntryPoint","urlTemplate":"https:\/\/www.latviesudanubiedriba.dk\/?s={search_term_string}"},"query-input":{"@type":"PropertyValueSpecification","valueRequired":true,"valueName":"search_term_string"}}],"inLanguage":"da-DK"}]}},"_links":{"self":[{"href":"https:\/\/www.latviesudanubiedriba.dk\/dk\/wp-json\/wp\/v2\/pages\/136","targetHints":{"allow":["GET"]}}],"collection":[{"href":"https:\/\/www.latviesudanubiedriba.dk\/dk\/wp-json\/wp\/v2\/pages"}],"about":[{"href":"https:\/\/www.latviesudanubiedriba.dk\/dk\/wp-json\/wp\/v2\/types\/page"}],"author":[{"embeddable":true,"href":"https:\/\/www.latviesudanubiedriba.dk\/dk\/wp-json\/wp\/v2\/users\/1"}],"replies":[{"embeddable":true,"href":"https:\/\/www.latviesudanubiedriba.dk\/dk\/wp-json\/wp\/v2\/comments?post=136"}],"version-history":[{"count":123,"href":"https:\/\/www.latviesudanubiedriba.dk\/dk\/wp-json\/wp\/v2\/pages\/136\/revisions"}],"predecessor-version":[{"id":2359,"href":"https:\/\/www.latviesudanubiedriba.dk\/dk\/wp-json\/wp\/v2\/pages\/136\/revisions\/2359"}],"wp:attachment":[{"href":"https:\/\/www.latviesudanubiedriba.dk\/dk\/wp-json\/wp\/v2\/media?parent=136"}],"curies":[{"name":"wp","href":"https:\/\/api.w.org\/{rel}","templated":true}]}}