{"id":375,"date":"2020-02-11T12:53:19","date_gmt":"2020-02-11T12:53:19","guid":{"rendered":"http:\/\/www.latviesudanubiedriba.dk\/?page_id=375"},"modified":"2024-08-22T09:23:29","modified_gmt":"2024-08-22T08:23:29","slug":"ko-mes-daram","status":"publish","type":"page","link":"https:\/\/www.latviesudanubiedriba.dk\/dk\/ko-mes-daram\/","title":{"rendered":"Hvad laver vi"},"content":{"rendered":"<div data-elementor-type=\"wp-page\" data-elementor-id=\"375\" class=\"elementor elementor-375\">\n\t\t\t\t\t\t<section class=\"elementor-section elementor-top-section elementor-element elementor-element-2caafb07 elementor-section-boxed elementor-section-height-default elementor-section-height-default\" data-id=\"2caafb07\" data-element_type=\"section\" data-e-type=\"section\" data-settings=\"{&quot;background_background&quot;:&quot;classic&quot;,&quot;shape_divider_bottom&quot;:&quot;curve&quot;,&quot;shape_divider_bottom_negative&quot;:&quot;yes&quot;}\">\n\t\t\t\t\t\t\t<div class=\"elementor-background-overlay\"><\/div>\n\t\t\t\t\t\t<div class=\"elementor-shape elementor-shape-bottom\" aria-hidden=\"true\" data-negative=\"true\">\n\t\t\t<svg xmlns=\"http:\/\/www.w3.org\/2000\/svg\" viewbox=\"0 0 1000 100\" preserveaspectratio=\"none\">\n\t<path class=\"elementor-shape-fill\" d=\"M500,97C126.7,96.3,0.8,19.8,0,0v100l1000,0V1C1000,19.4,873.3,97.8,500,97z\"\/>\n<\/svg>\t\t<\/div>\n\t\t\t\t\t<div class=\"elementor-container elementor-column-gap-default\">\n\t\t\t\t\t<div class=\"elementor-column elementor-col-100 elementor-top-column elementor-element elementor-element-4923a0df\" data-id=\"4923a0df\" data-element_type=\"column\" data-e-type=\"column\">\n\t\t\t<div class=\"elementor-widget-wrap elementor-element-populated\">\n\t\t\t\t\t\t<div class=\"elementor-element elementor-element-15fe3de0 animated-slow elementor-invisible elementor-widget elementor-widget-heading\" data-id=\"15fe3de0\" data-element_type=\"widget\" data-e-type=\"widget\" data-settings=\"{&quot;_animation&quot;:&quot;zoomIn&quot;}\" data-widget_type=\"heading.default\">\n\t\t\t\t<div class=\"elementor-widget-container\">\n\t\t\t\t\t<h1 class=\"elementor-heading-title elementor-size-default\">Hvad laver vi<\/h1>\t\t\t\t<\/div>\n\t\t\t\t<\/div>\n\t\t\t\t<div class=\"elementor-element elementor-element-da59b79 elementor-widget-divider--view-line elementor-widget elementor-widget-divider\" data-id=\"da59b79\" data-element_type=\"widget\" data-e-type=\"widget\" data-widget_type=\"divider.default\">\n\t\t\t\t<div class=\"elementor-widget-container\">\n\t\t\t\t\t\t\t<div class=\"elementor-divider\">\n\t\t\t<span class=\"elementor-divider-separator\">\n\t\t\t\t\t\t<\/span>\n\t\t<\/div>\n\t\t\t\t\t\t<\/div>\n\t\t\t\t<\/div>\n\t\t\t\t<div class=\"elementor-element elementor-element-15f6d74a animated-slow elementor-invisible elementor-widget elementor-widget-text-editor\" data-id=\"15f6d74a\" data-element_type=\"widget\" data-e-type=\"widget\" data-settings=\"{&quot;_animation&quot;:&quot;zoomIn&quot;}\" data-widget_type=\"text-editor.default\">\n\t\t\t\t<div class=\"elementor-widget-container\">\n\t\t\t\t\t\t\t\t\t<p>M\u016bs vieno kop\u012bgas intereses un aktivit\u0101tes. Iepaz\u012bsties ar iesp\u0113j\u0101m rado\u0161i un interesanti izpausties latvisk\u0101 vid\u0113.<\/p>\t\t\t\t\t\t\t\t<\/div>\n\t\t\t\t<\/div>\n\t\t\t\t\t<\/div>\n\t\t<\/div>\n\t\t\t\t\t<\/div>\n\t\t<\/section>\n\t\t\t\t<section class=\"elementor-section elementor-top-section elementor-element elementor-element-47f7a659 elementor-section-boxed elementor-section-height-default elementor-section-height-default\" data-id=\"47f7a659\" data-element_type=\"section\" data-e-type=\"section\">\n\t\t\t\t\t\t<div class=\"elementor-container elementor-column-gap-no\">\n\t\t\t\t\t<div class=\"elementor-column elementor-col-33 elementor-top-column elementor-element elementor-element-23b520cb\" data-id=\"23b520cb\" data-element_type=\"column\" data-e-type=\"column\" data-settings=\"{&quot;background_background&quot;:&quot;classic&quot;}\">\n\t\t\t<div class=\"elementor-widget-wrap elementor-element-populated\">\n\t\t\t\t\t\t<div class=\"elementor-element elementor-element-43d54166 elementor-widget elementor-widget-image\" data-id=\"43d54166\" data-element_type=\"widget\" data-e-type=\"widget\" data-widget_type=\"image.default\">\n\t\t\t\t<div class=\"elementor-widget-container\">\n\t\t\t\t\t\t\t\t\t\t\t\t\t\t\t\t<a href=\"https:\/\/www.latviesudanubiedriba.dk\/dk\/mazputnins\/\">\n\t\t\t\t\t\t\t<img decoding=\"async\" src=\"https:\/\/www.latviesudanubiedriba.dk\/wp-content\/uploads\/elementor\/thumbs\/skola-bg-1-q15ct3b6vgmuqccz3x54p6tnc2p12izxff391bndbg.jpg\" title=\"skola-bg\" alt=\"B\u0113rni s\u0113\u017e apl\u012b pastal\u0101s\" class=\"elementor-animation-shrink\" loading=\"lazy\" \/>\t\t\t\t\t\t\t\t<\/a>\n\t\t\t\t\t\t\t\t\t\t\t\t\t\t\t<\/div>\n\t\t\t\t<\/div>\n\t\t\t\t<div class=\"elementor-element elementor-element-99e79b8 elementor-widget elementor-widget-heading\" data-id=\"99e79b8\" data-element_type=\"widget\" data-e-type=\"widget\" data-settings=\"{&quot;_animation&quot;:&quot;none&quot;}\" data-widget_type=\"heading.default\">\n\t\t\t\t<div class=\"elementor-widget-container\">\n\t\t\t\t\t<h3 class=\"elementor-heading-title elementor-size-large\"><a href=\"https:\/\/www.latviesudanubiedriba.dk\/dk\/mazputnins\/\">Skola \"Mazputni\u0146\u0161\"<\/a><\/h3>\t\t\t\t<\/div>\n\t\t\t\t<\/div>\n\t\t\t\t<div class=\"elementor-element elementor-element-75e5b229 elementor-widget elementor-widget-text-editor\" data-id=\"75e5b229\" data-element_type=\"widget\" data-e-type=\"widget\" data-widget_type=\"text-editor.default\">\n\t\t\t\t<div class=\"elementor-widget-container\">\n\t\t\t\t\t\t\t\t\t<p>&#8221;Mazputni\u0146\u0161&#8221; ir ned\u0113\u013cas nogales skoli\u0146a, kas darbojas Latvie\u0161u &#8211; d\u0101\u0146u biedr\u012bbas Jitland\u0113 pasp\u0101rn\u0113.<\/p>\t\t\t\t\t\t\t\t<\/div>\n\t\t\t\t<\/div>\n\t\t\t\t\t<\/div>\n\t\t<\/div>\n\t\t\t\t<div class=\"elementor-column elementor-col-33 elementor-top-column elementor-element elementor-element-2b5f8612\" data-id=\"2b5f8612\" data-element_type=\"column\" data-e-type=\"column\" data-settings=\"{&quot;background_background&quot;:&quot;classic&quot;}\">\n\t\t\t<div class=\"elementor-widget-wrap elementor-element-populated\">\n\t\t\t\t\t\t<div class=\"elementor-element elementor-element-10c1ec0b elementor-widget elementor-widget-image\" data-id=\"10c1ec0b\" data-element_type=\"widget\" data-e-type=\"widget\" data-widget_type=\"image.default\">\n\t\t\t\t<div class=\"elementor-widget-container\">\n\t\t\t\t\t\t\t\t\t\t\t\t\t\t\t\t<a href=\"https:\/\/www.latviesudanubiedriba.dk\/dk\/rietumvejs\/\">\n\t\t\t\t\t\t\t<img decoding=\"async\" src=\"https:\/\/www.latviesudanubiedriba.dk\/wp-content\/uploads\/elementor\/thumbs\/2023_07_02_Rietumvejs_Dzsv-gajiens-qsye8zpcp03spm5gkorh6yrwsg12cu8c7c2gfwzi24.jpeg\" title=\"2023_07_02_Rietumv\u0113j\u0161_Dzsv g\u0101jiens\" alt=\"2023_07_02_Rietumv\u0113j\u0161_Dzsv g\u0101jiens\" class=\"elementor-animation-shrink\" loading=\"lazy\" \/>\t\t\t\t\t\t\t\t<\/a>\n\t\t\t\t\t\t\t\t\t\t\t\t\t\t\t<\/div>\n\t\t\t\t<\/div>\n\t\t\t\t<div class=\"elementor-element elementor-element-6f239161 elementor-widget elementor-widget-heading\" data-id=\"6f239161\" data-element_type=\"widget\" data-e-type=\"widget\" data-settings=\"{&quot;_animation&quot;:&quot;none&quot;}\" data-widget_type=\"heading.default\">\n\t\t\t\t<div class=\"elementor-widget-container\">\n\t\t\t\t\t<h3 class=\"elementor-heading-title elementor-size-large\"><a href=\"https:\/\/www.latviesudanubiedriba.dk\/dk\/rietumvejs\/\">Koris \"Rietumv\u0113j\u0161\"<\/a><\/h3>\t\t\t\t<\/div>\n\t\t\t\t<\/div>\n\t\t\t\t<div class=\"elementor-element elementor-element-5486ed40 elementor-widget elementor-widget-text-editor\" data-id=\"5486ed40\" data-element_type=\"widget\" data-e-type=\"widget\" data-widget_type=\"text-editor.default\">\n\t\t\t\t<div class=\"elementor-widget-container\">\n\t\t\t\t\t\t\t\t\t<p>Koris \u201cRietumv\u0113j\u0161\u201d aizs\u0101k\u0101s 2010. gada 21. apr\u012bl\u012b k\u0101 meite\u0146u ansamblis. Gadiem ejot, koris ir izaudzis par jaukto kori ar apm. 20-25 dzied\u0101t\u0101jiem.<\/p>\t\t\t\t\t\t\t\t<\/div>\n\t\t\t\t<\/div>\n\t\t\t\t\t<\/div>\n\t\t<\/div>\n\t\t\t\t<div class=\"elementor-column elementor-col-33 elementor-top-column elementor-element elementor-element-53723ade\" data-id=\"53723ade\" data-element_type=\"column\" data-e-type=\"column\" data-settings=\"{&quot;background_background&quot;:&quot;classic&quot;}\">\n\t\t\t<div class=\"elementor-widget-wrap elementor-element-populated\">\n\t\t\t\t\t\t<div class=\"elementor-element elementor-element-b73c56e elementor-widget elementor-widget-image\" data-id=\"b73c56e\" data-element_type=\"widget\" data-e-type=\"widget\" data-widget_type=\"image.default\">\n\t\t\t\t<div class=\"elementor-widget-container\">\n\t\t\t\t\t\t\t\t\t\t\t\t\t\t\t\t<a href=\"https:\/\/www.latviesudanubiedriba.dk\/dk\/latviesi-sporto\/\">\n\t\t\t\t\t\t\t<img decoding=\"async\" src=\"https:\/\/www.latviesudanubiedriba.dk\/wp-content\/uploads\/elementor\/thumbs\/Ziemelblazma1-qsye717ggffaiuzv0caghykc8jojbjggxn51g5w10s.jpg\" title=\"Ziemelblazma1\" alt=\"Ziemelblazma1\" class=\"elementor-animation-shrink\" loading=\"lazy\" \/>\t\t\t\t\t\t\t\t<\/a>\n\t\t\t\t\t\t\t\t\t\t\t\t\t\t\t<\/div>\n\t\t\t\t<\/div>\n\t\t\t\t<div class=\"elementor-element elementor-element-60a720ea elementor-widget elementor-widget-heading\" data-id=\"60a720ea\" data-element_type=\"widget\" data-e-type=\"widget\" data-widget_type=\"heading.default\">\n\t\t\t\t<div class=\"elementor-widget-container\">\n\t\t\t\t\t<h3 class=\"elementor-heading-title elementor-size-large\"><a href=\"https:\/\/www.latviesudanubiedriba.dk\/dk\/ziemelblazma\/\">TDK \"Zieme\u013cbl\u0101zma\"<\/a><\/h3>\t\t\t\t<\/div>\n\t\t\t\t<\/div>\n\t\t\t\t<div class=\"elementor-element elementor-element-6cf06f22 elementor-widget elementor-widget-text-editor\" data-id=\"6cf06f22\" data-element_type=\"widget\" data-e-type=\"widget\" data-widget_type=\"text-editor.default\">\n\t\t\t\t<div class=\"elementor-widget-container\">\n\t\t\t\t\t\t\t\t\t<p>Ja esi ener\u0123isks, kust\u012bgs un v\u0113lies pavad\u012bt savu br\u012bvo laiku aizraujo\u0161\u0101 komp\u0101nij\u0101, aicin\u0101m pievienoties m\u016bsu deju kopai!<\/p>\t\t\t\t\t\t\t\t<\/div>\n\t\t\t\t<\/div>\n\t\t\t\t\t<\/div>\n\t\t<\/div>\n\t\t\t\t\t<\/div>\n\t\t<\/section>\n\t\t\t\t<section class=\"elementor-section elementor-top-section elementor-element elementor-element-877a601 elementor-section-boxed elementor-section-height-default elementor-section-height-default\" data-id=\"877a601\" data-element_type=\"section\" data-e-type=\"section\">\n\t\t\t\t\t\t<div class=\"elementor-container elementor-column-gap-no\">\n\t\t\t\t\t<div class=\"elementor-column elementor-col-33 elementor-top-column elementor-element elementor-element-c560b5e\" data-id=\"c560b5e\" data-element_type=\"column\" data-e-type=\"column\" data-settings=\"{&quot;background_background&quot;:&quot;classic&quot;}\">\n\t\t\t<div class=\"elementor-widget-wrap elementor-element-populated\">\n\t\t\t\t\t\t<div class=\"elementor-element elementor-element-f5ecc28 elementor-widget elementor-widget-image\" data-id=\"f5ecc28\" data-element_type=\"widget\" data-e-type=\"widget\" data-widget_type=\"image.default\">\n\t\t\t\t<div class=\"elementor-widget-container\">\n\t\t\t\t\t\t\t\t\t\t\t\t\t\t\t\t<a href=\"https:\/\/www.latviesudanubiedriba.dk\/dk\/pupols\/\">\n\t\t\t\t\t\t\t<img decoding=\"async\" src=\"https:\/\/www.latviesudanubiedriba.dk\/wp-content\/uploads\/elementor\/thumbs\/Pupols-qsyhcnx2nez61txvhgitxaadhflxuakb82a60deoto.jpg\" title=\"Pupols\" alt=\"Pupols\" class=\"elementor-animation-shrink\" loading=\"lazy\" \/>\t\t\t\t\t\t\t\t<\/a>\n\t\t\t\t\t\t\t\t\t\t\t\t\t\t\t<\/div>\n\t\t\t\t<\/div>\n\t\t\t\t<div class=\"elementor-element elementor-element-3ebfba1 elementor-widget elementor-widget-heading\" data-id=\"3ebfba1\" data-element_type=\"widget\" data-e-type=\"widget\" data-widget_type=\"heading.default\">\n\t\t\t\t<div class=\"elementor-widget-container\">\n\t\t\t\t\t<h3 class=\"elementor-heading-title elementor-size-large\"><a href=\"https:\/\/www.latviesudanubiedriba.dk\/dk\/pupols\/\">Te\u0101tris \"P\u016bpols\"<\/a><\/h3>\t\t\t\t<\/div>\n\t\t\t\t<\/div>\n\t\t\t\t<div class=\"elementor-element elementor-element-6aee574 elementor-widget elementor-widget-text-editor\" data-id=\"6aee574\" data-element_type=\"widget\" data-e-type=\"widget\" data-widget_type=\"text-editor.default\">\n\t\t\t\t<div class=\"elementor-widget-container\">\n\t\t\t\t\t\t\t\t\t<p>Latvie\u0161u \u2013 d\u0101\u0146u biedr\u012bbas amatierte\u0101tris P\u016bpols dibin\u0101ts 2019. gada 14. apr\u012bl\u012b, P\u016bpolsv\u0113tdien\u0101<\/p>\t\t\t\t\t\t\t\t<\/div>\n\t\t\t\t<\/div>\n\t\t\t\t\t<\/div>\n\t\t<\/div>\n\t\t\t\t<div class=\"elementor-column elementor-col-33 elementor-top-column elementor-element elementor-element-40b3346\" data-id=\"40b3346\" data-element_type=\"column\" data-e-type=\"column\" data-settings=\"{&quot;background_background&quot;:&quot;classic&quot;}\">\n\t\t\t<div class=\"elementor-widget-wrap elementor-element-populated\">\n\t\t\t\t\t\t\t<\/div>\n\t\t<\/div>\n\t\t\t\t<div class=\"elementor-column elementor-col-33 elementor-top-column elementor-element elementor-element-837b89a\" data-id=\"837b89a\" data-element_type=\"column\" data-e-type=\"column\" data-settings=\"{&quot;background_background&quot;:&quot;classic&quot;}\">\n\t\t\t<div class=\"elementor-widget-wrap elementor-element-populated\">\n\t\t\t\t\t\t<div class=\"elementor-element elementor-element-cc88de4 elementor-widget elementor-widget-image\" data-id=\"cc88de4\" data-element_type=\"widget\" data-e-type=\"widget\" data-widget_type=\"image.default\">\n\t\t\t\t<div class=\"elementor-widget-container\">\n\t\t\t\t\t\t\t\t\t\t\t\t\t\t\t<img decoding=\"async\" src=\"https:\/\/www.latviesudanubiedriba.dk\/wp-content\/uploads\/elementor\/thumbs\/23845900_1624404714288921_465150539428979727_o-q15csdxjqxo40vdu8467bv87ao64ap76bxh52uozzg.jpg\" title=\"balle\" alt=\"Cilv\u0113ki ball\u0113 s\u0113\u017e pie galdiem\" loading=\"lazy\" \/>\t\t\t\t\t\t\t\t\t\t\t\t\t\t\t<\/div>\n\t\t\t\t<\/div>\n\t\t\t\t<div class=\"elementor-element elementor-element-25a71ad elementor-widget elementor-widget-heading\" data-id=\"25a71ad\" data-element_type=\"widget\" data-e-type=\"widget\" data-widget_type=\"heading.default\">\n\t\t\t\t<div class=\"elementor-widget-container\">\n\t\t\t\t\t<h3 class=\"elementor-heading-title elementor-size-large\">Pas\u0101kumi<\/h3>\t\t\t\t<\/div>\n\t\t\t\t<\/div>\n\t\t\t\t<div class=\"elementor-element elementor-element-1baa4de elementor-widget elementor-widget-text-editor\" data-id=\"1baa4de\" data-element_type=\"widget\" data-e-type=\"widget\" data-widget_type=\"text-editor.default\">\n\t\t\t\t<div class=\"elementor-widget-container\">\n\t\t\t\t\t\t\t\t\t<p>Visa gada garum\u0101 tiek r\u012bkoti da\u017e\u0101da veida pas\u0101kumi: koncerti, balles, nometnes, sporta pas\u0101kumi u.c.<\/p>\t\t\t\t\t\t\t\t<\/div>\n\t\t\t\t<\/div>\n\t\t\t\t\t<\/div>\n\t\t<\/div>\n\t\t\t\t\t<\/div>\n\t\t<\/section>\n\t\t\t\t<\/div>","protected":false},"excerpt":{"rendered":"<p>Ko m\u0113s dar\u0101m M\u016bs vieno kop\u012bgas intereses un aktivit\u0101tes. Iepaz\u012bsties ar iesp\u0113j\u0101m rado\u0161i un interesanti izpausties latvisk\u0101 vid\u0113. Skola &#8220;Mazputni\u0146\u0161&#8221; &#8221;Mazputni\u0146\u0161&#8221; ir ned\u0113\u013cas nogales skoli\u0146a, kas darbojas Latvie\u0161u &#8211; d\u0101\u0146u biedr\u012bbas Jitland\u0113 pasp\u0101rn\u0113. Koris &#8220;Rietumv\u0113j\u0161&#8221; Koris \u201cRietumv\u0113j\u0161\u201d aizs\u0101k\u0101s 2010. gada 21. apr\u012bl\u012b k\u0101 meite\u0146u ansamblis. Gadiem ejot, koris ir izaudzis par jaukto kori ar apm. [&hellip;]<\/p>\n","protected":false},"author":1,"featured_media":0,"parent":0,"menu_order":0,"comment_status":"closed","ping_status":"closed","template":"elementor_header_footer","meta":{"footnotes":""},"class_list":["post-375","page","type-page","status-publish","hentry"],"yoast_head":"<!-- This site is optimized with the Yoast SEO plugin v27.5 - https:\/\/yoast.com\/product\/yoast-seo-wordpress\/ -->\n<title>Ko m\u0113s dar\u0101m - Latvie\u0161u - d\u0101\u0146u biedr\u012bba Latvie\u0161u - d\u0101\u0146u biedr\u012bba | Aktivit\u0101tes un pas\u0101kumi<\/title>\n<meta name=\"description\" content=\"Latvie\u0161u - d\u0101\u0146u biedr\u012bba t\u0101s biedriem pied\u0101v\u0101 bezmaksas skoli\u0146u b\u0113rniem, kop\u012bgas fizisk\u0101s aktivit\u0101tes, ir iesp\u0113ja, sp\u0113l\u0113t hokeju, te\u0101tri,dzied\u0101t kor\u012b.\" \/>\n<meta name=\"robots\" content=\"index, follow, max-snippet:-1, max-image-preview:large, max-video-preview:-1\" \/>\n<link rel=\"canonical\" href=\"https:\/\/www.latviesudanubiedriba.dk\/dk\/ko-mes-daram\/\" \/>\n<meta property=\"og:locale\" content=\"da_DK\" \/>\n<meta property=\"og:type\" content=\"article\" \/>\n<meta property=\"og:title\" content=\"Ko m\u0113s dar\u0101m - Latvie\u0161u - d\u0101\u0146u biedr\u012bba Latvie\u0161u - d\u0101\u0146u biedr\u012bba | Aktivit\u0101tes un pas\u0101kumi\" \/>\n<meta property=\"og:description\" content=\"Latvie\u0161u - d\u0101\u0146u biedr\u012bba t\u0101s biedriem pied\u0101v\u0101 bezmaksas skoli\u0146u b\u0113rniem, kop\u012bgas fizisk\u0101s aktivit\u0101tes, ir iesp\u0113ja, sp\u0113l\u0113t hokeju, te\u0101tri,dzied\u0101t kor\u012b.\" \/>\n<meta property=\"og:url\" content=\"https:\/\/www.latviesudanubiedriba.dk\/dk\/ko-mes-daram\/\" \/>\n<meta property=\"og:site_name\" content=\"Latvie\u0161u - d\u0101\u0146u biedr\u012bba\" \/>\n<meta property=\"article:modified_time\" content=\"2024-08-22T08:23:29+00:00\" \/>\n<meta property=\"og:image\" content=\"https:\/\/www.latviesudanubiedriba.dk\/wp-content\/uploads\/elementor\/thumbs\/skola-bg-1-q15ct3b6vgmuqccz3x54p6tnc2p12izxff391bndbg.jpg\" \/>\n<meta name=\"twitter:card\" content=\"summary_large_image\" \/>\n<meta name=\"twitter:label1\" content=\"Estimeret l\u00e6setid\" \/>\n\t<meta name=\"twitter:data1\" content=\"2 minutter\" \/>\n<script type=\"application\/ld+json\" class=\"yoast-schema-graph\">{\"@context\":\"https:\\\/\\\/schema.org\",\"@graph\":[{\"@type\":\"WebPage\",\"@id\":\"https:\\\/\\\/www.latviesudanubiedriba.dk\\\/ko-mes-daram\\\/\",\"url\":\"https:\\\/\\\/www.latviesudanubiedriba.dk\\\/ko-mes-daram\\\/\",\"name\":\"Ko m\u0113s dar\u0101m - Latvie\u0161u - d\u0101\u0146u biedr\u012bba Latvie\u0161u - d\u0101\u0146u biedr\u012bba | Aktivit\u0101tes un pas\u0101kumi\",\"isPartOf\":{\"@id\":\"https:\\\/\\\/www.latviesudanubiedriba.dk\\\/#website\"},\"primaryImageOfPage\":{\"@id\":\"https:\\\/\\\/www.latviesudanubiedriba.dk\\\/ko-mes-daram\\\/#primaryimage\"},\"image\":{\"@id\":\"https:\\\/\\\/www.latviesudanubiedriba.dk\\\/ko-mes-daram\\\/#primaryimage\"},\"thumbnailUrl\":\"https:\\\/\\\/www.latviesudanubiedriba.dk\\\/wp-content\\\/uploads\\\/elementor\\\/thumbs\\\/skola-bg-1-q15ct3b6vgmuqccz3x54p6tnc2p12izxff391bndbg.jpg\",\"datePublished\":\"2020-02-11T12:53:19+00:00\",\"dateModified\":\"2024-08-22T08:23:29+00:00\",\"description\":\"Latvie\u0161u - d\u0101\u0146u biedr\u012bba t\u0101s biedriem pied\u0101v\u0101 bezmaksas skoli\u0146u b\u0113rniem, kop\u012bgas fizisk\u0101s aktivit\u0101tes, ir iesp\u0113ja, sp\u0113l\u0113t hokeju, te\u0101tri,dzied\u0101t kor\u012b.\",\"breadcrumb\":{\"@id\":\"https:\\\/\\\/www.latviesudanubiedriba.dk\\\/ko-mes-daram\\\/#breadcrumb\"},\"inLanguage\":\"da-DK\",\"potentialAction\":[{\"@type\":\"ReadAction\",\"target\":[\"https:\\\/\\\/www.latviesudanubiedriba.dk\\\/ko-mes-daram\\\/\"]}]},{\"@type\":\"ImageObject\",\"inLanguage\":\"da-DK\",\"@id\":\"https:\\\/\\\/www.latviesudanubiedriba.dk\\\/ko-mes-daram\\\/#primaryimage\",\"url\":\"https:\\\/\\\/www.latviesudanubiedriba.dk\\\/wp-content\\\/uploads\\\/elementor\\\/thumbs\\\/skola-bg-1-q15ct3b6vgmuqccz3x54p6tnc2p12izxff391bndbg.jpg\",\"contentUrl\":\"https:\\\/\\\/www.latviesudanubiedriba.dk\\\/wp-content\\\/uploads\\\/elementor\\\/thumbs\\\/skola-bg-1-q15ct3b6vgmuqccz3x54p6tnc2p12izxff391bndbg.jpg\"},{\"@type\":\"BreadcrumbList\",\"@id\":\"https:\\\/\\\/www.latviesudanubiedriba.dk\\\/ko-mes-daram\\\/#breadcrumb\",\"itemListElement\":[{\"@type\":\"ListItem\",\"position\":1,\"name\":\"Home\",\"item\":\"https:\\\/\\\/www.latviesudanubiedriba.dk\\\/\"},{\"@type\":\"ListItem\",\"position\":2,\"name\":\"Ko m\u0113s dar\u0101m\"}]},{\"@type\":\"WebSite\",\"@id\":\"https:\\\/\\\/www.latviesudanubiedriba.dk\\\/#website\",\"url\":\"https:\\\/\\\/www.latviesudanubiedriba.dk\\\/\",\"name\":\"Latvie\u0161u - d\u0101\u0146u biedr\u012bba\",\"description\":\"LDB\",\"potentialAction\":[{\"@type\":\"SearchAction\",\"target\":{\"@type\":\"EntryPoint\",\"urlTemplate\":\"https:\\\/\\\/www.latviesudanubiedriba.dk\\\/?s={search_term_string}\"},\"query-input\":{\"@type\":\"PropertyValueSpecification\",\"valueRequired\":true,\"valueName\":\"search_term_string\"}}],\"inLanguage\":\"da-DK\"}]}<\/script>\n<!-- \/ Yoast SEO plugin. -->","yoast_head_json":{"title":"Ko m\u0113s dar\u0101m - Latvie\u0161u - d\u0101\u0146u biedr\u012bba Latvie\u0161u - d\u0101\u0146u biedr\u012bba | Aktivit\u0101tes un pas\u0101kumi","description":"Latvie\u0161u - d\u0101\u0146u biedr\u012bba t\u0101s biedriem pied\u0101v\u0101 bezmaksas skoli\u0146u b\u0113rniem, kop\u012bgas fizisk\u0101s aktivit\u0101tes, ir iesp\u0113ja, sp\u0113l\u0113t hokeju, te\u0101tri,dzied\u0101t kor\u012b.","robots":{"index":"index","follow":"follow","max-snippet":"max-snippet:-1","max-image-preview":"max-image-preview:large","max-video-preview":"max-video-preview:-1"},"canonical":"https:\/\/www.latviesudanubiedriba.dk\/dk\/ko-mes-daram\/","og_locale":"da_DK","og_type":"article","og_title":"Ko m\u0113s dar\u0101m - Latvie\u0161u - d\u0101\u0146u biedr\u012bba Latvie\u0161u - d\u0101\u0146u biedr\u012bba | Aktivit\u0101tes un pas\u0101kumi","og_description":"Latvie\u0161u - d\u0101\u0146u biedr\u012bba t\u0101s biedriem pied\u0101v\u0101 bezmaksas skoli\u0146u b\u0113rniem, kop\u012bgas fizisk\u0101s aktivit\u0101tes, ir iesp\u0113ja, sp\u0113l\u0113t hokeju, te\u0101tri,dzied\u0101t kor\u012b.","og_url":"https:\/\/www.latviesudanubiedriba.dk\/dk\/ko-mes-daram\/","og_site_name":"Latvie\u0161u - d\u0101\u0146u biedr\u012bba","article_modified_time":"2024-08-22T08:23:29+00:00","og_image":[{"url":"https:\/\/www.latviesudanubiedriba.dk\/wp-content\/uploads\/elementor\/thumbs\/skola-bg-1-q15ct3b6vgmuqccz3x54p6tnc2p12izxff391bndbg.jpg","type":"","width":"","height":""}],"twitter_card":"summary_large_image","twitter_misc":{"Estimeret l\u00e6setid":"2 minutter"},"schema":{"@context":"https:\/\/schema.org","@graph":[{"@type":"WebPage","@id":"https:\/\/www.latviesudanubiedriba.dk\/ko-mes-daram\/","url":"https:\/\/www.latviesudanubiedriba.dk\/ko-mes-daram\/","name":"Ko m\u0113s dar\u0101m - Latvie\u0161u - d\u0101\u0146u biedr\u012bba Latvie\u0161u - d\u0101\u0146u biedr\u012bba | Aktivit\u0101tes un pas\u0101kumi","isPartOf":{"@id":"https:\/\/www.latviesudanubiedriba.dk\/#website"},"primaryImageOfPage":{"@id":"https:\/\/www.latviesudanubiedriba.dk\/ko-mes-daram\/#primaryimage"},"image":{"@id":"https:\/\/www.latviesudanubiedriba.dk\/ko-mes-daram\/#primaryimage"},"thumbnailUrl":"https:\/\/www.latviesudanubiedriba.dk\/wp-content\/uploads\/elementor\/thumbs\/skola-bg-1-q15ct3b6vgmuqccz3x54p6tnc2p12izxff391bndbg.jpg","datePublished":"2020-02-11T12:53:19+00:00","dateModified":"2024-08-22T08:23:29+00:00","description":"Latvie\u0161u - d\u0101\u0146u biedr\u012bba t\u0101s biedriem pied\u0101v\u0101 bezmaksas skoli\u0146u b\u0113rniem, kop\u012bgas fizisk\u0101s aktivit\u0101tes, ir iesp\u0113ja, sp\u0113l\u0113t hokeju, te\u0101tri,dzied\u0101t kor\u012b.","breadcrumb":{"@id":"https:\/\/www.latviesudanubiedriba.dk\/ko-mes-daram\/#breadcrumb"},"inLanguage":"da-DK","potentialAction":[{"@type":"ReadAction","target":["https:\/\/www.latviesudanubiedriba.dk\/ko-mes-daram\/"]}]},{"@type":"ImageObject","inLanguage":"da-DK","@id":"https:\/\/www.latviesudanubiedriba.dk\/ko-mes-daram\/#primaryimage","url":"https:\/\/www.latviesudanubiedriba.dk\/wp-content\/uploads\/elementor\/thumbs\/skola-bg-1-q15ct3b6vgmuqccz3x54p6tnc2p12izxff391bndbg.jpg","contentUrl":"https:\/\/www.latviesudanubiedriba.dk\/wp-content\/uploads\/elementor\/thumbs\/skola-bg-1-q15ct3b6vgmuqccz3x54p6tnc2p12izxff391bndbg.jpg"},{"@type":"BreadcrumbList","@id":"https:\/\/www.latviesudanubiedriba.dk\/ko-mes-daram\/#breadcrumb","itemListElement":[{"@type":"ListItem","position":1,"name":"Home","item":"https:\/\/www.latviesudanubiedriba.dk\/"},{"@type":"ListItem","position":2,"name":"Ko m\u0113s dar\u0101m"}]},{"@type":"WebSite","@id":"https:\/\/www.latviesudanubiedriba.dk\/#website","url":"https:\/\/www.latviesudanubiedriba.dk\/","name":"Latvie\u0161u - d\u0101\u0146u biedr\u012bba","description":"LDB","potentialAction":[{"@type":"SearchAction","target":{"@type":"EntryPoint","urlTemplate":"https:\/\/www.latviesudanubiedriba.dk\/?s={search_term_string}"},"query-input":{"@type":"PropertyValueSpecification","valueRequired":true,"valueName":"search_term_string"}}],"inLanguage":"da-DK"}]}},"_links":{"self":[{"href":"https:\/\/www.latviesudanubiedriba.dk\/dk\/wp-json\/wp\/v2\/pages\/375","targetHints":{"allow":["GET"]}}],"collection":[{"href":"https:\/\/www.latviesudanubiedriba.dk\/dk\/wp-json\/wp\/v2\/pages"}],"about":[{"href":"https:\/\/www.latviesudanubiedriba.dk\/dk\/wp-json\/wp\/v2\/types\/page"}],"author":[{"embeddable":true,"href":"https:\/\/www.latviesudanubiedriba.dk\/dk\/wp-json\/wp\/v2\/users\/1"}],"replies":[{"embeddable":true,"href":"https:\/\/www.latviesudanubiedriba.dk\/dk\/wp-json\/wp\/v2\/comments?post=375"}],"version-history":[{"count":109,"href":"https:\/\/www.latviesudanubiedriba.dk\/dk\/wp-json\/wp\/v2\/pages\/375\/revisions"}],"predecessor-version":[{"id":2254,"href":"https:\/\/www.latviesudanubiedriba.dk\/dk\/wp-json\/wp\/v2\/pages\/375\/revisions\/2254"}],"wp:attachment":[{"href":"https:\/\/www.latviesudanubiedriba.dk\/dk\/wp-json\/wp\/v2\/media?parent=375"}],"curies":[{"name":"wp","href":"https:\/\/api.w.org\/{rel}","templated":true}]}}