{"id":542,"date":"2020-02-13T12:10:22","date_gmt":"2020-02-13T11:10:22","guid":{"rendered":"http:\/\/www.latviesudanubiedriba.dk\/?page_id=542"},"modified":"2024-08-21T23:17:04","modified_gmt":"2024-08-21T22:17:04","slug":"mazputnins","status":"publish","type":"page","link":"https:\/\/www.latviesudanubiedriba.dk\/dk\/mazputnins\/","title":{"rendered":"Mazputni\u0146\u0161"},"content":{"rendered":"<div data-elementor-type=\"wp-page\" data-elementor-id=\"542\" class=\"elementor elementor-542\">\n\t\t\t\t\t\t<section class=\"elementor-section elementor-top-section elementor-element elementor-element-9b71ce5 elementor-section-stretched elementor-section-content-middle elementor-section-height-min-height elementor-section-boxed elementor-section-height-default elementor-section-items-middle\" data-id=\"9b71ce5\" data-element_type=\"section\" data-e-type=\"section\" data-settings=\"{&quot;stretch_section&quot;:&quot;section-stretched&quot;,&quot;background_background&quot;:&quot;classic&quot;}\">\n\t\t\t\t\t\t\t<div class=\"elementor-background-overlay\"><\/div>\n\t\t\t\t\t\t\t<div class=\"elementor-container elementor-column-gap-no\">\n\t\t\t\t\t<div class=\"elementor-column elementor-col-100 elementor-top-column elementor-element elementor-element-3fd8937b\" data-id=\"3fd8937b\" data-element_type=\"column\" data-e-type=\"column\" data-settings=\"{&quot;background_background&quot;:&quot;gradient&quot;}\">\n\t\t\t<div class=\"elementor-widget-wrap elementor-element-populated\">\n\t\t\t\t\t\t<div class=\"elementor-element elementor-element-5d5693d elementor-widget elementor-widget-heading\" data-id=\"5d5693d\" data-element_type=\"widget\" data-e-type=\"widget\" data-widget_type=\"heading.default\">\n\t\t\t\t<div class=\"elementor-widget-container\">\n\t\t\t\t\t<h2 class=\"elementor-heading-title elementor-size-default\">Skola \"Mazputni\u0146\u0161\"<\/h2>\t\t\t\t<\/div>\n\t\t\t\t<\/div>\n\t\t\t\t\t<\/div>\n\t\t<\/div>\n\t\t\t\t\t<\/div>\n\t\t<\/section>\n\t\t\t\t<section class=\"elementor-section elementor-top-section elementor-element elementor-element-e4819a1 elementor-section-boxed elementor-section-height-default elementor-section-height-default\" data-id=\"e4819a1\" data-element_type=\"section\" data-e-type=\"section\">\n\t\t\t\t\t\t<div class=\"elementor-container elementor-column-gap-default\">\n\t\t\t\t\t\t<\/div>\n\t\t<\/section>\n\t\t\t\t<section class=\"elementor-section elementor-top-section elementor-element elementor-element-7208d36 elementor-section-boxed elementor-section-height-default elementor-section-height-default\" data-id=\"7208d36\" data-element_type=\"section\" data-e-type=\"section\">\n\t\t\t\t\t\t<div class=\"elementor-container elementor-column-gap-default\">\n\t\t\t\t\t<div class=\"elementor-column elementor-col-100 elementor-top-column elementor-element elementor-element-d986f9b\" data-id=\"d986f9b\" data-element_type=\"column\" data-e-type=\"column\">\n\t\t\t<div class=\"elementor-widget-wrap elementor-element-populated\">\n\t\t\t\t\t\t<div class=\"elementor-element elementor-element-6733339 elementor-hidden-phone elementor-widget elementor-widget-spacer\" data-id=\"6733339\" data-element_type=\"widget\" data-e-type=\"widget\" data-widget_type=\"spacer.default\">\n\t\t\t\t<div class=\"elementor-widget-container\">\n\t\t\t\t\t\t\t<div class=\"elementor-spacer\">\n\t\t\t<div class=\"elementor-spacer-inner\"><\/div>\n\t\t<\/div>\n\t\t\t\t\t\t<\/div>\n\t\t\t\t<\/div>\n\t\t\t\t\t<\/div>\n\t\t<\/div>\n\t\t\t\t\t<\/div>\n\t\t<\/section>\n\t\t\t\t<section class=\"elementor-section elementor-top-section elementor-element elementor-element-a11ace4 elementor-section-boxed elementor-section-height-default elementor-section-height-default\" data-id=\"a11ace4\" data-element_type=\"section\" data-e-type=\"section\">\n\t\t\t\t\t\t<div class=\"elementor-container elementor-column-gap-default\">\n\t\t\t\t\t<div class=\"elementor-column elementor-col-100 elementor-top-column elementor-element elementor-element-7b04808\" data-id=\"7b04808\" data-element_type=\"column\" data-e-type=\"column\">\n\t\t\t<div class=\"elementor-widget-wrap elementor-element-populated\">\n\t\t\t\t\t\t<section class=\"elementor-section elementor-inner-section elementor-element elementor-element-c26eba0 elementor-section-boxed elementor-section-height-default elementor-section-height-default\" data-id=\"c26eba0\" data-element_type=\"section\" data-e-type=\"section\">\n\t\t\t\t\t\t<div class=\"elementor-container elementor-column-gap-default\">\n\t\t\t\t\t<div class=\"elementor-column elementor-col-50 elementor-inner-column elementor-element elementor-element-30fa269\" data-id=\"30fa269\" data-element_type=\"column\" data-e-type=\"column\">\n\t\t\t<div class=\"elementor-widget-wrap elementor-element-populated\">\n\t\t\t\t\t\t<div class=\"elementor-element elementor-element-ae56af0 elementor-widget elementor-widget-text-editor\" data-id=\"ae56af0\" data-element_type=\"widget\" data-e-type=\"widget\" data-widget_type=\"text-editor.default\">\n\t\t\t\t<div class=\"elementor-widget-container\">\n\t\t\t\t\t\t\t\t\t<p>&#8220;Mazputni\u0146\u0161 ir ned\u0113\u013cas nogales skoli\u0146a, kas darbojas Latvie\u0161u &#8211; d\u0101\u0146u biedr\u012bbas Jitland\u0113 pasp\u0101rn\u0113. &#8220;Nodarb\u012bbas notiek <strong>NovaSkolen telp\u0101s, Moldevej 5, Vejl\u0113.<\/strong> Ieeja no pagalma. (Auto iesp\u0113jams novietot ielas pret\u0113j\u0101 pus\u0113 pie veikaliem).<\/p><p>Kop\u0101 san\u0101k\u0161anas cen\u0161mies iepl\u0101not t\u0101, lai pied\u0101v\u0101tu iesp\u0113ju b\u0113rniem katru 2. ned\u0113\u013cas nogali darboties latvisk\u0101 vid\u0113.<\/p><p><u>Dal\u012bba LDB biedriem ir bez maksas<\/u>, <strong>p\u0101r\u0113jiem &#8211; \u0123imenes gada maksa 600 DKK<\/strong>, neatkar\u012bgi no b\u0113rnu un apmekl\u0113jumu skaita. Samaksa uz <strong>MobilePay 78855<\/strong> vai <strong>Danske Bank kontu: Reg.nr. 3409 Konta nr. 3409701027<\/strong>, k\u0101 maks\u0101juma iemeslu nor\u0101dot <strong>SKOLA<\/strong>.<\/p><p>Maksa ietver visus nepiecie\u0161amos materi\u0101lus. L\u012bdzi vien j\u0101\u0146em pusdienas (parasti tas ir kas vienk\u0101r\u0161s, ko pusdienu pauz\u0113 kop\u012bgi daloties uzkost). T\u0113ja, kafija ir uz vietas.<\/p><p>Nodarb\u012bbu akcents ir uz da\u017e\u0101m stund\u0101m rad\u012bt vidi, kur m\u016bsu b\u0113rniem kontakt\u0113ties ar citiem latvie\u0161iem, saklaus\u012bt, ka t\u0101 nav tikai mammas un\/vai t\u0113ta valoda, preciz\u0113t v\u0101rdus un palabot izrunu, caur rado\u0161\u0101m nodarb\u0113m apg\u016bt kult\u016bru.<br \/>M\u0113s cen\u0161amies piemekl\u0113t aktivit\u0101tes b\u0113rnu vecumam un valodas prasmei.<\/p>\t\t\t\t\t\t\t\t<\/div>\n\t\t\t\t<\/div>\n\t\t\t\t\t<\/div>\n\t\t<\/div>\n\t\t\t\t<div class=\"elementor-column elementor-col-50 elementor-inner-column elementor-element elementor-element-18e2afd\" data-id=\"18e2afd\" data-element_type=\"column\" data-e-type=\"column\">\n\t\t\t<div class=\"elementor-widget-wrap elementor-element-populated\">\n\t\t\t\t\t\t<div class=\"elementor-element elementor-element-89b41c7 elementor-widget elementor-widget-text-editor\" data-id=\"89b41c7\" data-element_type=\"widget\" data-e-type=\"widget\" data-widget_type=\"text-editor.default\">\n\t\t\t\t<div class=\"elementor-widget-container\">\n\t\t\t\t\t\t\t\t\t<p>Katrai tik\u0161an\u0101s reizei ir sava t\u0113ma. L\u012bdztekus tam, atk\u0101rtojot gatavojam k\u0101du priek\u0161nesumu LDB pas\u0101kumiem. Liel\u0101kiem skolasb\u0113rniem ir iesp\u0113ja apg\u016bt rakst\u012b\u0161anas iema\u0146as, maz\u0101kiem &#8211; att\u012bst\u012bt s\u012bko motoriku, vilkt kop\u0101 burtus. Vispla\u0161\u0101k p\u0101rst\u0101v\u0113ta ir pirmskolas vecuma grupa.<br \/>Kop\u0113j\u0101 pusdienu pauz\u0113 dal\u0101mies pieredz\u0113 , k\u0101 b\u0113rniem m\u0101c\u012bties latvie\u0161u valodu multikult\u016bru ikdien\u0101.<\/p><p>Vec\u0101ki, esiet aicin\u0101ti konkretiz\u0113t, kas tie\u0161i J\u016bsu b\u0113rnam b\u016btu galvenais un vajadz\u012bg\u0101kais latvie\u0161u valodas apguvei! Laipni gaid\u012bti ar\u012b l\u012bdzdarboties un pal\u012bdz\u0113t \u0161\u012bs da\u017eas stundas m\u016bsu b\u0113rniem aizraujo\u0161i pavad\u012bt latvisk\u0101 vid\u0113!<\/p><p>Pateicamies vec\u0101kiem, kuri iegulda savu laiku, p\u016bles un ar\u012b naudu, lai vad\u0101tu savus b\u0113rnus pat 100 km katr\u0101 virzien\u0101. Regul\u0101r\u0101kie n\u0101c\u0113ji (brauc\u0113ji) ir no Kertemindes (98km), Esbjergas (85km) un Odenses (75 km).<br \/><strong>Att\u0101lums nav \u0161\u0137\u0113rslis!<\/strong> (Ja nu att\u0101lums tom\u0113r mulsina, dro\u0161i rakstiet pas\u0101kumu koment\u0101ros &#8211; iesp\u0113ju robe\u017e\u0101s cent\u012bsimies apzin\u0101t iesp\u0113jamos ce\u013cabiedrus).<\/p>\t\t\t\t\t\t\t\t<\/div>\n\t\t\t\t<\/div>\n\t\t\t\t\t<\/div>\n\t\t<\/div>\n\t\t\t\t\t<\/div>\n\t\t<\/section>\n\t\t\t\t\t<\/div>\n\t\t<\/div>\n\t\t\t\t\t<\/div>\n\t\t<\/section>\n\t\t\t\t<section class=\"elementor-section elementor-top-section elementor-element elementor-element-ff9411f elementor-section-boxed elementor-section-height-default elementor-section-height-default\" data-id=\"ff9411f\" data-element_type=\"section\" data-e-type=\"section\">\n\t\t\t\t\t\t<div class=\"elementor-container elementor-column-gap-default\">\n\t\t\t\t\t<div class=\"elementor-column elementor-col-100 elementor-top-column elementor-element elementor-element-23fc69d\" data-id=\"23fc69d\" data-element_type=\"column\" data-e-type=\"column\">\n\t\t\t<div class=\"elementor-widget-wrap elementor-element-populated\">\n\t\t\t\t\t\t<section class=\"elementor-section elementor-inner-section elementor-element elementor-element-bb40aa0 elementor-section-boxed elementor-section-height-default elementor-section-height-default\" data-id=\"bb40aa0\" data-element_type=\"section\" data-e-type=\"section\">\n\t\t\t\t\t\t<div class=\"elementor-container elementor-column-gap-default\">\n\t\t\t\t\t<div class=\"elementor-column elementor-col-100 elementor-inner-column elementor-element elementor-element-ba99078\" data-id=\"ba99078\" data-element_type=\"column\" data-e-type=\"column\">\n\t\t\t<div class=\"elementor-widget-wrap elementor-element-populated\">\n\t\t\t\t\t\t<div class=\"elementor-element elementor-element-4150a07 elementor-widget elementor-widget-text-editor\" data-id=\"4150a07\" data-element_type=\"widget\" data-e-type=\"widget\" data-widget_type=\"text-editor.default\">\n\t\t\t\t<div class=\"elementor-widget-container\">\n\t\t\t\t\t\t\t\t\t<p><strong>Sazinies ar mums:<\/strong><\/p><p><span style=\"color: #808080;\"><b>+45 27130655<\/b><\/span><\/p>\t\t\t\t\t\t\t\t<\/div>\n\t\t\t\t<\/div>\n\t\t\t\t\t<\/div>\n\t\t<\/div>\n\t\t\t\t<div class=\"elementor-column elementor-col-100 elementor-inner-column elementor-element elementor-element-c6757a3\" data-id=\"c6757a3\" data-element_type=\"column\" data-e-type=\"column\">\n\t\t\t<div class=\"elementor-widget-wrap elementor-element-populated\">\n\t\t\t\t\t\t<div class=\"elementor-element elementor-element-abd584a elementor-view-default elementor-widget elementor-widget-icon\" data-id=\"abd584a\" data-element_type=\"widget\" data-e-type=\"widget\" data-widget_type=\"icon.default\">\n\t\t\t\t<div class=\"elementor-widget-container\">\n\t\t\t\t\t\t\t<div class=\"elementor-icon-wrapper\">\n\t\t\t<a class=\"elementor-icon elementor-animation-push\" href=\"https:\/\/www.facebook.com\/Mazputnins\/\">\n\t\t\t<i aria-hidden=\"true\" class=\"fab fa-facebook\"><\/i>\t\t\t<\/a>\n\t\t<\/div>\n\t\t\t\t\t\t<\/div>\n\t\t\t\t<\/div>\n\t\t\t\t\t<\/div>\n\t\t<\/div>\n\t\t\t\t\t<\/div>\n\t\t<\/section>\n\t\t\t\t\t<\/div>\n\t\t<\/div>\n\t\t\t\t\t<\/div>\n\t\t<\/section>\n\t\t\t\t<section class=\"elementor-section elementor-top-section elementor-element elementor-element-3a81064 elementor-section-boxed elementor-section-height-default elementor-section-height-default\" data-id=\"3a81064\" data-element_type=\"section\" data-e-type=\"section\">\n\t\t\t\t\t\t<div class=\"elementor-container elementor-column-gap-default\">\n\t\t\t\t\t<div class=\"elementor-column elementor-col-100 elementor-top-column elementor-element elementor-element-1785a27\" data-id=\"1785a27\" data-element_type=\"column\" data-e-type=\"column\">\n\t\t\t<div class=\"elementor-widget-wrap elementor-element-populated\">\n\t\t\t\t\t\t<div class=\"elementor-element elementor-element-dd86e61 elementor-widget elementor-widget-image\" data-id=\"dd86e61\" data-element_type=\"widget\" data-e-type=\"widget\" data-widget_type=\"image.default\">\n\t\t\t\t<div class=\"elementor-widget-container\">\n\t\t\t\t\t\t\t\t\t\t\t\t\t\t\t<img fetchpriority=\"high\" decoding=\"async\" width=\"800\" height=\"600\" src=\"https:\/\/www.latviesudanubiedriba.dk\/wp-content\/uploads\/2020\/03\/mazputnins-1024x768.jpg\" class=\"attachment-large size-large wp-image-1579\" alt=\"B\u0113rni ar skolot\u0101j\u0101m s\u0113\u017e apl\u012b uz gr\u012bdas\" srcset=\"https:\/\/www.latviesudanubiedriba.dk\/wp-content\/uploads\/2020\/03\/mazputnins-1024x768.jpg 1024w, https:\/\/www.latviesudanubiedriba.dk\/wp-content\/uploads\/2020\/03\/mazputnins-300x225.jpg 300w, https:\/\/www.latviesudanubiedriba.dk\/wp-content\/uploads\/2020\/03\/mazputnins-768x576.jpg 768w, https:\/\/www.latviesudanubiedriba.dk\/wp-content\/uploads\/2020\/03\/mazputnins-1536x1152.jpg 1536w, https:\/\/www.latviesudanubiedriba.dk\/wp-content\/uploads\/2020\/03\/mazputnins-2048x1536.jpg 2048w\" sizes=\"(max-width: 800px) 100vw, 800px\" \/>\t\t\t\t\t\t\t\t\t\t\t\t\t\t\t<\/div>\n\t\t\t\t<\/div>\n\t\t\t\t\t<\/div>\n\t\t<\/div>\n\t\t\t\t<div class=\"elementor-column elementor-col-100 elementor-top-column elementor-element elementor-element-4ea616c\" data-id=\"4ea616c\" data-element_type=\"column\" data-e-type=\"column\">\n\t\t\t<div class=\"elementor-widget-wrap\">\n\t\t\t\t\t\t\t<\/div>\n\t\t<\/div>\n\t\t\t\t\t<\/div>\n\t\t<\/section>\n\t\t\t\t<section class=\"elementor-section elementor-top-section elementor-element elementor-element-b83f313 elementor-section-full_width elementor-section-height-default elementor-section-height-default\" data-id=\"b83f313\" data-element_type=\"section\" data-e-type=\"section\">\n\t\t\t\t\t\t<div class=\"elementor-container elementor-column-gap-default\">\n\t\t\t\t\t<div class=\"elementor-column elementor-col-100 elementor-top-column elementor-element elementor-element-e273087\" data-id=\"e273087\" data-element_type=\"column\" data-e-type=\"column\">\n\t\t\t<div class=\"elementor-widget-wrap elementor-element-populated\">\n\t\t\t\t\t\t<div class=\"elementor-element elementor-element-4a69fed elementor-widget elementor-widget-spacer\" data-id=\"4a69fed\" data-element_type=\"widget\" data-e-type=\"widget\" data-widget_type=\"spacer.default\">\n\t\t\t\t<div class=\"elementor-widget-container\">\n\t\t\t\t\t\t\t<div class=\"elementor-spacer\">\n\t\t\t<div class=\"elementor-spacer-inner\"><\/div>\n\t\t<\/div>\n\t\t\t\t\t\t<\/div>\n\t\t\t\t<\/div>\n\t\t\t\t<div class=\"elementor-element elementor-element-d2594b1 elementor-widget elementor-widget-google_maps\" data-id=\"d2594b1\" data-element_type=\"widget\" data-e-type=\"widget\" data-widget_type=\"google_maps.default\">\n\t\t\t\t<div class=\"elementor-widget-container\">\n\t\t\t\t\t\t\t<div class=\"elementor-custom-embed\">\n\t\t\t<iframe loading=\"lazy\"\n\t\t\t\t\tsrc=\"https:\/\/maps.google.com\/maps?q=Moldevej%205%2C%20Vejle&#038;t=m&#038;z=13&#038;output=embed&#038;iwloc=near\"\n\t\t\t\t\ttitle=\"Moldevej 5, Vejle\"\n\t\t\t\t\taria-label=\"Moldevej 5, Vejle\"\n\t\t\t><\/iframe>\n\t\t<\/div>\n\t\t\t\t\t\t<\/div>\n\t\t\t\t<\/div>\n\t\t\t\t\t<\/div>\n\t\t<\/div>\n\t\t\t\t\t<\/div>\n\t\t<\/section>\n\t\t\t\t<\/div>","protected":false},"excerpt":{"rendered":"<p>Skola &#8220;Mazputni\u0146\u0161&#8221; &#8220;Mazputni\u0146\u0161 ir ned\u0113\u013cas nogales skoli\u0146a, kas darbojas Latvie\u0161u &#8211; d\u0101\u0146u biedr\u012bbas Jitland\u0113 pasp\u0101rn\u0113. &#8220;Nodarb\u012bbas notiek NovaSkolen telp\u0101s, Moldevej 5, Vejl\u0113. Ieeja no pagalma. (Auto iesp\u0113jams novietot ielas pret\u0113j\u0101 pus\u0113 pie veikaliem). Kop\u0101 san\u0101k\u0161anas cen\u0161mies iepl\u0101not t\u0101, lai pied\u0101v\u0101tu iesp\u0113ju b\u0113rniem katru 2. ned\u0113\u013cas nogali darboties latvisk\u0101 vid\u0113. Dal\u012bba LDB biedriem ir bez maksas, [&hellip;]<\/p>\n","protected":false},"author":1,"featured_media":0,"parent":0,"menu_order":0,"comment_status":"closed","ping_status":"closed","template":"elementor_header_footer","meta":{"footnotes":""},"class_list":["post-542","page","type-page","status-publish","hentry"],"yoast_head":"<!-- This site is optimized with the Yoast SEO plugin v27.4 - https:\/\/yoast.com\/product\/yoast-seo-wordpress\/ -->\n<title>Mazputni\u0146\u0161 - Latvie\u0161u - d\u0101\u0146u biedr\u012bba | Skoli\u0146a b\u0113rniem D\u0101nij\u0101<\/title>\n<meta name=\"description\" content=\"Latvie\u0161u - d\u0101\u0146u biedr\u012bbas biedriem tiek pied\u0101v\u0101ta bezmaksas ned\u0113\u013cas nogales skoli\u0146a b\u0113rniem latvisk\u0101 vid\u0113. Skoli\u0146a atrodas Jitlandes pussal\u0101, Vejl\u0113.\" \/>\n<meta name=\"robots\" content=\"index, follow, max-snippet:-1, max-image-preview:large, max-video-preview:-1\" \/>\n<link rel=\"canonical\" href=\"https:\/\/www.latviesudanubiedriba.dk\/dk\/mazputnins\/\" \/>\n<meta property=\"og:locale\" content=\"da_DK\" \/>\n<meta property=\"og:type\" content=\"article\" \/>\n<meta property=\"og:title\" content=\"Mazputni\u0146\u0161 - Latvie\u0161u - d\u0101\u0146u biedr\u012bba | Skoli\u0146a b\u0113rniem D\u0101nij\u0101\" \/>\n<meta property=\"og:description\" content=\"Latvie\u0161u - d\u0101\u0146u biedr\u012bbas biedriem tiek pied\u0101v\u0101ta bezmaksas ned\u0113\u013cas nogales skoli\u0146a b\u0113rniem latvisk\u0101 vid\u0113. Skoli\u0146a atrodas Jitlandes pussal\u0101, Vejl\u0113.\" \/>\n<meta property=\"og:url\" content=\"https:\/\/www.latviesudanubiedriba.dk\/dk\/mazputnins\/\" \/>\n<meta property=\"og:site_name\" content=\"Latvie\u0161u - d\u0101\u0146u biedr\u012bba\" \/>\n<meta property=\"article:modified_time\" content=\"2024-08-21T22:17:04+00:00\" \/>\n<meta property=\"og:image\" content=\"https:\/\/www.latviesudanubiedriba.dk\/wp-content\/uploads\/2020\/03\/mazputnins-1024x768.jpg\" \/>\n<meta name=\"twitter:card\" content=\"summary_large_image\" \/>\n<meta name=\"twitter:label1\" content=\"Estimeret l\u00e6setid\" \/>\n\t<meta name=\"twitter:data1\" content=\"2 minutter\" \/>\n<script type=\"application\/ld+json\" class=\"yoast-schema-graph\">{\"@context\":\"https:\\\/\\\/schema.org\",\"@graph\":[{\"@type\":\"WebPage\",\"@id\":\"https:\\\/\\\/www.latviesudanubiedriba.dk\\\/mazputnins\\\/\",\"url\":\"https:\\\/\\\/www.latviesudanubiedriba.dk\\\/mazputnins\\\/\",\"name\":\"Mazputni\u0146\u0161 - Latvie\u0161u - d\u0101\u0146u biedr\u012bba | Skoli\u0146a b\u0113rniem D\u0101nij\u0101\",\"isPartOf\":{\"@id\":\"https:\\\/\\\/www.latviesudanubiedriba.dk\\\/#website\"},\"primaryImageOfPage\":{\"@id\":\"https:\\\/\\\/www.latviesudanubiedriba.dk\\\/mazputnins\\\/#primaryimage\"},\"image\":{\"@id\":\"https:\\\/\\\/www.latviesudanubiedriba.dk\\\/mazputnins\\\/#primaryimage\"},\"thumbnailUrl\":\"https:\\\/\\\/www.latviesudanubiedriba.dk\\\/wp-content\\\/uploads\\\/2020\\\/03\\\/mazputnins-1024x768.jpg\",\"datePublished\":\"2020-02-13T11:10:22+00:00\",\"dateModified\":\"2024-08-21T22:17:04+00:00\",\"description\":\"Latvie\u0161u - d\u0101\u0146u biedr\u012bbas biedriem tiek pied\u0101v\u0101ta bezmaksas ned\u0113\u013cas nogales skoli\u0146a b\u0113rniem latvisk\u0101 vid\u0113. Skoli\u0146a atrodas Jitlandes pussal\u0101, Vejl\u0113.\",\"breadcrumb\":{\"@id\":\"https:\\\/\\\/www.latviesudanubiedriba.dk\\\/mazputnins\\\/#breadcrumb\"},\"inLanguage\":\"da-DK\",\"potentialAction\":[{\"@type\":\"ReadAction\",\"target\":[\"https:\\\/\\\/www.latviesudanubiedriba.dk\\\/mazputnins\\\/\"]}]},{\"@type\":\"ImageObject\",\"inLanguage\":\"da-DK\",\"@id\":\"https:\\\/\\\/www.latviesudanubiedriba.dk\\\/mazputnins\\\/#primaryimage\",\"url\":\"https:\\\/\\\/www.latviesudanubiedriba.dk\\\/wp-content\\\/uploads\\\/2020\\\/03\\\/mazputnins-1024x768.jpg\",\"contentUrl\":\"https:\\\/\\\/www.latviesudanubiedriba.dk\\\/wp-content\\\/uploads\\\/2020\\\/03\\\/mazputnins-1024x768.jpg\"},{\"@type\":\"BreadcrumbList\",\"@id\":\"https:\\\/\\\/www.latviesudanubiedriba.dk\\\/mazputnins\\\/#breadcrumb\",\"itemListElement\":[{\"@type\":\"ListItem\",\"position\":1,\"name\":\"Home\",\"item\":\"https:\\\/\\\/www.latviesudanubiedriba.dk\\\/\"},{\"@type\":\"ListItem\",\"position\":2,\"name\":\"Mazputni\u0146\u0161\"}]},{\"@type\":\"WebSite\",\"@id\":\"https:\\\/\\\/www.latviesudanubiedriba.dk\\\/#website\",\"url\":\"https:\\\/\\\/www.latviesudanubiedriba.dk\\\/\",\"name\":\"Latvie\u0161u - d\u0101\u0146u biedr\u012bba\",\"description\":\"LDB\",\"potentialAction\":[{\"@type\":\"SearchAction\",\"target\":{\"@type\":\"EntryPoint\",\"urlTemplate\":\"https:\\\/\\\/www.latviesudanubiedriba.dk\\\/?s={search_term_string}\"},\"query-input\":{\"@type\":\"PropertyValueSpecification\",\"valueRequired\":true,\"valueName\":\"search_term_string\"}}],\"inLanguage\":\"da-DK\"}]}<\/script>\n<!-- \/ Yoast SEO plugin. -->","yoast_head_json":{"title":"Mazputni\u0146\u0161 - Latvie\u0161u - d\u0101\u0146u biedr\u012bba | Skoli\u0146a b\u0113rniem D\u0101nij\u0101","description":"Latvie\u0161u - d\u0101\u0146u biedr\u012bbas biedriem tiek pied\u0101v\u0101ta bezmaksas ned\u0113\u013cas nogales skoli\u0146a b\u0113rniem latvisk\u0101 vid\u0113. Skoli\u0146a atrodas Jitlandes pussal\u0101, Vejl\u0113.","robots":{"index":"index","follow":"follow","max-snippet":"max-snippet:-1","max-image-preview":"max-image-preview:large","max-video-preview":"max-video-preview:-1"},"canonical":"https:\/\/www.latviesudanubiedriba.dk\/dk\/mazputnins\/","og_locale":"da_DK","og_type":"article","og_title":"Mazputni\u0146\u0161 - Latvie\u0161u - d\u0101\u0146u biedr\u012bba | Skoli\u0146a b\u0113rniem D\u0101nij\u0101","og_description":"Latvie\u0161u - d\u0101\u0146u biedr\u012bbas biedriem tiek pied\u0101v\u0101ta bezmaksas ned\u0113\u013cas nogales skoli\u0146a b\u0113rniem latvisk\u0101 vid\u0113. Skoli\u0146a atrodas Jitlandes pussal\u0101, Vejl\u0113.","og_url":"https:\/\/www.latviesudanubiedriba.dk\/dk\/mazputnins\/","og_site_name":"Latvie\u0161u - d\u0101\u0146u biedr\u012bba","article_modified_time":"2024-08-21T22:17:04+00:00","og_image":[{"url":"https:\/\/www.latviesudanubiedriba.dk\/wp-content\/uploads\/2020\/03\/mazputnins-1024x768.jpg","type":"","width":"","height":""}],"twitter_card":"summary_large_image","twitter_misc":{"Estimeret l\u00e6setid":"2 minutter"},"schema":{"@context":"https:\/\/schema.org","@graph":[{"@type":"WebPage","@id":"https:\/\/www.latviesudanubiedriba.dk\/mazputnins\/","url":"https:\/\/www.latviesudanubiedriba.dk\/mazputnins\/","name":"Mazputni\u0146\u0161 - Latvie\u0161u - d\u0101\u0146u biedr\u012bba | Skoli\u0146a b\u0113rniem D\u0101nij\u0101","isPartOf":{"@id":"https:\/\/www.latviesudanubiedriba.dk\/#website"},"primaryImageOfPage":{"@id":"https:\/\/www.latviesudanubiedriba.dk\/mazputnins\/#primaryimage"},"image":{"@id":"https:\/\/www.latviesudanubiedriba.dk\/mazputnins\/#primaryimage"},"thumbnailUrl":"https:\/\/www.latviesudanubiedriba.dk\/wp-content\/uploads\/2020\/03\/mazputnins-1024x768.jpg","datePublished":"2020-02-13T11:10:22+00:00","dateModified":"2024-08-21T22:17:04+00:00","description":"Latvie\u0161u - d\u0101\u0146u biedr\u012bbas biedriem tiek pied\u0101v\u0101ta bezmaksas ned\u0113\u013cas nogales skoli\u0146a b\u0113rniem latvisk\u0101 vid\u0113. Skoli\u0146a atrodas Jitlandes pussal\u0101, Vejl\u0113.","breadcrumb":{"@id":"https:\/\/www.latviesudanubiedriba.dk\/mazputnins\/#breadcrumb"},"inLanguage":"da-DK","potentialAction":[{"@type":"ReadAction","target":["https:\/\/www.latviesudanubiedriba.dk\/mazputnins\/"]}]},{"@type":"ImageObject","inLanguage":"da-DK","@id":"https:\/\/www.latviesudanubiedriba.dk\/mazputnins\/#primaryimage","url":"https:\/\/www.latviesudanubiedriba.dk\/wp-content\/uploads\/2020\/03\/mazputnins-1024x768.jpg","contentUrl":"https:\/\/www.latviesudanubiedriba.dk\/wp-content\/uploads\/2020\/03\/mazputnins-1024x768.jpg"},{"@type":"BreadcrumbList","@id":"https:\/\/www.latviesudanubiedriba.dk\/mazputnins\/#breadcrumb","itemListElement":[{"@type":"ListItem","position":1,"name":"Home","item":"https:\/\/www.latviesudanubiedriba.dk\/"},{"@type":"ListItem","position":2,"name":"Mazputni\u0146\u0161"}]},{"@type":"WebSite","@id":"https:\/\/www.latviesudanubiedriba.dk\/#website","url":"https:\/\/www.latviesudanubiedriba.dk\/","name":"Latvie\u0161u - d\u0101\u0146u biedr\u012bba","description":"LDB","potentialAction":[{"@type":"SearchAction","target":{"@type":"EntryPoint","urlTemplate":"https:\/\/www.latviesudanubiedriba.dk\/?s={search_term_string}"},"query-input":{"@type":"PropertyValueSpecification","valueRequired":true,"valueName":"search_term_string"}}],"inLanguage":"da-DK"}]}},"_links":{"self":[{"href":"https:\/\/www.latviesudanubiedriba.dk\/dk\/wp-json\/wp\/v2\/pages\/542","targetHints":{"allow":["GET"]}}],"collection":[{"href":"https:\/\/www.latviesudanubiedriba.dk\/dk\/wp-json\/wp\/v2\/pages"}],"about":[{"href":"https:\/\/www.latviesudanubiedriba.dk\/dk\/wp-json\/wp\/v2\/types\/page"}],"author":[{"embeddable":true,"href":"https:\/\/www.latviesudanubiedriba.dk\/dk\/wp-json\/wp\/v2\/users\/1"}],"replies":[{"embeddable":true,"href":"https:\/\/www.latviesudanubiedriba.dk\/dk\/wp-json\/wp\/v2\/comments?post=542"}],"version-history":[{"count":59,"href":"https:\/\/www.latviesudanubiedriba.dk\/dk\/wp-json\/wp\/v2\/pages\/542\/revisions"}],"predecessor-version":[{"id":2120,"href":"https:\/\/www.latviesudanubiedriba.dk\/dk\/wp-json\/wp\/v2\/pages\/542\/revisions\/2120"}],"wp:attachment":[{"href":"https:\/\/www.latviesudanubiedriba.dk\/dk\/wp-json\/wp\/v2\/media?parent=542"}],"curies":[{"name":"wp","href":"https:\/\/api.w.org\/{rel}","templated":true}]}}