{"id":545,"date":"2020-02-13T12:14:39","date_gmt":"2020-02-13T11:14:39","guid":{"rendered":"http:\/\/www.latviesudanubiedriba.dk\/?page_id=545"},"modified":"2025-06-23T11:24:41","modified_gmt":"2025-06-23T10:24:41","slug":"rietumvejs","status":"publish","type":"page","link":"https:\/\/www.latviesudanubiedriba.dk\/dk\/rietumvejs\/","title":{"rendered":"Rietumv\u0113j\u0161"},"content":{"rendered":"<div data-elementor-type=\"wp-page\" data-elementor-id=\"545\" class=\"elementor elementor-545\">\n\t\t\t\t\t\t<section class=\"elementor-section elementor-top-section elementor-element elementor-element-63f6cd73 elementor-section-stretched elementor-section-content-middle elementor-section-height-min-height elementor-section-boxed elementor-section-height-default elementor-section-items-middle\" data-id=\"63f6cd73\" data-element_type=\"section\" data-e-type=\"section\" data-settings=\"{&quot;stretch_section&quot;:&quot;section-stretched&quot;,&quot;background_background&quot;:&quot;classic&quot;}\">\n\t\t\t\t\t\t\t<div class=\"elementor-background-overlay\"><\/div>\n\t\t\t\t\t\t\t<div class=\"elementor-container elementor-column-gap-no\">\n\t\t\t\t\t<div class=\"elementor-column elementor-col-100 elementor-top-column elementor-element elementor-element-559df773\" data-id=\"559df773\" data-element_type=\"column\" data-e-type=\"column\" data-settings=\"{&quot;background_background&quot;:&quot;gradient&quot;}\">\n\t\t\t<div class=\"elementor-widget-wrap elementor-element-populated\">\n\t\t\t\t\t\t<div class=\"elementor-element elementor-element-4328916c elementor-widget elementor-widget-heading\" data-id=\"4328916c\" data-element_type=\"widget\" data-e-type=\"widget\" data-widget_type=\"heading.default\">\n\t\t\t\t<div class=\"elementor-widget-container\">\n\t\t\t\t\t<h1 class=\"elementor-heading-title elementor-size-default\">koris \"rietumv\u0113j\u0161\"<\/h1>\t\t\t\t<\/div>\n\t\t\t\t<\/div>\n\t\t\t\t\t<\/div>\n\t\t<\/div>\n\t\t\t\t\t<\/div>\n\t\t<\/section>\n\t\t\t\t<section class=\"elementor-section elementor-top-section elementor-element elementor-element-5d4134f elementor-section-boxed elementor-section-height-default elementor-section-height-default\" data-id=\"5d4134f\" data-element_type=\"section\" data-e-type=\"section\">\n\t\t\t\t\t\t<div class=\"elementor-container elementor-column-gap-default\">\n\t\t\t\t\t<div class=\"elementor-column elementor-col-100 elementor-top-column elementor-element elementor-element-42f2785f\" data-id=\"42f2785f\" data-element_type=\"column\" data-e-type=\"column\">\n\t\t\t<div class=\"elementor-widget-wrap elementor-element-populated\">\n\t\t\t\t\t\t<section class=\"elementor-section elementor-inner-section elementor-element elementor-element-658c7535 elementor-section-boxed elementor-section-height-default elementor-section-height-default\" data-id=\"658c7535\" data-element_type=\"section\" data-e-type=\"section\">\n\t\t\t\t\t\t<div class=\"elementor-container elementor-column-gap-default\">\n\t\t\t\t\t<div class=\"elementor-column elementor-col-50 elementor-inner-column elementor-element elementor-element-2f528ab6\" data-id=\"2f528ab6\" data-element_type=\"column\" data-e-type=\"column\">\n\t\t\t<div class=\"elementor-widget-wrap elementor-element-populated\">\n\t\t\t\t\t\t<div class=\"elementor-element elementor-element-1ac68586 elementor-widget elementor-widget-text-editor\" data-id=\"1ac68586\" data-element_type=\"widget\" data-e-type=\"widget\" data-widget_type=\"text-editor.default\">\n\t\t\t\t<div class=\"elementor-widget-container\">\n\t\t\t\t\t\t\t\t\t<p>Latvie\u0161u-d\u0101\u0146u biedr\u012bbas jauktais koris \u201cRietumv\u0113j\u0161\u201d aizs\u0101k\u0101s 2010. gada 21. apr\u012bl\u012b k\u0101 meite\u0146u ansamblis. Gadiem ejot, koris ir izaudzis par jaukto kori ar apm. 25 dzied\u0101t\u0101jiem.\u00a0<\/p><p>M\u0113s satiekamies tre\u0161dien\u0101s uz m\u0113\u0123in\u0101jumiem Vejles skaistaj\u0101 kult\u016bras nam\u0101 (Bygningen, Vejle).<\/p><p>M\u0113s dziedam da\u017e\u0101du latvie\u0161u komponistu dziesmas, k\u0101 ar\u012b tautasdziesmas. Da\u017eas reizes gad\u0101 uzst\u0101jamies ar koncertiem gan Latvie\u0161u-d\u0101\u0146u biedr\u012bbas pas\u0101kumos, gan Vejles pa\u0161vad\u012bbas organiz\u0113tos pas\u0101kumos, gan ar\u012b citur. Ja uzst\u0101jamies internacion\u0101lai publikai, izv\u0113lamies ar\u012b dziesmas d\u0101\u0146u vai ang\u013cu valod\u0101.\u00a0<\/p><p>&#8220;Rietumv\u0113j\u0161&#8221; lepojas ar dal\u012bbu:<\/p><ul><li>Visp\u0101r\u0113jos Latvie\u0161u Dziesmu un Deju sv\u0113tkos R\u012bg\u0101 jau vair\u0101kk\u0101rt<\/li><li>Eslingenas Dziesmu sv\u0113tkos V\u0101cij\u0101 2017. gad\u0101 un 2022. gad\u0101<\/li><li>Latvie\u0161u Dien\u0101s Edinburg\u0101, Apvienotaj\u0101 Karalist\u0113 2019. gad\u0101<\/li><li>XV Dziesmu un Deju sv\u0113tkos Toronto, Kan\u0101d\u0101 2020. gad\u0101<\/li><li>XV Visp\u0101r\u0113jos latvie\u0161u Dziesmu un Deju sv\u0113tkos Minesot\u0101, ASV 2022. gad\u0101<\/li><li>Latvie\u0161u dien\u0101s Llorett de Mar, Sp\u0101nij\u0101 2024. gad\u0101<\/li><li>III Eiropas Latvie\u0161u Kult\u016bras sv\u0113tkos Bredford\u0101, Apvienotaj\u0101 Karalist\u0113 2025. gad\u0101<\/li><\/ul><p><br \/>M\u016bs &#8211; dzied\u0101t\u0101jus &#8211; vieno dzied\u0101tprieks, lab\u0101 atmosf\u0113ra m\u016bsu starp\u0101 un iesp\u0113ja par\u0101d\u012bt citiem, ko m\u0113s m\u0101kam. Dziedam kop\u0101. Dziedam no sirds.<\/p>\t\t\t\t\t\t\t\t<\/div>\n\t\t\t\t<\/div>\n\t\t\t\t\t<\/div>\n\t\t<\/div>\n\t\t\t\t<div class=\"elementor-column elementor-col-50 elementor-inner-column elementor-element elementor-element-5f0609e6\" data-id=\"5f0609e6\" data-element_type=\"column\" data-e-type=\"column\">\n\t\t\t<div class=\"elementor-widget-wrap elementor-element-populated\">\n\t\t\t\t\t\t<div class=\"elementor-element elementor-element-4f4775ca elementor-widget elementor-widget-text-editor\" data-id=\"4f4775ca\" data-element_type=\"widget\" data-e-type=\"widget\" data-widget_type=\"text-editor.default\">\n\t\t\t\t<div class=\"elementor-widget-container\">\n\t\t\t\t\t\t\t\t\t<p><span style=\"font-family: Tahoma, sans-serif; font-size: 14px; font-style: normal; font-variant-ligatures: normal; font-variant-caps: normal; font-weight: 400;\">Kora diri\u0123enti: Zane Kristensena (2010-2014 ); Za\u013cina Vi\u0161\u0146akova (2014-2019); Dace Elis Holm (2019 rudens un <span style=\"color: var( --e-global-color-text );\">2025 pavasaris<\/span>); Krist\u012bne Zari\u0146a (no 2020)<\/span><\/p><p><span style=\"color: var( --e-global-color-text );\">Kontaktpersona <\/span><span style=\"color: var( --e-global-color-text ); text-decoration-line: underline;\">Ineta Sokolowski<\/span><span style=\"color: var( --e-global-color-text );\">:<\/span><\/p><p><a href=\"mailto:ldbkoris@gmail.com\"><b>ldbkoris@gmail.com<\/b><\/a><\/p><p><span style=\"font-family: Tahoma, sans-serif; font-size: 14px; font-style: normal; font-variant-ligatures: normal; font-variant-caps: normal;\"><b>+45 21936113<br \/><br \/><br \/><br \/><\/b><\/span><\/p><p>\u00a0<\/p>\t\t\t\t\t\t\t\t<\/div>\n\t\t\t\t<\/div>\n\t\t\t\t<div class=\"elementor-element elementor-element-921c8b2 elementor-widget__width-auto elementor-view-default elementor-widget elementor-widget-icon\" data-id=\"921c8b2\" data-element_type=\"widget\" data-e-type=\"widget\" data-widget_type=\"icon.default\">\n\t\t\t\t<div class=\"elementor-widget-container\">\n\t\t\t\t\t\t\t<div class=\"elementor-icon-wrapper\">\n\t\t\t<a class=\"elementor-icon elementor-animation-push\" href=\"https:\/\/www.facebook.com\/LDBkoris\/\" target=\"_blank\">\n\t\t\t<i aria-hidden=\"true\" class=\"fab fa-facebook\"><\/i>\t\t\t<\/a>\n\t\t<\/div>\n\t\t\t\t\t\t<\/div>\n\t\t\t\t<\/div>\n\t\t\t\t<div class=\"elementor-element elementor-element-3b3cc63 elementor-widget__width-auto elementor-view-default elementor-widget elementor-widget-icon\" data-id=\"3b3cc63\" data-element_type=\"widget\" data-e-type=\"widget\" data-widget_type=\"icon.default\">\n\t\t\t\t<div class=\"elementor-widget-container\">\n\t\t\t\t\t\t\t<div class=\"elementor-icon-wrapper\">\n\t\t\t<a class=\"elementor-icon elementor-animation-push\" href=\"https:\/\/www.instagram.com\/rietumvejs\/\" target=\"_blank\">\n\t\t\t<i aria-hidden=\"true\" class=\"fab fa-instagram\"><\/i>\t\t\t<\/a>\n\t\t<\/div>\n\t\t\t\t\t\t<\/div>\n\t\t\t\t<\/div>\n\t\t\t\t\t<\/div>\n\t\t<\/div>\n\t\t\t\t\t<\/div>\n\t\t<\/section>\n\t\t\t\t\t<\/div>\n\t\t<\/div>\n\t\t\t\t\t<\/div>\n\t\t<\/section>\n\t\t\t\t<section class=\"elementor-section elementor-top-section elementor-element elementor-element-0a1947f elementor-section-boxed elementor-section-height-default elementor-section-height-default\" data-id=\"0a1947f\" data-element_type=\"section\" data-e-type=\"section\">\n\t\t\t\t\t\t<div class=\"elementor-container elementor-column-gap-default\">\n\t\t\t\t\t<div class=\"elementor-column elementor-col-100 elementor-top-column elementor-element elementor-element-4e2a576\" data-id=\"4e2a576\" data-element_type=\"column\" data-e-type=\"column\">\n\t\t\t<div class=\"elementor-widget-wrap elementor-element-populated\">\n\t\t\t\t\t\t<div class=\"elementor-element elementor-element-a443f6b elementor-widget elementor-widget-image\" data-id=\"a443f6b\" data-element_type=\"widget\" data-e-type=\"widget\" data-widget_type=\"image.default\">\n\t\t\t\t<div class=\"elementor-widget-container\">\n\t\t\t\t\t\t\t\t\t\t\t\t\t\t\t<img fetchpriority=\"high\" decoding=\"async\" width=\"768\" height=\"512\" src=\"https:\/\/www.latviesudanubiedriba.dk\/wp-content\/uploads\/2025\/06\/DSC04782-768x512.jpg\" class=\"attachment-medium_large size-medium_large wp-image-2325\" alt=\"\" srcset=\"https:\/\/www.latviesudanubiedriba.dk\/wp-content\/uploads\/2025\/06\/DSC04782-768x512.jpg 768w, https:\/\/www.latviesudanubiedriba.dk\/wp-content\/uploads\/2025\/06\/DSC04782-300x200.jpg 300w, https:\/\/www.latviesudanubiedriba.dk\/wp-content\/uploads\/2025\/06\/DSC04782-1024x683.jpg 1024w, https:\/\/www.latviesudanubiedriba.dk\/wp-content\/uploads\/2025\/06\/DSC04782-1536x1024.jpg 1536w, https:\/\/www.latviesudanubiedriba.dk\/wp-content\/uploads\/2025\/06\/DSC04782-2048x1365.jpg 2048w, https:\/\/www.latviesudanubiedriba.dk\/wp-content\/uploads\/2025\/06\/DSC04782-18x12.jpg 18w\" sizes=\"(max-width: 768px) 100vw, 768px\" \/>\t\t\t\t\t\t\t\t\t\t\t\t\t\t\t<\/div>\n\t\t\t\t<\/div>\n\t\t\t\t<div class=\"elementor-element elementor-element-285c4cd elementor-widget elementor-widget-spacer\" data-id=\"285c4cd\" data-element_type=\"widget\" data-e-type=\"widget\" data-widget_type=\"spacer.default\">\n\t\t\t\t<div class=\"elementor-widget-container\">\n\t\t\t\t\t\t\t<div class=\"elementor-spacer\">\n\t\t\t<div class=\"elementor-spacer-inner\"><\/div>\n\t\t<\/div>\n\t\t\t\t\t\t<\/div>\n\t\t\t\t<\/div>\n\t\t\t\t\t<\/div>\n\t\t<\/div>\n\t\t\t\t\t<\/div>\n\t\t<\/section>\n\t\t\t\t<section class=\"elementor-section elementor-top-section elementor-element elementor-element-8f8f4eb elementor-section-full_width elementor-section-height-default elementor-section-height-default\" data-id=\"8f8f4eb\" data-element_type=\"section\" data-e-type=\"section\">\n\t\t\t\t\t\t<div class=\"elementor-container elementor-column-gap-default\">\n\t\t\t\t\t<div class=\"elementor-column elementor-col-100 elementor-top-column elementor-element elementor-element-33a2ade\" data-id=\"33a2ade\" data-element_type=\"column\" data-e-type=\"column\">\n\t\t\t<div class=\"elementor-widget-wrap elementor-element-populated\">\n\t\t\t\t\t\t<div class=\"elementor-element elementor-element-dd390ac elementor-widget elementor-widget-google_maps\" data-id=\"dd390ac\" data-element_type=\"widget\" data-e-type=\"widget\" data-widget_type=\"google_maps.default\">\n\t\t\t\t<div class=\"elementor-widget-container\">\n\t\t\t\t\t\t\t<div class=\"elementor-custom-embed\">\n\t\t\t<iframe loading=\"lazy\"\n\t\t\t\t\tsrc=\"https:\/\/maps.google.com\/maps?q=Bygningen%20-%20Vejle%20Kulturservice&#038;t=m&#038;z=14&#038;output=embed&#038;iwloc=near\"\n\t\t\t\t\ttitle=\"Bygningen - Vejle Kulturservice\"\n\t\t\t\t\taria-label=\"Bygningen - Vejle Kulturservice\"\n\t\t\t><\/iframe>\n\t\t<\/div>\n\t\t\t\t\t\t<\/div>\n\t\t\t\t<\/div>\n\t\t\t\t\t<\/div>\n\t\t<\/div>\n\t\t\t\t\t<\/div>\n\t\t<\/section>\n\t\t\t\t<\/div>","protected":false},"excerpt":{"rendered":"<p>koris &#8220;rietumv\u0113j\u0161&#8221; Latvie\u0161u-d\u0101\u0146u biedr\u012bbas jauktais koris \u201cRietumv\u0113j\u0161\u201d aizs\u0101k\u0101s 2010. gada 21. apr\u012bl\u012b k\u0101 meite\u0146u ansamblis. Gadiem ejot, koris ir izaudzis par jaukto kori ar apm. 25 dzied\u0101t\u0101jiem.\u00a0 M\u0113s satiekamies tre\u0161dien\u0101s uz m\u0113\u0123in\u0101jumiem Vejles skaistaj\u0101 kult\u016bras nam\u0101 (Bygningen, Vejle). M\u0113s dziedam da\u017e\u0101du latvie\u0161u komponistu dziesmas, k\u0101 ar\u012b tautasdziesmas. Da\u017eas reizes gad\u0101 uzst\u0101jamies ar koncertiem gan Latvie\u0161u-d\u0101\u0146u [&hellip;]<\/p>\n","protected":false},"author":1,"featured_media":0,"parent":0,"menu_order":0,"comment_status":"closed","ping_status":"closed","template":"elementor_header_footer","meta":{"footnotes":""},"class_list":["post-545","page","type-page","status-publish","hentry"],"yoast_head":"<!-- This site is optimized with the Yoast SEO plugin v27.4 - https:\/\/yoast.com\/product\/yoast-seo-wordpress\/ -->\n<title>Rietumv\u0113j\u0161 - Latvie\u0161u - d\u0101\u0146u biedr\u012bba | Latvie\u0161u koris D\u0101nij\u0101<\/title>\n<meta name=\"description\" content=\"&quot;Rietumv\u0113j\u0161&quot; ir latvie\u0161u dibin\u0101ts jauktais koris D\u0101nij\u0101. Koris past\u0101v jau kop\u0161 2010.gada. M\u0113\u0123in\u0101jumi notiek Jitlandes pussal\u0101, Vejl\u0113.\" \/>\n<meta name=\"robots\" content=\"index, follow, max-snippet:-1, max-image-preview:large, max-video-preview:-1\" \/>\n<link rel=\"canonical\" href=\"https:\/\/www.latviesudanubiedriba.dk\/dk\/rietumvejs\/\" \/>\n<meta property=\"og:locale\" content=\"da_DK\" \/>\n<meta property=\"og:type\" content=\"article\" \/>\n<meta property=\"og:title\" content=\"Rietumv\u0113j\u0161 - Latvie\u0161u - d\u0101\u0146u biedr\u012bba | Latvie\u0161u koris D\u0101nij\u0101\" \/>\n<meta property=\"og:description\" content=\"&quot;Rietumv\u0113j\u0161&quot; ir latvie\u0161u dibin\u0101ts jauktais koris D\u0101nij\u0101. Koris past\u0101v jau kop\u0161 2010.gada. M\u0113\u0123in\u0101jumi notiek Jitlandes pussal\u0101, Vejl\u0113.\" \/>\n<meta property=\"og:url\" content=\"https:\/\/www.latviesudanubiedriba.dk\/dk\/rietumvejs\/\" \/>\n<meta property=\"og:site_name\" content=\"Latvie\u0161u - d\u0101\u0146u biedr\u012bba\" \/>\n<meta property=\"article:modified_time\" content=\"2025-06-23T10:24:41+00:00\" \/>\n<meta property=\"og:image\" content=\"https:\/\/www.latviesudanubiedriba.dk\/wp-content\/uploads\/2025\/06\/DSC04782-768x512.jpg\" \/>\n<meta name=\"twitter:card\" content=\"summary_large_image\" \/>\n<meta name=\"twitter:label1\" content=\"Estimeret l\u00e6setid\" \/>\n\t<meta name=\"twitter:data1\" content=\"2 minutter\" \/>\n<script type=\"application\/ld+json\" class=\"yoast-schema-graph\">{\"@context\":\"https:\\\/\\\/schema.org\",\"@graph\":[{\"@type\":\"WebPage\",\"@id\":\"https:\\\/\\\/www.latviesudanubiedriba.dk\\\/rietumvejs\\\/\",\"url\":\"https:\\\/\\\/www.latviesudanubiedriba.dk\\\/rietumvejs\\\/\",\"name\":\"Rietumv\u0113j\u0161 - Latvie\u0161u - d\u0101\u0146u biedr\u012bba | Latvie\u0161u koris D\u0101nij\u0101\",\"isPartOf\":{\"@id\":\"https:\\\/\\\/www.latviesudanubiedriba.dk\\\/#website\"},\"primaryImageOfPage\":{\"@id\":\"https:\\\/\\\/www.latviesudanubiedriba.dk\\\/rietumvejs\\\/#primaryimage\"},\"image\":{\"@id\":\"https:\\\/\\\/www.latviesudanubiedriba.dk\\\/rietumvejs\\\/#primaryimage\"},\"thumbnailUrl\":\"https:\\\/\\\/www.latviesudanubiedriba.dk\\\/wp-content\\\/uploads\\\/2025\\\/06\\\/DSC04782-768x512.jpg\",\"datePublished\":\"2020-02-13T11:14:39+00:00\",\"dateModified\":\"2025-06-23T10:24:41+00:00\",\"description\":\"\\\"Rietumv\u0113j\u0161\\\" ir latvie\u0161u dibin\u0101ts jauktais koris D\u0101nij\u0101. Koris past\u0101v jau kop\u0161 2010.gada. M\u0113\u0123in\u0101jumi notiek Jitlandes pussal\u0101, Vejl\u0113.\",\"breadcrumb\":{\"@id\":\"https:\\\/\\\/www.latviesudanubiedriba.dk\\\/rietumvejs\\\/#breadcrumb\"},\"inLanguage\":\"da-DK\",\"potentialAction\":[{\"@type\":\"ReadAction\",\"target\":[\"https:\\\/\\\/www.latviesudanubiedriba.dk\\\/rietumvejs\\\/\"]}]},{\"@type\":\"ImageObject\",\"inLanguage\":\"da-DK\",\"@id\":\"https:\\\/\\\/www.latviesudanubiedriba.dk\\\/rietumvejs\\\/#primaryimage\",\"url\":\"https:\\\/\\\/www.latviesudanubiedriba.dk\\\/wp-content\\\/uploads\\\/2025\\\/06\\\/DSC04782-768x512.jpg\",\"contentUrl\":\"https:\\\/\\\/www.latviesudanubiedriba.dk\\\/wp-content\\\/uploads\\\/2025\\\/06\\\/DSC04782-768x512.jpg\"},{\"@type\":\"BreadcrumbList\",\"@id\":\"https:\\\/\\\/www.latviesudanubiedriba.dk\\\/rietumvejs\\\/#breadcrumb\",\"itemListElement\":[{\"@type\":\"ListItem\",\"position\":1,\"name\":\"Home\",\"item\":\"https:\\\/\\\/www.latviesudanubiedriba.dk\\\/\"},{\"@type\":\"ListItem\",\"position\":2,\"name\":\"Rietumv\u0113j\u0161\"}]},{\"@type\":\"WebSite\",\"@id\":\"https:\\\/\\\/www.latviesudanubiedriba.dk\\\/#website\",\"url\":\"https:\\\/\\\/www.latviesudanubiedriba.dk\\\/\",\"name\":\"Latvie\u0161u - d\u0101\u0146u biedr\u012bba\",\"description\":\"LDB\",\"potentialAction\":[{\"@type\":\"SearchAction\",\"target\":{\"@type\":\"EntryPoint\",\"urlTemplate\":\"https:\\\/\\\/www.latviesudanubiedriba.dk\\\/?s={search_term_string}\"},\"query-input\":{\"@type\":\"PropertyValueSpecification\",\"valueRequired\":true,\"valueName\":\"search_term_string\"}}],\"inLanguage\":\"da-DK\"}]}<\/script>\n<!-- \/ Yoast SEO plugin. -->","yoast_head_json":{"title":"Rietumv\u0113j\u0161 - Latvie\u0161u - d\u0101\u0146u biedr\u012bba | Latvie\u0161u koris D\u0101nij\u0101","description":"\"Rietumv\u0113j\u0161\" ir latvie\u0161u dibin\u0101ts jauktais koris D\u0101nij\u0101. Koris past\u0101v jau kop\u0161 2010.gada. M\u0113\u0123in\u0101jumi notiek Jitlandes pussal\u0101, Vejl\u0113.","robots":{"index":"index","follow":"follow","max-snippet":"max-snippet:-1","max-image-preview":"max-image-preview:large","max-video-preview":"max-video-preview:-1"},"canonical":"https:\/\/www.latviesudanubiedriba.dk\/dk\/rietumvejs\/","og_locale":"da_DK","og_type":"article","og_title":"Rietumv\u0113j\u0161 - Latvie\u0161u - d\u0101\u0146u biedr\u012bba | Latvie\u0161u koris D\u0101nij\u0101","og_description":"\"Rietumv\u0113j\u0161\" ir latvie\u0161u dibin\u0101ts jauktais koris D\u0101nij\u0101. Koris past\u0101v jau kop\u0161 2010.gada. M\u0113\u0123in\u0101jumi notiek Jitlandes pussal\u0101, Vejl\u0113.","og_url":"https:\/\/www.latviesudanubiedriba.dk\/dk\/rietumvejs\/","og_site_name":"Latvie\u0161u - d\u0101\u0146u biedr\u012bba","article_modified_time":"2025-06-23T10:24:41+00:00","og_image":[{"url":"https:\/\/www.latviesudanubiedriba.dk\/wp-content\/uploads\/2025\/06\/DSC04782-768x512.jpg","type":"","width":"","height":""}],"twitter_card":"summary_large_image","twitter_misc":{"Estimeret l\u00e6setid":"2 minutter"},"schema":{"@context":"https:\/\/schema.org","@graph":[{"@type":"WebPage","@id":"https:\/\/www.latviesudanubiedriba.dk\/rietumvejs\/","url":"https:\/\/www.latviesudanubiedriba.dk\/rietumvejs\/","name":"Rietumv\u0113j\u0161 - Latvie\u0161u - d\u0101\u0146u biedr\u012bba | Latvie\u0161u koris D\u0101nij\u0101","isPartOf":{"@id":"https:\/\/www.latviesudanubiedriba.dk\/#website"},"primaryImageOfPage":{"@id":"https:\/\/www.latviesudanubiedriba.dk\/rietumvejs\/#primaryimage"},"image":{"@id":"https:\/\/www.latviesudanubiedriba.dk\/rietumvejs\/#primaryimage"},"thumbnailUrl":"https:\/\/www.latviesudanubiedriba.dk\/wp-content\/uploads\/2025\/06\/DSC04782-768x512.jpg","datePublished":"2020-02-13T11:14:39+00:00","dateModified":"2025-06-23T10:24:41+00:00","description":"\"Rietumv\u0113j\u0161\" ir latvie\u0161u dibin\u0101ts jauktais koris D\u0101nij\u0101. Koris past\u0101v jau kop\u0161 2010.gada. M\u0113\u0123in\u0101jumi notiek Jitlandes pussal\u0101, Vejl\u0113.","breadcrumb":{"@id":"https:\/\/www.latviesudanubiedriba.dk\/rietumvejs\/#breadcrumb"},"inLanguage":"da-DK","potentialAction":[{"@type":"ReadAction","target":["https:\/\/www.latviesudanubiedriba.dk\/rietumvejs\/"]}]},{"@type":"ImageObject","inLanguage":"da-DK","@id":"https:\/\/www.latviesudanubiedriba.dk\/rietumvejs\/#primaryimage","url":"https:\/\/www.latviesudanubiedriba.dk\/wp-content\/uploads\/2025\/06\/DSC04782-768x512.jpg","contentUrl":"https:\/\/www.latviesudanubiedriba.dk\/wp-content\/uploads\/2025\/06\/DSC04782-768x512.jpg"},{"@type":"BreadcrumbList","@id":"https:\/\/www.latviesudanubiedriba.dk\/rietumvejs\/#breadcrumb","itemListElement":[{"@type":"ListItem","position":1,"name":"Home","item":"https:\/\/www.latviesudanubiedriba.dk\/"},{"@type":"ListItem","position":2,"name":"Rietumv\u0113j\u0161"}]},{"@type":"WebSite","@id":"https:\/\/www.latviesudanubiedriba.dk\/#website","url":"https:\/\/www.latviesudanubiedriba.dk\/","name":"Latvie\u0161u - d\u0101\u0146u biedr\u012bba","description":"LDB","potentialAction":[{"@type":"SearchAction","target":{"@type":"EntryPoint","urlTemplate":"https:\/\/www.latviesudanubiedriba.dk\/?s={search_term_string}"},"query-input":{"@type":"PropertyValueSpecification","valueRequired":true,"valueName":"search_term_string"}}],"inLanguage":"da-DK"}]}},"_links":{"self":[{"href":"https:\/\/www.latviesudanubiedriba.dk\/dk\/wp-json\/wp\/v2\/pages\/545","targetHints":{"allow":["GET"]}}],"collection":[{"href":"https:\/\/www.latviesudanubiedriba.dk\/dk\/wp-json\/wp\/v2\/pages"}],"about":[{"href":"https:\/\/www.latviesudanubiedriba.dk\/dk\/wp-json\/wp\/v2\/types\/page"}],"author":[{"embeddable":true,"href":"https:\/\/www.latviesudanubiedriba.dk\/dk\/wp-json\/wp\/v2\/users\/1"}],"replies":[{"embeddable":true,"href":"https:\/\/www.latviesudanubiedriba.dk\/dk\/wp-json\/wp\/v2\/comments?post=545"}],"version-history":[{"count":92,"href":"https:\/\/www.latviesudanubiedriba.dk\/dk\/wp-json\/wp\/v2\/pages\/545\/revisions"}],"predecessor-version":[{"id":2352,"href":"https:\/\/www.latviesudanubiedriba.dk\/dk\/wp-json\/wp\/v2\/pages\/545\/revisions\/2352"}],"wp:attachment":[{"href":"https:\/\/www.latviesudanubiedriba.dk\/dk\/wp-json\/wp\/v2\/media?parent=545"}],"curies":[{"name":"wp","href":"https:\/\/api.w.org\/{rel}","templated":true}]}}