{"id":547,"date":"2020-02-13T12:15:35","date_gmt":"2020-02-13T11:15:35","guid":{"rendered":"http:\/\/www.latviesudanubiedriba.dk\/?page_id=547"},"modified":"2024-08-21T23:17:20","modified_gmt":"2024-08-21T22:17:20","slug":"melnie-laci","status":"publish","type":"page","link":"https:\/\/www.latviesudanubiedriba.dk\/dk\/melnie-laci\/","title":{"rendered":"Melnie-l\u0101\u010di"},"content":{"rendered":"<div data-elementor-type=\"wp-page\" data-elementor-id=\"547\" class=\"elementor elementor-547\">\n\t\t\t\t\t\t<section class=\"elementor-section elementor-top-section elementor-element elementor-element-5a8df72d elementor-section-stretched elementor-section-content-middle elementor-section-height-min-height elementor-section-boxed elementor-section-height-default elementor-section-items-middle\" data-id=\"5a8df72d\" data-element_type=\"section\" data-e-type=\"section\" data-settings=\"{&quot;stretch_section&quot;:&quot;section-stretched&quot;,&quot;background_background&quot;:&quot;classic&quot;}\">\n\t\t\t\t\t\t\t<div class=\"elementor-background-overlay\"><\/div>\n\t\t\t\t\t\t\t<div class=\"elementor-container elementor-column-gap-no\">\n\t\t\t\t\t<div class=\"elementor-column elementor-col-100 elementor-top-column elementor-element elementor-element-aec1c72\" data-id=\"aec1c72\" data-element_type=\"column\" data-e-type=\"column\" data-settings=\"{&quot;background_background&quot;:&quot;gradient&quot;}\">\n\t\t\t<div class=\"elementor-widget-wrap elementor-element-populated\">\n\t\t\t\t\t\t<div class=\"elementor-element elementor-element-1030d1a1 elementor-widget elementor-widget-heading\" data-id=\"1030d1a1\" data-element_type=\"widget\" data-e-type=\"widget\" data-widget_type=\"heading.default\">\n\t\t\t\t<div class=\"elementor-widget-container\">\n\t\t\t\t\t<h1 class=\"elementor-heading-title elementor-size-default\">\"melnie l\u0101\u010di\"<\/h1>\t\t\t\t<\/div>\n\t\t\t\t<\/div>\n\t\t\t\t\t<\/div>\n\t\t<\/div>\n\t\t\t\t\t<\/div>\n\t\t<\/section>\n\t\t\t\t<section class=\"elementor-section elementor-top-section elementor-element elementor-element-51b51c7 elementor-section-boxed elementor-section-height-default elementor-section-height-default\" data-id=\"51b51c7\" data-element_type=\"section\" data-e-type=\"section\">\n\t\t\t\t\t\t<div class=\"elementor-container elementor-column-gap-default\">\n\t\t\t\t\t<div class=\"elementor-column elementor-col-50 elementor-top-column elementor-element elementor-element-b814316\" data-id=\"b814316\" data-element_type=\"column\" data-e-type=\"column\">\n\t\t\t<div class=\"elementor-widget-wrap elementor-element-populated\">\n\t\t\t\t\t\t<div class=\"elementor-element elementor-element-c3f4366 elementor-widget elementor-widget-spacer\" data-id=\"c3f4366\" data-element_type=\"widget\" data-e-type=\"widget\" data-widget_type=\"spacer.default\">\n\t\t\t\t<div class=\"elementor-widget-container\">\n\t\t\t\t\t\t\t<div class=\"elementor-spacer\">\n\t\t\t<div class=\"elementor-spacer-inner\"><\/div>\n\t\t<\/div>\n\t\t\t\t\t\t<\/div>\n\t\t\t\t<\/div>\n\t\t\t\t<div class=\"elementor-element elementor-element-b35d4e3 elementor-position-top elementor-widget elementor-widget-image-box\" data-id=\"b35d4e3\" data-element_type=\"widget\" data-e-type=\"widget\" data-widget_type=\"image-box.default\">\n\t\t\t\t<div class=\"elementor-widget-container\">\n\t\t\t\t\t<div class=\"elementor-image-box-wrapper\"><figure class=\"elementor-image-box-img\"><img fetchpriority=\"high\" decoding=\"async\" width=\"800\" height=\"600\" src=\"https:\/\/www.latviesudanubiedriba.dk\/wp-content\/uploads\/2020\/02\/hokejs.jpg\" class=\"attachment-large size-large wp-image-501\" alt=\"Hokeja komanda\" srcset=\"https:\/\/www.latviesudanubiedriba.dk\/wp-content\/uploads\/2020\/02\/hokejs.jpg 1024w, https:\/\/www.latviesudanubiedriba.dk\/wp-content\/uploads\/2020\/02\/hokejs-300x225.jpg 300w, https:\/\/www.latviesudanubiedriba.dk\/wp-content\/uploads\/2020\/02\/hokejs-768x576.jpg 768w\" sizes=\"(max-width: 800px) 100vw, 800px\" \/><\/figure><div class=\"elementor-image-box-content\"><p class=\"elementor-image-box-description\">Latvie\u0161u hokeja komanda D\u0101nij\u0101 - IHC Black Bears Latvie\u0161i ir visur- \u0161o Otto Ozola gr\u0101matas nosaukumu var\u0113tu attiecin\u0101t ar\u012b uz latvie\u0161u pui\u0161iem, kuri D\u0101nij\u0101 ir dibin\u0101ju\u0161i savu hokeja komandu- IHC Black Bears (Melnie L\u0101\u010di). <\/p><\/div><\/div>\t\t\t\t<\/div>\n\t\t\t\t<\/div>\n\t\t\t\t\t<\/div>\n\t\t<\/div>\n\t\t\t\t<div class=\"elementor-column elementor-col-50 elementor-top-column elementor-element elementor-element-cefbb84\" data-id=\"cefbb84\" data-element_type=\"column\" data-e-type=\"column\">\n\t\t\t<div class=\"elementor-widget-wrap elementor-element-populated\">\n\t\t\t\t\t\t<div class=\"elementor-element elementor-element-eead7f9 elementor-hidden-phone elementor-widget elementor-widget-spacer\" data-id=\"eead7f9\" data-element_type=\"widget\" data-e-type=\"widget\" data-widget_type=\"spacer.default\">\n\t\t\t\t<div class=\"elementor-widget-container\">\n\t\t\t\t\t\t\t<div class=\"elementor-spacer\">\n\t\t\t<div class=\"elementor-spacer-inner\"><\/div>\n\t\t<\/div>\n\t\t\t\t\t\t<\/div>\n\t\t\t\t<\/div>\n\t\t\t\t<div class=\"elementor-element elementor-element-280571d elementor-widget elementor-widget-text-editor\" data-id=\"280571d\" data-element_type=\"widget\" data-e-type=\"widget\" data-widget_type=\"text-editor.default\">\n\t\t\t\t<div class=\"elementor-widget-container\">\n\t\t\t\t\t\t\t\t\t<p><span style=\"font-size: 14px;\">Latvij\u0101 dzimu\u0161ajiem m\u012blest\u012bba pret hokeju, ac\u012bmredzot, tiek likta jau \u0161\u016bpul\u012b.\u00a0 Un, pat aizbraucot no Latvijas, t\u0101 paliek tikpat sp\u0113c\u012bga &#8211; tas priec\u0113 ne tikai pa\u0161us hokejistus, bet ar\u012b tos, kam pat\u012bk v\u0113rot un koment\u0113t sp\u0113les.<\/span><\/p><p>L\u0101\u010dus var\u0113tu ar\u012b d\u0113v\u0113t par mazo Latvijas izlasi D\u0101nijas Jitlandes sal\u0101, jo\u00a0sp\u0113l\u0113t\u0101ji ir salas\u012bju\u0161ies no visiem Latvijas re\u0123ioniem &#8211; Kurzemes (Liep\u0101ja,Priekule Bl\u012bdene), Vidzemes (R\u012bga, Smiltene), Zemgales (Jelgava) un Latgales (Aglona, Murmastiene). \u0160obr\u012bd komand\u0101 akt\u012bvi darbojas 22 pui\u0161i un viena meitene (Latvijas \u2013 sievie\u0161u izlases un\u00a0 D\u0101nijas kluba Odenses Buldogs meite\u0146u komandas sp\u0113l\u0113t\u0101ja). Treni\u0146i notiek Esbjerg\u0101, piektdienas vakaros.<\/p><p>L\u0101\u010di , bez treni\u0146iem, piedal\u0101s ar\u012b amatieru turn\u012br\u0101 MHL (Midnight hockey league) un sezonas nosl\u0113guma turn\u012br\u0101 DM Odense (Dansk Mesterskab). Augst\u0101kie sasniegumi ir biju\u0161i 1. vieta MHL un 1. un 2. vieta DM.<\/p><p>Kontaktpersonas:\u00a0<\/p><p>Ain\u0101rs Katinskis\u00a0\u00a0<strong>+45 50175250<\/strong><\/p><p>Raivis Orba\u00a0\u00a0<strong>+45 29253189<\/strong><\/p>\t\t\t\t\t\t\t\t<\/div>\n\t\t\t\t<\/div>\n\t\t\t\t<div class=\"elementor-element elementor-element-3d66332 elementor-view-default elementor-widget elementor-widget-icon\" data-id=\"3d66332\" data-element_type=\"widget\" data-e-type=\"widget\" data-widget_type=\"icon.default\">\n\t\t\t\t<div class=\"elementor-widget-container\">\n\t\t\t\t\t\t\t<div class=\"elementor-icon-wrapper\">\n\t\t\t<a class=\"elementor-icon elementor-animation-push\" href=\"https:\/\/www.facebook.com\/IhcBlackBears\/\" target=\"_blank\">\n\t\t\t<i aria-hidden=\"true\" class=\"fab fa-facebook\"><\/i>\t\t\t<\/a>\n\t\t<\/div>\n\t\t\t\t\t\t<\/div>\n\t\t\t\t<\/div>\n\t\t\t\t\t<\/div>\n\t\t<\/div>\n\t\t\t\t\t<\/div>\n\t\t<\/section>\n\t\t\t\t<section class=\"elementor-section elementor-top-section elementor-element elementor-element-b8e9192 elementor-section-full_width elementor-section-height-default elementor-section-height-default\" data-id=\"b8e9192\" data-element_type=\"section\" data-e-type=\"section\">\n\t\t\t\t\t\t<div class=\"elementor-container elementor-column-gap-default\">\n\t\t\t\t\t<div class=\"elementor-column elementor-col-100 elementor-top-column elementor-element elementor-element-3a676a2\" data-id=\"3a676a2\" data-element_type=\"column\" data-e-type=\"column\">\n\t\t\t<div class=\"elementor-widget-wrap elementor-element-populated\">\n\t\t\t\t\t\t<div class=\"elementor-element elementor-element-633d63c elementor-widget elementor-widget-spacer\" data-id=\"633d63c\" data-element_type=\"widget\" data-e-type=\"widget\" data-widget_type=\"spacer.default\">\n\t\t\t\t<div class=\"elementor-widget-container\">\n\t\t\t\t\t\t\t<div class=\"elementor-spacer\">\n\t\t\t<div class=\"elementor-spacer-inner\"><\/div>\n\t\t<\/div>\n\t\t\t\t\t\t<\/div>\n\t\t\t\t<\/div>\n\t\t\t\t<div class=\"elementor-element elementor-element-033beda elementor-widget elementor-widget-google_maps\" data-id=\"033beda\" data-element_type=\"widget\" data-e-type=\"widget\" data-widget_type=\"google_maps.default\">\n\t\t\t\t<div class=\"elementor-widget-container\">\n\t\t\t\t\t\t\t<div class=\"elementor-custom-embed\">\n\t\t\t<iframe loading=\"lazy\"\n\t\t\t\t\tsrc=\"https:\/\/maps.google.com\/maps?q=Granly%20Hockey%20Arena%2C%206700%20Esbjerg&#038;t=m&#038;z=12&#038;output=embed&#038;iwloc=near\"\n\t\t\t\t\ttitle=\"Granly Hockey Arena, 6700 Esbjerg\"\n\t\t\t\t\taria-label=\"Granly Hockey Arena, 6700 Esbjerg\"\n\t\t\t><\/iframe>\n\t\t<\/div>\n\t\t\t\t\t\t<\/div>\n\t\t\t\t<\/div>\n\t\t\t\t\t<\/div>\n\t\t<\/div>\n\t\t\t\t\t<\/div>\n\t\t<\/section>\n\t\t\t\t<\/div>","protected":false},"excerpt":{"rendered":"<p>&#8220;melnie l\u0101\u010di&#8221; Latvie\u0161u hokeja komanda D\u0101nij\u0101 &#8211; IHC Black Bears Latvie\u0161i ir visur- \u0161o Otto Ozola gr\u0101matas nosaukumu var\u0113tu attiecin\u0101t ar\u012b uz latvie\u0161u pui\u0161iem, kuri D\u0101nij\u0101 ir dibin\u0101ju\u0161i savu hokeja komandu- IHC Black Bears (Melnie L\u0101\u010di). Latvij\u0101 dzimu\u0161ajiem m\u012blest\u012bba pret hokeju, ac\u012bmredzot, tiek likta jau \u0161\u016bpul\u012b.\u00a0 Un, pat aizbraucot no Latvijas, t\u0101 paliek tikpat sp\u0113c\u012bga [&hellip;]<\/p>\n","protected":false},"author":1,"featured_media":0,"parent":0,"menu_order":0,"comment_status":"closed","ping_status":"closed","template":"elementor_header_footer","meta":{"footnotes":""},"class_list":["post-547","page","type-page","status-publish","hentry"],"yoast_head":"<!-- This site is optimized with the Yoast SEO plugin v27.4 - https:\/\/yoast.com\/product\/yoast-seo-wordpress\/ -->\n<title>Melnie l\u0101\u010di - Latvie\u0161u - d\u0101\u0146u biedr\u012bba | Latvie\u0161u hokeja komanda D\u0101nij\u0101<\/title>\n<meta name=\"description\" content=\"&quot;Melnie l\u0101\u010di&quot; ir latvie\u0161u izveidota hokeja komanda D\u0101nij\u0101, kur sportu cieno\u0161iem cilv\u0113kiem ir iesp\u0113ja san\u0101kt kop\u0101 un sp\u0113l\u0113t hokeju.\" \/>\n<meta name=\"robots\" content=\"index, follow, max-snippet:-1, max-image-preview:large, max-video-preview:-1\" \/>\n<link rel=\"canonical\" href=\"https:\/\/www.latviesudanubiedriba.dk\/dk\/melnie-laci\/\" \/>\n<meta property=\"og:locale\" content=\"da_DK\" \/>\n<meta property=\"og:type\" content=\"article\" \/>\n<meta property=\"og:title\" content=\"Melnie l\u0101\u010di - Latvie\u0161u - d\u0101\u0146u biedr\u012bba | Latvie\u0161u hokeja komanda D\u0101nij\u0101\" \/>\n<meta property=\"og:description\" content=\"&quot;Melnie l\u0101\u010di&quot; ir latvie\u0161u izveidota hokeja komanda D\u0101nij\u0101, kur sportu cieno\u0161iem cilv\u0113kiem ir iesp\u0113ja san\u0101kt kop\u0101 un sp\u0113l\u0113t hokeju.\" \/>\n<meta property=\"og:url\" content=\"https:\/\/www.latviesudanubiedriba.dk\/dk\/melnie-laci\/\" \/>\n<meta property=\"og:site_name\" content=\"Latvie\u0161u - d\u0101\u0146u biedr\u012bba\" \/>\n<meta property=\"article:modified_time\" content=\"2024-08-21T22:17:20+00:00\" \/>\n<meta property=\"og:image\" content=\"https:\/\/www.latviesudanubiedriba.dk\/wp-content\/uploads\/2020\/02\/hokejs.jpg\" \/>\n<meta name=\"twitter:card\" content=\"summary_large_image\" \/>\n<meta name=\"twitter:label1\" content=\"Estimeret l\u00e6setid\" \/>\n\t<meta name=\"twitter:data1\" content=\"1 minut\" \/>\n<script type=\"application\/ld+json\" class=\"yoast-schema-graph\">{\"@context\":\"https:\\\/\\\/schema.org\",\"@graph\":[{\"@type\":\"WebPage\",\"@id\":\"https:\\\/\\\/www.latviesudanubiedriba.dk\\\/melnie-laci\\\/\",\"url\":\"https:\\\/\\\/www.latviesudanubiedriba.dk\\\/melnie-laci\\\/\",\"name\":\"Melnie l\u0101\u010di - Latvie\u0161u - d\u0101\u0146u biedr\u012bba | Latvie\u0161u hokeja komanda D\u0101nij\u0101\",\"isPartOf\":{\"@id\":\"https:\\\/\\\/www.latviesudanubiedriba.dk\\\/#website\"},\"primaryImageOfPage\":{\"@id\":\"https:\\\/\\\/www.latviesudanubiedriba.dk\\\/melnie-laci\\\/#primaryimage\"},\"image\":{\"@id\":\"https:\\\/\\\/www.latviesudanubiedriba.dk\\\/melnie-laci\\\/#primaryimage\"},\"thumbnailUrl\":\"https:\\\/\\\/www.latviesudanubiedriba.dk\\\/wp-content\\\/uploads\\\/2020\\\/02\\\/hokejs.jpg\",\"datePublished\":\"2020-02-13T11:15:35+00:00\",\"dateModified\":\"2024-08-21T22:17:20+00:00\",\"description\":\"\\\"Melnie l\u0101\u010di\\\" ir latvie\u0161u izveidota hokeja komanda D\u0101nij\u0101, kur sportu cieno\u0161iem cilv\u0113kiem ir iesp\u0113ja san\u0101kt kop\u0101 un sp\u0113l\u0113t hokeju.\",\"breadcrumb\":{\"@id\":\"https:\\\/\\\/www.latviesudanubiedriba.dk\\\/melnie-laci\\\/#breadcrumb\"},\"inLanguage\":\"da-DK\",\"potentialAction\":[{\"@type\":\"ReadAction\",\"target\":[\"https:\\\/\\\/www.latviesudanubiedriba.dk\\\/melnie-laci\\\/\"]}]},{\"@type\":\"ImageObject\",\"inLanguage\":\"da-DK\",\"@id\":\"https:\\\/\\\/www.latviesudanubiedriba.dk\\\/melnie-laci\\\/#primaryimage\",\"url\":\"https:\\\/\\\/www.latviesudanubiedriba.dk\\\/wp-content\\\/uploads\\\/2020\\\/02\\\/hokejs.jpg\",\"contentUrl\":\"https:\\\/\\\/www.latviesudanubiedriba.dk\\\/wp-content\\\/uploads\\\/2020\\\/02\\\/hokejs.jpg\"},{\"@type\":\"BreadcrumbList\",\"@id\":\"https:\\\/\\\/www.latviesudanubiedriba.dk\\\/melnie-laci\\\/#breadcrumb\",\"itemListElement\":[{\"@type\":\"ListItem\",\"position\":1,\"name\":\"Home\",\"item\":\"https:\\\/\\\/www.latviesudanubiedriba.dk\\\/\"},{\"@type\":\"ListItem\",\"position\":2,\"name\":\"Melnie-l\u0101\u010di\"}]},{\"@type\":\"WebSite\",\"@id\":\"https:\\\/\\\/www.latviesudanubiedriba.dk\\\/#website\",\"url\":\"https:\\\/\\\/www.latviesudanubiedriba.dk\\\/\",\"name\":\"Latvie\u0161u - d\u0101\u0146u biedr\u012bba\",\"description\":\"LDB\",\"potentialAction\":[{\"@type\":\"SearchAction\",\"target\":{\"@type\":\"EntryPoint\",\"urlTemplate\":\"https:\\\/\\\/www.latviesudanubiedriba.dk\\\/?s={search_term_string}\"},\"query-input\":{\"@type\":\"PropertyValueSpecification\",\"valueRequired\":true,\"valueName\":\"search_term_string\"}}],\"inLanguage\":\"da-DK\"}]}<\/script>\n<!-- \/ Yoast SEO plugin. -->","yoast_head_json":{"title":"Melnie l\u0101\u010di - Latvie\u0161u - d\u0101\u0146u biedr\u012bba | Latvie\u0161u hokeja komanda D\u0101nij\u0101","description":"\"Melnie l\u0101\u010di\" ir latvie\u0161u izveidota hokeja komanda D\u0101nij\u0101, kur sportu cieno\u0161iem cilv\u0113kiem ir iesp\u0113ja san\u0101kt kop\u0101 un sp\u0113l\u0113t hokeju.","robots":{"index":"index","follow":"follow","max-snippet":"max-snippet:-1","max-image-preview":"max-image-preview:large","max-video-preview":"max-video-preview:-1"},"canonical":"https:\/\/www.latviesudanubiedriba.dk\/dk\/melnie-laci\/","og_locale":"da_DK","og_type":"article","og_title":"Melnie l\u0101\u010di - Latvie\u0161u - d\u0101\u0146u biedr\u012bba | Latvie\u0161u hokeja komanda D\u0101nij\u0101","og_description":"\"Melnie l\u0101\u010di\" ir latvie\u0161u izveidota hokeja komanda D\u0101nij\u0101, kur sportu cieno\u0161iem cilv\u0113kiem ir iesp\u0113ja san\u0101kt kop\u0101 un sp\u0113l\u0113t hokeju.","og_url":"https:\/\/www.latviesudanubiedriba.dk\/dk\/melnie-laci\/","og_site_name":"Latvie\u0161u - d\u0101\u0146u biedr\u012bba","article_modified_time":"2024-08-21T22:17:20+00:00","og_image":[{"url":"https:\/\/www.latviesudanubiedriba.dk\/wp-content\/uploads\/2020\/02\/hokejs.jpg","type":"","width":"","height":""}],"twitter_card":"summary_large_image","twitter_misc":{"Estimeret l\u00e6setid":"1 minut"},"schema":{"@context":"https:\/\/schema.org","@graph":[{"@type":"WebPage","@id":"https:\/\/www.latviesudanubiedriba.dk\/melnie-laci\/","url":"https:\/\/www.latviesudanubiedriba.dk\/melnie-laci\/","name":"Melnie l\u0101\u010di - Latvie\u0161u - d\u0101\u0146u biedr\u012bba | Latvie\u0161u hokeja komanda D\u0101nij\u0101","isPartOf":{"@id":"https:\/\/www.latviesudanubiedriba.dk\/#website"},"primaryImageOfPage":{"@id":"https:\/\/www.latviesudanubiedriba.dk\/melnie-laci\/#primaryimage"},"image":{"@id":"https:\/\/www.latviesudanubiedriba.dk\/melnie-laci\/#primaryimage"},"thumbnailUrl":"https:\/\/www.latviesudanubiedriba.dk\/wp-content\/uploads\/2020\/02\/hokejs.jpg","datePublished":"2020-02-13T11:15:35+00:00","dateModified":"2024-08-21T22:17:20+00:00","description":"\"Melnie l\u0101\u010di\" ir latvie\u0161u izveidota hokeja komanda D\u0101nij\u0101, kur sportu cieno\u0161iem cilv\u0113kiem ir iesp\u0113ja san\u0101kt kop\u0101 un sp\u0113l\u0113t hokeju.","breadcrumb":{"@id":"https:\/\/www.latviesudanubiedriba.dk\/melnie-laci\/#breadcrumb"},"inLanguage":"da-DK","potentialAction":[{"@type":"ReadAction","target":["https:\/\/www.latviesudanubiedriba.dk\/melnie-laci\/"]}]},{"@type":"ImageObject","inLanguage":"da-DK","@id":"https:\/\/www.latviesudanubiedriba.dk\/melnie-laci\/#primaryimage","url":"https:\/\/www.latviesudanubiedriba.dk\/wp-content\/uploads\/2020\/02\/hokejs.jpg","contentUrl":"https:\/\/www.latviesudanubiedriba.dk\/wp-content\/uploads\/2020\/02\/hokejs.jpg"},{"@type":"BreadcrumbList","@id":"https:\/\/www.latviesudanubiedriba.dk\/melnie-laci\/#breadcrumb","itemListElement":[{"@type":"ListItem","position":1,"name":"Home","item":"https:\/\/www.latviesudanubiedriba.dk\/"},{"@type":"ListItem","position":2,"name":"Melnie-l\u0101\u010di"}]},{"@type":"WebSite","@id":"https:\/\/www.latviesudanubiedriba.dk\/#website","url":"https:\/\/www.latviesudanubiedriba.dk\/","name":"Latvie\u0161u - d\u0101\u0146u biedr\u012bba","description":"LDB","potentialAction":[{"@type":"SearchAction","target":{"@type":"EntryPoint","urlTemplate":"https:\/\/www.latviesudanubiedriba.dk\/?s={search_term_string}"},"query-input":{"@type":"PropertyValueSpecification","valueRequired":true,"valueName":"search_term_string"}}],"inLanguage":"da-DK"}]}},"_links":{"self":[{"href":"https:\/\/www.latviesudanubiedriba.dk\/dk\/wp-json\/wp\/v2\/pages\/547","targetHints":{"allow":["GET"]}}],"collection":[{"href":"https:\/\/www.latviesudanubiedriba.dk\/dk\/wp-json\/wp\/v2\/pages"}],"about":[{"href":"https:\/\/www.latviesudanubiedriba.dk\/dk\/wp-json\/wp\/v2\/types\/page"}],"author":[{"embeddable":true,"href":"https:\/\/www.latviesudanubiedriba.dk\/dk\/wp-json\/wp\/v2\/users\/1"}],"replies":[{"embeddable":true,"href":"https:\/\/www.latviesudanubiedriba.dk\/dk\/wp-json\/wp\/v2\/comments?post=547"}],"version-history":[{"count":22,"href":"https:\/\/www.latviesudanubiedriba.dk\/dk\/wp-json\/wp\/v2\/pages\/547\/revisions"}],"predecessor-version":[{"id":2121,"href":"https:\/\/www.latviesudanubiedriba.dk\/dk\/wp-json\/wp\/v2\/pages\/547\/revisions\/2121"}],"wp:attachment":[{"href":"https:\/\/www.latviesudanubiedriba.dk\/dk\/wp-json\/wp\/v2\/media?parent=547"}],"curies":[{"name":"wp","href":"https:\/\/api.w.org\/{rel}","templated":true}]}}