{"id":549,"date":"2024-08-21T12:16:11","date_gmt":"2024-08-21T11:16:11","guid":{"rendered":"http:\/\/www.latviesudanubiedriba.dk\/?page_id=549"},"modified":"2024-08-23T10:13:20","modified_gmt":"2024-08-23T09:13:20","slug":"ziemelblazma","status":"publish","type":"page","link":"https:\/\/www.latviesudanubiedriba.dk\/dk\/ziemelblazma\/","title":{"rendered":"TDK Zieme\u013cbl\u0101zma"},"content":{"rendered":"<div data-elementor-type=\"wp-page\" data-elementor-id=\"549\" class=\"elementor elementor-549\">\n\t\t\t\t\t\t<section class=\"elementor-section elementor-top-section elementor-element elementor-element-1966e490 elementor-section-stretched elementor-section-content-middle elementor-section-height-min-height elementor-section-boxed elementor-section-height-default elementor-section-items-middle\" data-id=\"1966e490\" data-element_type=\"section\" data-e-type=\"section\" data-settings=\"{&quot;stretch_section&quot;:&quot;section-stretched&quot;,&quot;background_background&quot;:&quot;classic&quot;}\">\n\t\t\t\t\t\t\t<div class=\"elementor-background-overlay\"><\/div>\n\t\t\t\t\t\t\t<div class=\"elementor-container elementor-column-gap-no\">\n\t\t\t\t\t<div class=\"elementor-column elementor-col-100 elementor-top-column elementor-element elementor-element-36db5c94\" data-id=\"36db5c94\" data-element_type=\"column\" data-e-type=\"column\" data-settings=\"{&quot;background_background&quot;:&quot;gradient&quot;}\">\n\t\t\t<div class=\"elementor-widget-wrap elementor-element-populated\">\n\t\t\t\t\t\t<div class=\"elementor-element elementor-element-752bce45 elementor-widget elementor-widget-heading\" data-id=\"752bce45\" data-element_type=\"widget\" data-e-type=\"widget\" data-widget_type=\"heading.default\">\n\t\t\t\t<div class=\"elementor-widget-container\">\n\t\t\t\t\t<h1 class=\"elementor-heading-title elementor-size-default\">TDK \"Zieme\u013cbl\u0101zma\"<\/h1>\t\t\t\t<\/div>\n\t\t\t\t<\/div>\n\t\t\t\t\t<\/div>\n\t\t<\/div>\n\t\t\t\t\t<\/div>\n\t\t<\/section>\n\t\t\t\t<section class=\"elementor-section elementor-top-section elementor-element elementor-element-130c9b25 elementor-section-boxed elementor-section-height-default elementor-section-height-default\" data-id=\"130c9b25\" data-element_type=\"section\" data-e-type=\"section\">\n\t\t\t\t\t\t<div class=\"elementor-container elementor-column-gap-default\">\n\t\t\t\t\t<div class=\"elementor-column elementor-col-100 elementor-top-column elementor-element elementor-element-55b1bab5\" data-id=\"55b1bab5\" data-element_type=\"column\" data-e-type=\"column\">\n\t\t\t<div class=\"elementor-widget-wrap elementor-element-populated\">\n\t\t\t\t\t\t<section class=\"elementor-section elementor-inner-section elementor-element elementor-element-2718b825 elementor-section-boxed elementor-section-height-default elementor-section-height-default\" data-id=\"2718b825\" data-element_type=\"section\" data-e-type=\"section\" data-settings=\"{&quot;background_background&quot;:&quot;classic&quot;}\">\n\t\t\t\t\t\t<div class=\"elementor-container elementor-column-gap-wide\">\n\t\t\t\t\t<div class=\"elementor-column elementor-col-50 elementor-inner-column elementor-element elementor-element-7035d1fe\" data-id=\"7035d1fe\" data-element_type=\"column\" data-e-type=\"column\">\n\t\t\t<div class=\"elementor-widget-wrap elementor-element-populated\">\n\t\t\t\t\t\t<div class=\"elementor-element elementor-element-77050adc elementor-widget elementor-widget-text-editor\" data-id=\"77050adc\" data-element_type=\"widget\" data-e-type=\"widget\" data-widget_type=\"text-editor.default\">\n\t\t\t\t<div class=\"elementor-widget-container\">\n\t\t\t\t\t\t\t\t\t<p>Ja esi ener\u0123isks, kust\u012bgs un v\u0113lies pavad\u012bt savu br\u012bvo laiku aizraujo\u0161\u0101 komp\u0101nij\u0101, aicin\u0101m pievienoties m\u016bsu deju kopai! Tev b\u016bs iesp\u0113ja apg\u016bt latvie\u0161u tautas skatuvisko deju, uzlabot savu fizisko formu un baud\u012bt dejo\u0161anu jautr\u0101 un draudz\u012bg\u0101 kolekt\u012bv\u0101. Neatkar\u012bgi no t\u0101, vai esi pieredz\u0113jis dejot\u0101js vai tikai s\u0101c savu deju ce\u013cojumu, m\u0113s priec\u0101simies Tevi redz\u0113t!<\/p><p>Kad: Sestdien\u0101s\u00a0<\/p><p>Kur: Vejle<\/p><p>Kontaktpersona\u00a0<u>Inga Krasti\u0146a<\/u>:<\/p><p><u><span style=\"color: #808080;\"><strong><a dir=\"ltr\" style=\"color: #808080;\" href=\"mailto:tda.ziemelblazma@gmail.com\" target=\"_blank\" rel=\"noopener\">tda.ziemelblazma@gmail.com<\/a><\/strong><\/span><br \/><\/u><b><\/b><\/p><p><b>+45 52619199<\/b><\/p>\t\t\t\t\t\t\t\t<\/div>\n\t\t\t\t<\/div>\n\t\t\t\t<div class=\"elementor-element elementor-element-7f3bf94 elementor-view-default elementor-widget elementor-widget-icon\" data-id=\"7f3bf94\" data-element_type=\"widget\" data-e-type=\"widget\" data-widget_type=\"icon.default\">\n\t\t\t\t<div class=\"elementor-widget-container\">\n\t\t\t\t\t\t\t<div class=\"elementor-icon-wrapper\">\n\t\t\t<a class=\"elementor-icon elementor-animation-push\" href=\"https:\/\/www.facebook.com\/tdk.ziemelblazma\/\" target=\"_blank\">\n\t\t\t<i aria-hidden=\"true\" class=\"fab fa-facebook\"><\/i>\t\t\t<\/a>\n\t\t<\/div>\n\t\t\t\t\t\t<\/div>\n\t\t\t\t<\/div>\n\t\t\t\t\t<\/div>\n\t\t<\/div>\n\t\t\t\t<div class=\"elementor-column elementor-col-50 elementor-inner-column elementor-element elementor-element-ee7f71f\" data-id=\"ee7f71f\" data-element_type=\"column\" data-e-type=\"column\">\n\t\t\t<div class=\"elementor-widget-wrap elementor-element-populated\">\n\t\t\t\t\t\t<div class=\"elementor-element elementor-element-3479ffe elementor-widget elementor-widget-image\" data-id=\"3479ffe\" data-element_type=\"widget\" data-e-type=\"widget\" data-widget_type=\"image.default\">\n\t\t\t\t<div class=\"elementor-widget-container\">\n\t\t\t\t\t\t\t\t\t\t\t\t\t\t\t<img decoding=\"async\" src=\"https:\/\/www.latviesudanubiedriba.dk\/wp-content\/uploads\/elementor\/thumbs\/DSC00521-1-qsydrqe0ll46njtntf4ewzt2drw18t29qzjl78e2dk.jpg\" title=\"DSC00521\" alt=\"DSC00521\" loading=\"lazy\" \/>\t\t\t\t\t\t\t\t\t\t\t\t\t\t\t<\/div>\n\t\t\t\t<\/div>\n\t\t\t\t\t<\/div>\n\t\t<\/div>\n\t\t\t\t\t<\/div>\n\t\t<\/section>\n\t\t\t\t\t<\/div>\n\t\t<\/div>\n\t\t\t\t\t<\/div>\n\t\t<\/section>\n\t\t\t\t<section class=\"elementor-section elementor-top-section elementor-element elementor-element-d5abfff elementor-section-boxed elementor-section-height-default elementor-section-height-default\" data-id=\"d5abfff\" data-element_type=\"section\" data-e-type=\"section\">\n\t\t\t\t\t\t<div class=\"elementor-container elementor-column-gap-default\">\n\t\t\t\t\t<div class=\"elementor-column elementor-col-100 elementor-top-column elementor-element elementor-element-7566d15\" data-id=\"7566d15\" data-element_type=\"column\" data-e-type=\"column\">\n\t\t\t<div class=\"elementor-widget-wrap elementor-element-populated\">\n\t\t\t\t\t\t<div class=\"elementor-element elementor-element-2539410 elementor-widget elementor-widget-spacer\" data-id=\"2539410\" data-element_type=\"widget\" data-e-type=\"widget\" data-widget_type=\"spacer.default\">\n\t\t\t\t<div class=\"elementor-widget-container\">\n\t\t\t\t\t\t\t<div class=\"elementor-spacer\">\n\t\t\t<div class=\"elementor-spacer-inner\"><\/div>\n\t\t<\/div>\n\t\t\t\t\t\t<\/div>\n\t\t\t\t<\/div>\n\t\t\t\t\t<\/div>\n\t\t<\/div>\n\t\t\t\t\t<\/div>\n\t\t<\/section>\n\t\t\t\t<section class=\"elementor-section elementor-top-section elementor-element elementor-element-105d768 elementor-section-boxed elementor-section-height-default elementor-section-height-default\" data-id=\"105d768\" data-element_type=\"section\" data-e-type=\"section\">\n\t\t\t\t\t\t<div class=\"elementor-container elementor-column-gap-default\">\n\t\t\t\t\t<div class=\"elementor-column elementor-col-100 elementor-top-column elementor-element elementor-element-45400b7\" data-id=\"45400b7\" data-element_type=\"column\" data-e-type=\"column\">\n\t\t\t<div class=\"elementor-widget-wrap elementor-element-populated\">\n\t\t\t\t\t\t<div class=\"elementor-element elementor-element-4b08ea3 elementor-widget elementor-widget-google_maps\" data-id=\"4b08ea3\" data-element_type=\"widget\" data-e-type=\"widget\" id=\"#address1\" data-widget_type=\"google_maps.default\">\n\t\t\t\t<div class=\"elementor-widget-container\">\n\t\t\t\t\t\t\t<div class=\"elementor-custom-embed\">\n\t\t\t<iframe loading=\"lazy\"\n\t\t\t\t\tsrc=\"https:\/\/maps.google.com\/maps?q=Egtved%20bibliotek&#038;t=m&#038;z=13&#038;output=embed&#038;iwloc=near\"\n\t\t\t\t\ttitle=\"Egtved bibliotek\"\n\t\t\t\t\taria-label=\"Egtved bibliotek\"\n\t\t\t><\/iframe>\n\t\t<\/div>\n\t\t\t\t\t\t<\/div>\n\t\t\t\t<\/div>\n\t\t\t\t\t<\/div>\n\t\t<\/div>\n\t\t\t\t\t<\/div>\n\t\t<\/section>\n\t\t\t\t<\/div>","protected":false},"excerpt":{"rendered":"<p>TDK &#8220;Zieme\u013cbl\u0101zma&#8221; Ja esi ener\u0123isks, kust\u012bgs un v\u0113lies pavad\u012bt savu br\u012bvo laiku aizraujo\u0161\u0101 komp\u0101nij\u0101, aicin\u0101m pievienoties m\u016bsu deju kopai! Tev b\u016bs iesp\u0113ja apg\u016bt latvie\u0161u tautas skatuvisko deju, uzlabot savu fizisko formu un baud\u012bt dejo\u0161anu jautr\u0101 un draudz\u012bg\u0101 kolekt\u012bv\u0101. Neatkar\u012bgi no t\u0101, vai esi pieredz\u0113jis dejot\u0101js vai tikai s\u0101c savu deju ce\u013cojumu, m\u0113s priec\u0101simies Tevi redz\u0113t! [&hellip;]<\/p>\n","protected":false},"author":3,"featured_media":0,"parent":0,"menu_order":0,"comment_status":"closed","ping_status":"closed","template":"elementor_header_footer","meta":{"footnotes":""},"class_list":["post-549","page","type-page","status-publish","hentry"],"yoast_head":"<!-- This site is optimized with the Yoast SEO plugin v27.4 - https:\/\/yoast.com\/product\/yoast-seo-wordpress\/ -->\n<title>Latvie\u0161i sporto - Latvie\u0161u - d\u0101\u0146u biedr\u012bba| Aktivit\u0101tes<\/title>\n<meta name=\"description\" content=\"Latvie\u0161u - d\u0101\u0146u biedr\u012bbas biedriem ir iesp\u0113ja bezmaksas labi pavad\u012bt laiku da\u017e\u0101d\u0101s fizisk\u0101s aktivit\u0101t\u0113s katru sv\u0113tdienu Vejl\u0113.\" \/>\n<meta name=\"robots\" content=\"index, follow, max-snippet:-1, max-image-preview:large, max-video-preview:-1\" \/>\n<link rel=\"canonical\" href=\"https:\/\/www.latviesudanubiedriba.dk\/dk\/ziemelblazma\/\" \/>\n<meta property=\"og:locale\" content=\"da_DK\" \/>\n<meta property=\"og:type\" content=\"article\" \/>\n<meta property=\"og:title\" content=\"Latvie\u0161i sporto - Latvie\u0161u - d\u0101\u0146u biedr\u012bba| Aktivit\u0101tes\" \/>\n<meta property=\"og:description\" content=\"Latvie\u0161u - d\u0101\u0146u biedr\u012bbas biedriem ir iesp\u0113ja bezmaksas labi pavad\u012bt laiku da\u017e\u0101d\u0101s fizisk\u0101s aktivit\u0101t\u0113s katru sv\u0113tdienu Vejl\u0113.\" \/>\n<meta property=\"og:url\" content=\"https:\/\/www.latviesudanubiedriba.dk\/dk\/ziemelblazma\/\" \/>\n<meta property=\"og:site_name\" content=\"Latvie\u0161u - d\u0101\u0146u biedr\u012bba\" \/>\n<meta property=\"article:modified_time\" content=\"2024-08-23T09:13:20+00:00\" \/>\n<meta property=\"og:image\" content=\"https:\/\/www.latviesudanubiedriba.dk\/wp-content\/uploads\/elementor\/thumbs\/DSC00521-1-qsydrqe0ll46njtntf4ewzt2drw18t29qzjl78e2dk.jpg\" \/>\n<meta name=\"twitter:card\" content=\"summary_large_image\" \/>\n<meta name=\"twitter:label1\" content=\"Estimeret l\u00e6setid\" \/>\n\t<meta name=\"twitter:data1\" content=\"1 minut\" \/>\n<script type=\"application\/ld+json\" class=\"yoast-schema-graph\">{\"@context\":\"https:\\\/\\\/schema.org\",\"@graph\":[{\"@type\":\"WebPage\",\"@id\":\"https:\\\/\\\/www.latviesudanubiedriba.dk\\\/ziemelblazma\\\/\",\"url\":\"https:\\\/\\\/www.latviesudanubiedriba.dk\\\/ziemelblazma\\\/\",\"name\":\"Latvie\u0161i sporto - Latvie\u0161u - d\u0101\u0146u biedr\u012bba| Aktivit\u0101tes\",\"isPartOf\":{\"@id\":\"https:\\\/\\\/www.latviesudanubiedriba.dk\\\/#website\"},\"primaryImageOfPage\":{\"@id\":\"https:\\\/\\\/www.latviesudanubiedriba.dk\\\/ziemelblazma\\\/#primaryimage\"},\"image\":{\"@id\":\"https:\\\/\\\/www.latviesudanubiedriba.dk\\\/ziemelblazma\\\/#primaryimage\"},\"thumbnailUrl\":\"https:\\\/\\\/www.latviesudanubiedriba.dk\\\/wp-content\\\/uploads\\\/elementor\\\/thumbs\\\/DSC00521-1-qsydrqe0ll46njtntf4ewzt2drw18t29qzjl78e2dk.jpg\",\"datePublished\":\"2024-08-21T11:16:11+00:00\",\"dateModified\":\"2024-08-23T09:13:20+00:00\",\"description\":\"Latvie\u0161u - d\u0101\u0146u biedr\u012bbas biedriem ir iesp\u0113ja bezmaksas labi pavad\u012bt laiku da\u017e\u0101d\u0101s fizisk\u0101s aktivit\u0101t\u0113s katru sv\u0113tdienu Vejl\u0113.\",\"breadcrumb\":{\"@id\":\"https:\\\/\\\/www.latviesudanubiedriba.dk\\\/ziemelblazma\\\/#breadcrumb\"},\"inLanguage\":\"da-DK\",\"potentialAction\":[{\"@type\":\"ReadAction\",\"target\":[\"https:\\\/\\\/www.latviesudanubiedriba.dk\\\/ziemelblazma\\\/\"]}]},{\"@type\":\"ImageObject\",\"inLanguage\":\"da-DK\",\"@id\":\"https:\\\/\\\/www.latviesudanubiedriba.dk\\\/ziemelblazma\\\/#primaryimage\",\"url\":\"https:\\\/\\\/www.latviesudanubiedriba.dk\\\/wp-content\\\/uploads\\\/elementor\\\/thumbs\\\/DSC00521-1-qsydrqe0ll46njtntf4ewzt2drw18t29qzjl78e2dk.jpg\",\"contentUrl\":\"https:\\\/\\\/www.latviesudanubiedriba.dk\\\/wp-content\\\/uploads\\\/elementor\\\/thumbs\\\/DSC00521-1-qsydrqe0ll46njtntf4ewzt2drw18t29qzjl78e2dk.jpg\"},{\"@type\":\"BreadcrumbList\",\"@id\":\"https:\\\/\\\/www.latviesudanubiedriba.dk\\\/ziemelblazma\\\/#breadcrumb\",\"itemListElement\":[{\"@type\":\"ListItem\",\"position\":1,\"name\":\"Home\",\"item\":\"https:\\\/\\\/www.latviesudanubiedriba.dk\\\/\"},{\"@type\":\"ListItem\",\"position\":2,\"name\":\"TDK Zieme\u013cbl\u0101zma\"}]},{\"@type\":\"WebSite\",\"@id\":\"https:\\\/\\\/www.latviesudanubiedriba.dk\\\/#website\",\"url\":\"https:\\\/\\\/www.latviesudanubiedriba.dk\\\/\",\"name\":\"Latvie\u0161u - d\u0101\u0146u biedr\u012bba\",\"description\":\"LDB\",\"potentialAction\":[{\"@type\":\"SearchAction\",\"target\":{\"@type\":\"EntryPoint\",\"urlTemplate\":\"https:\\\/\\\/www.latviesudanubiedriba.dk\\\/?s={search_term_string}\"},\"query-input\":{\"@type\":\"PropertyValueSpecification\",\"valueRequired\":true,\"valueName\":\"search_term_string\"}}],\"inLanguage\":\"da-DK\"}]}<\/script>\n<!-- \/ Yoast SEO plugin. -->","yoast_head_json":{"title":"Latvie\u0161i sporto - Latvie\u0161u - d\u0101\u0146u biedr\u012bba| Aktivit\u0101tes","description":"Latvie\u0161u - d\u0101\u0146u biedr\u012bbas biedriem ir iesp\u0113ja bezmaksas labi pavad\u012bt laiku da\u017e\u0101d\u0101s fizisk\u0101s aktivit\u0101t\u0113s katru sv\u0113tdienu Vejl\u0113.","robots":{"index":"index","follow":"follow","max-snippet":"max-snippet:-1","max-image-preview":"max-image-preview:large","max-video-preview":"max-video-preview:-1"},"canonical":"https:\/\/www.latviesudanubiedriba.dk\/dk\/ziemelblazma\/","og_locale":"da_DK","og_type":"article","og_title":"Latvie\u0161i sporto - Latvie\u0161u - d\u0101\u0146u biedr\u012bba| Aktivit\u0101tes","og_description":"Latvie\u0161u - d\u0101\u0146u biedr\u012bbas biedriem ir iesp\u0113ja bezmaksas labi pavad\u012bt laiku da\u017e\u0101d\u0101s fizisk\u0101s aktivit\u0101t\u0113s katru sv\u0113tdienu Vejl\u0113.","og_url":"https:\/\/www.latviesudanubiedriba.dk\/dk\/ziemelblazma\/","og_site_name":"Latvie\u0161u - d\u0101\u0146u biedr\u012bba","article_modified_time":"2024-08-23T09:13:20+00:00","og_image":[{"url":"https:\/\/www.latviesudanubiedriba.dk\/wp-content\/uploads\/elementor\/thumbs\/DSC00521-1-qsydrqe0ll46njtntf4ewzt2drw18t29qzjl78e2dk.jpg","type":"","width":"","height":""}],"twitter_card":"summary_large_image","twitter_misc":{"Estimeret l\u00e6setid":"1 minut"},"schema":{"@context":"https:\/\/schema.org","@graph":[{"@type":"WebPage","@id":"https:\/\/www.latviesudanubiedriba.dk\/ziemelblazma\/","url":"https:\/\/www.latviesudanubiedriba.dk\/ziemelblazma\/","name":"Latvie\u0161i sporto - Latvie\u0161u - d\u0101\u0146u biedr\u012bba| Aktivit\u0101tes","isPartOf":{"@id":"https:\/\/www.latviesudanubiedriba.dk\/#website"},"primaryImageOfPage":{"@id":"https:\/\/www.latviesudanubiedriba.dk\/ziemelblazma\/#primaryimage"},"image":{"@id":"https:\/\/www.latviesudanubiedriba.dk\/ziemelblazma\/#primaryimage"},"thumbnailUrl":"https:\/\/www.latviesudanubiedriba.dk\/wp-content\/uploads\/elementor\/thumbs\/DSC00521-1-qsydrqe0ll46njtntf4ewzt2drw18t29qzjl78e2dk.jpg","datePublished":"2024-08-21T11:16:11+00:00","dateModified":"2024-08-23T09:13:20+00:00","description":"Latvie\u0161u - d\u0101\u0146u biedr\u012bbas biedriem ir iesp\u0113ja bezmaksas labi pavad\u012bt laiku da\u017e\u0101d\u0101s fizisk\u0101s aktivit\u0101t\u0113s katru sv\u0113tdienu Vejl\u0113.","breadcrumb":{"@id":"https:\/\/www.latviesudanubiedriba.dk\/ziemelblazma\/#breadcrumb"},"inLanguage":"da-DK","potentialAction":[{"@type":"ReadAction","target":["https:\/\/www.latviesudanubiedriba.dk\/ziemelblazma\/"]}]},{"@type":"ImageObject","inLanguage":"da-DK","@id":"https:\/\/www.latviesudanubiedriba.dk\/ziemelblazma\/#primaryimage","url":"https:\/\/www.latviesudanubiedriba.dk\/wp-content\/uploads\/elementor\/thumbs\/DSC00521-1-qsydrqe0ll46njtntf4ewzt2drw18t29qzjl78e2dk.jpg","contentUrl":"https:\/\/www.latviesudanubiedriba.dk\/wp-content\/uploads\/elementor\/thumbs\/DSC00521-1-qsydrqe0ll46njtntf4ewzt2drw18t29qzjl78e2dk.jpg"},{"@type":"BreadcrumbList","@id":"https:\/\/www.latviesudanubiedriba.dk\/ziemelblazma\/#breadcrumb","itemListElement":[{"@type":"ListItem","position":1,"name":"Home","item":"https:\/\/www.latviesudanubiedriba.dk\/"},{"@type":"ListItem","position":2,"name":"TDK Zieme\u013cbl\u0101zma"}]},{"@type":"WebSite","@id":"https:\/\/www.latviesudanubiedriba.dk\/#website","url":"https:\/\/www.latviesudanubiedriba.dk\/","name":"Latvie\u0161u - d\u0101\u0146u biedr\u012bba","description":"LDB","potentialAction":[{"@type":"SearchAction","target":{"@type":"EntryPoint","urlTemplate":"https:\/\/www.latviesudanubiedriba.dk\/?s={search_term_string}"},"query-input":{"@type":"PropertyValueSpecification","valueRequired":true,"valueName":"search_term_string"}}],"inLanguage":"da-DK"}]}},"_links":{"self":[{"href":"https:\/\/www.latviesudanubiedriba.dk\/dk\/wp-json\/wp\/v2\/pages\/549","targetHints":{"allow":["GET"]}}],"collection":[{"href":"https:\/\/www.latviesudanubiedriba.dk\/dk\/wp-json\/wp\/v2\/pages"}],"about":[{"href":"https:\/\/www.latviesudanubiedriba.dk\/dk\/wp-json\/wp\/v2\/types\/page"}],"author":[{"embeddable":true,"href":"https:\/\/www.latviesudanubiedriba.dk\/dk\/wp-json\/wp\/v2\/users\/3"}],"replies":[{"embeddable":true,"href":"https:\/\/www.latviesudanubiedriba.dk\/dk\/wp-json\/wp\/v2\/comments?post=549"}],"version-history":[{"count":82,"href":"https:\/\/www.latviesudanubiedriba.dk\/dk\/wp-json\/wp\/v2\/pages\/549\/revisions"}],"predecessor-version":[{"id":2277,"href":"https:\/\/www.latviesudanubiedriba.dk\/dk\/wp-json\/wp\/v2\/pages\/549\/revisions\/2277"}],"wp:attachment":[{"href":"https:\/\/www.latviesudanubiedriba.dk\/dk\/wp-json\/wp\/v2\/media?parent=549"}],"curies":[{"name":"wp","href":"https:\/\/api.w.org\/{rel}","templated":true}]}}