{"id":551,"date":"2020-02-13T12:16:31","date_gmt":"2020-02-13T11:16:31","guid":{"rendered":"http:\/\/www.latviesudanubiedriba.dk\/?page_id=551"},"modified":"2024-08-23T10:20:43","modified_gmt":"2024-08-23T09:20:43","slug":"pupols","status":"publish","type":"page","link":"https:\/\/www.latviesudanubiedriba.dk\/dk\/pupols\/","title":{"rendered":"P\u016bpols"},"content":{"rendered":"<div data-elementor-type=\"wp-page\" data-elementor-id=\"551\" class=\"elementor elementor-551\">\n\t\t\t\t\t\t<section class=\"elementor-section elementor-top-section elementor-element elementor-element-200c21db elementor-section-stretched elementor-section-content-middle elementor-section-height-min-height elementor-section-boxed elementor-section-height-default elementor-section-items-middle\" data-id=\"200c21db\" data-element_type=\"section\" data-e-type=\"section\" data-settings=\"{&quot;stretch_section&quot;:&quot;section-stretched&quot;,&quot;background_background&quot;:&quot;classic&quot;}\">\n\t\t\t\t\t\t\t<div class=\"elementor-background-overlay\"><\/div>\n\t\t\t\t\t\t\t<div class=\"elementor-container elementor-column-gap-no\">\n\t\t\t\t\t<div class=\"elementor-column elementor-col-100 elementor-top-column elementor-element elementor-element-7ac0a796\" data-id=\"7ac0a796\" data-element_type=\"column\" data-e-type=\"column\" data-settings=\"{&quot;background_background&quot;:&quot;gradient&quot;}\">\n\t\t\t<div class=\"elementor-widget-wrap elementor-element-populated\">\n\t\t\t\t\t\t<div class=\"elementor-element elementor-element-22c75b50 elementor-widget elementor-widget-heading\" data-id=\"22c75b50\" data-element_type=\"widget\" data-e-type=\"widget\" data-widget_type=\"heading.default\">\n\t\t\t\t<div class=\"elementor-widget-container\">\n\t\t\t\t\t<h1 class=\"elementor-heading-title elementor-size-default\">te\u0101tris \"P\u016bpols\"<\/h1>\t\t\t\t<\/div>\n\t\t\t\t<\/div>\n\t\t\t\t\t<\/div>\n\t\t<\/div>\n\t\t\t\t\t<\/div>\n\t\t<\/section>\n\t\t\t\t<section class=\"elementor-section elementor-top-section elementor-element elementor-element-510bde3 elementor-section-boxed elementor-section-height-default elementor-section-height-default\" data-id=\"510bde3\" data-element_type=\"section\" data-e-type=\"section\">\n\t\t\t\t\t\t<div class=\"elementor-container elementor-column-gap-default\">\n\t\t\t\t\t<div class=\"elementor-column elementor-col-50 elementor-top-column elementor-element elementor-element-9284e04\" data-id=\"9284e04\" data-element_type=\"column\" data-e-type=\"column\">\n\t\t\t<div class=\"elementor-widget-wrap elementor-element-populated\">\n\t\t\t\t\t\t<div class=\"elementor-element elementor-element-18cee3b elementor-widget elementor-widget-text-editor\" data-id=\"18cee3b\" data-element_type=\"widget\" data-e-type=\"widget\" data-widget_type=\"text-editor.default\">\n\t\t\t\t<div class=\"elementor-widget-container\">\n\t\t\t\t\t\t\t\t\t<p>Latvie\u0161u &#8211; d\u0101\u0146u biedr\u012bbas amatierte\u0101tris P\u016bpols dibin\u0101ts 2019. gada 14. apr\u012bli, P\u016bpolsv\u0113tdien\u0101, un no \u0161\u012b apst\u0101k\u013ca ar\u012b atvasin\u0101ts te\u0101tra nosaukums.<br \/>P\u016bpols darbojas tikai vienu gadu &#8211; \u0161aj\u0101 laik\u0101 iestud\u0113ta un izr\u0101d\u012bta Alda Pommera (alias &#8211; Harijs Ammers) luga \u201c\u010cetras d\u0101mas un d\u017eokers\u201d. \u00a0Pirmizr\u0101di t\u0101 piedz\u012bvoja Starptutisk\u0101 amatierte\u0101tra festiv\u0101l\u0101 Laipa 2019. gada oktobr\u012b.<br \/>P\u016bpols sast\u0101v no entuziastiem ar da\u017e\u0101da l\u012bme\u0146a teatr\u0101lo pieredzi: k\u0101ds uz skatuves k\u0101pj pirmo reizi, citam &#8211; te\u0101tris ielikts jau \u0161\u016bpuli, ta\u010du visus nenoliedzami vieno aizraut\u012bga interese par skatuves m\u0101kslu.<br \/>Pirm\u0101s lugas izv\u0113le raksturojama k\u0101 laim\u012bga nejau\u0161\u012bba. L\u012bdz ar nejau\u0161i atrasto lugu &#8211; \u201c\u010cetras d\u0101mas un d\u017eokers\u201d, P\u016bpols iepazin\u0101s ar t\u0101s autoru, kur\u0161 laika gait\u0101 k\u013cuva par te\u0101tra trupas mentoru. Gan netie\u0161i &#8211; caur saraksti, gan tie\u0161i &#8211; vasaras te\u0101tra nometn\u0113 Aldis Pommers aktieriem r\u0101d\u012bja un m\u0101c\u012bja, k\u0101 lab\u0101k izprast t\u0113lus un &#8211; k\u0101 autora domu aiznest l\u012bdz skat\u012bt\u0101jiem.<br \/>Ne vairs nejau\u0161i n\u0101kamo P\u016bpola lugu ar\u012b sarakst\u012bjis Aldis.<br \/>Te\u0101tris P\u016bpols ir kolekt\u012bvs, kas darbojas ar Latvie\u0161u &#8211; d\u0101\u0146u biedr\u012bbas un priv\u0101tu sponsoru finansi\u0101lu atbalstu.<br \/>M\u0113\u0123in\u0101jumu laiki un vieta piel\u0101goti.<\/p><p>Kontaktpersona <span style=\"text-decoration: underline;\">Lilita Thomsen<\/span>:<\/p><p><span style=\"color: #808080;\"><strong><a dir=\"ltr\" style=\"color: #808080;\" href=\"mailto:lilita.thomsen@gmail.com\" target=\"_blank\" rel=\"noopener\">lilita.thomsen@gmail.com<\/a><\/strong><\/span><\/p><p><strong><span style=\"color: #808080;\">+45 31905656<\/span><\/strong><\/p>\t\t\t\t\t\t\t\t<\/div>\n\t\t\t\t<\/div>\n\t\t\t\t<div class=\"elementor-element elementor-element-d353567 elementor-view-default elementor-widget elementor-widget-icon\" data-id=\"d353567\" data-element_type=\"widget\" data-e-type=\"widget\" data-widget_type=\"icon.default\">\n\t\t\t\t<div class=\"elementor-widget-container\">\n\t\t\t\t\t\t\t<div class=\"elementor-icon-wrapper\">\n\t\t\t<a class=\"elementor-icon elementor-animation-push\" href=\"https:\/\/www.facebook.com\/P%C5%ABpols-110250787022673\/\" target=\"_blank\">\n\t\t\t<i aria-hidden=\"true\" class=\"fab fa-facebook\"><\/i>\t\t\t<\/a>\n\t\t<\/div>\n\t\t\t\t\t\t<\/div>\n\t\t\t\t<\/div>\n\t\t\t\t\t<\/div>\n\t\t<\/div>\n\t\t\t\t<div class=\"elementor-column elementor-col-50 elementor-top-column elementor-element elementor-element-540b812\" data-id=\"540b812\" data-element_type=\"column\" data-e-type=\"column\">\n\t\t\t<div class=\"elementor-widget-wrap elementor-element-populated\">\n\t\t\t\t\t\t<div class=\"elementor-element elementor-element-5c0c955 elementor-widget elementor-widget-image\" data-id=\"5c0c955\" data-element_type=\"widget\" data-e-type=\"widget\" data-widget_type=\"image.default\">\n\t\t\t\t<div class=\"elementor-widget-container\">\n\t\t\t\t\t\t\t\t\t\t\t\t\t\t\t<img decoding=\"async\" src=\"https:\/\/www.latviesudanubiedriba.dk\/wp-content\/uploads\/elementor\/thumbs\/Pupols2-qsyhiay6fry392xxz6483jslpxq3jvoklwcgl4vv2g.jpg\" title=\"Pupols2\" alt=\"Pupols2\" loading=\"lazy\" \/>\t\t\t\t\t\t\t\t\t\t\t\t\t\t\t<\/div>\n\t\t\t\t<\/div>\n\t\t\t\t\t<\/div>\n\t\t<\/div>\n\t\t\t\t\t<\/div>\n\t\t<\/section>\n\t\t\t\t<section class=\"elementor-section elementor-top-section elementor-element elementor-element-632c673 elementor-section-boxed elementor-section-height-default elementor-section-height-default\" data-id=\"632c673\" data-element_type=\"section\" data-e-type=\"section\">\n\t\t\t\t\t\t<div class=\"elementor-container elementor-column-gap-default\">\n\t\t\t\t\t<div class=\"elementor-column elementor-col-100 elementor-top-column elementor-element elementor-element-9f328e7\" data-id=\"9f328e7\" data-element_type=\"column\" data-e-type=\"column\">\n\t\t\t<div class=\"elementor-widget-wrap elementor-element-populated\">\n\t\t\t\t\t\t<div class=\"elementor-element elementor-element-f89ce60 elementor-widget elementor-widget-spacer\" data-id=\"f89ce60\" data-element_type=\"widget\" data-e-type=\"widget\" data-widget_type=\"spacer.default\">\n\t\t\t\t<div class=\"elementor-widget-container\">\n\t\t\t\t\t\t\t<div class=\"elementor-spacer\">\n\t\t\t<div class=\"elementor-spacer-inner\"><\/div>\n\t\t<\/div>\n\t\t\t\t\t\t<\/div>\n\t\t\t\t<\/div>\n\t\t\t\t\t<\/div>\n\t\t<\/div>\n\t\t\t\t\t<\/div>\n\t\t<\/section>\n\t\t\t\t<\/div>","protected":false},"excerpt":{"rendered":"<p>te\u0101tris &#8220;P\u016bpols&#8221; Latvie\u0161u &#8211; d\u0101\u0146u biedr\u012bbas amatierte\u0101tris P\u016bpols dibin\u0101ts 2019. gada 14. apr\u012bli, P\u016bpolsv\u0113tdien\u0101, un no \u0161\u012b apst\u0101k\u013ca ar\u012b atvasin\u0101ts te\u0101tra nosaukums.P\u016bpols darbojas tikai vienu gadu &#8211; \u0161aj\u0101 laik\u0101 iestud\u0113ta un izr\u0101d\u012bta Alda Pommera (alias &#8211; Harijs Ammers) luga \u201c\u010cetras d\u0101mas un d\u017eokers\u201d. \u00a0Pirmizr\u0101di t\u0101 piedz\u012bvoja Starptutisk\u0101 amatierte\u0101tra festiv\u0101l\u0101 Laipa 2019. gada oktobr\u012b.P\u016bpols sast\u0101v no [&hellip;]<\/p>\n","protected":false},"author":1,"featured_media":0,"parent":0,"menu_order":0,"comment_status":"closed","ping_status":"closed","template":"elementor_header_footer","meta":{"footnotes":""},"class_list":["post-551","page","type-page","status-publish","hentry"],"yoast_head":"<!-- This site is optimized with the Yoast SEO plugin v27.4 - https:\/\/yoast.com\/product\/yoast-seo-wordpress\/ -->\n<title>P\u016bpols - Latvie\u0161u - d\u0101\u0146u biedr\u012bba | Latvie\u0161u te\u0101tris D\u0101nij\u0101<\/title>\n<meta name=\"description\" content=\"Latvie\u0161u - d\u0101\u0146u biedr\u012bba pied\u0101v\u0101 k\u013c\u016bt par latvie\u0161u amatierte\u0101tra &quot;P\u016bpols&quot; dal\u012bbnieku. P\u016bpols jau 1.gad\u0101 start\u0113ja Latvie\u0161u amatierte\u0101tru festiv\u0101l\u0101 LAIPA.\" \/>\n<meta name=\"robots\" content=\"index, follow, max-snippet:-1, max-image-preview:large, max-video-preview:-1\" \/>\n<link rel=\"canonical\" href=\"https:\/\/www.latviesudanubiedriba.dk\/dk\/pupols\/\" \/>\n<meta property=\"og:locale\" content=\"da_DK\" \/>\n<meta property=\"og:type\" content=\"article\" \/>\n<meta property=\"og:title\" content=\"P\u016bpols - Latvie\u0161u - d\u0101\u0146u biedr\u012bba | Latvie\u0161u te\u0101tris D\u0101nij\u0101\" \/>\n<meta property=\"og:description\" content=\"Latvie\u0161u - d\u0101\u0146u biedr\u012bba pied\u0101v\u0101 k\u013c\u016bt par latvie\u0161u amatierte\u0101tra &quot;P\u016bpols&quot; dal\u012bbnieku. P\u016bpols jau 1.gad\u0101 start\u0113ja Latvie\u0161u amatierte\u0101tru festiv\u0101l\u0101 LAIPA.\" \/>\n<meta property=\"og:url\" content=\"https:\/\/www.latviesudanubiedriba.dk\/dk\/pupols\/\" \/>\n<meta property=\"og:site_name\" content=\"Latvie\u0161u - d\u0101\u0146u biedr\u012bba\" \/>\n<meta property=\"article:modified_time\" content=\"2024-08-23T09:20:43+00:00\" \/>\n<meta property=\"og:image\" content=\"https:\/\/www.latviesudanubiedriba.dk\/wp-content\/uploads\/elementor\/thumbs\/Pupols2-qsyhiay6fry392xxz6483jslpxq3jvoklwcgl4vv2g.jpg\" \/>\n<meta name=\"twitter:card\" content=\"summary_large_image\" \/>\n<meta name=\"twitter:label1\" content=\"Estimeret l\u00e6setid\" \/>\n\t<meta name=\"twitter:data1\" content=\"1 minut\" \/>\n<script type=\"application\/ld+json\" class=\"yoast-schema-graph\">{\"@context\":\"https:\\\/\\\/schema.org\",\"@graph\":[{\"@type\":\"WebPage\",\"@id\":\"https:\\\/\\\/www.latviesudanubiedriba.dk\\\/pupols\\\/\",\"url\":\"https:\\\/\\\/www.latviesudanubiedriba.dk\\\/pupols\\\/\",\"name\":\"P\u016bpols - Latvie\u0161u - d\u0101\u0146u biedr\u012bba | Latvie\u0161u te\u0101tris D\u0101nij\u0101\",\"isPartOf\":{\"@id\":\"https:\\\/\\\/www.latviesudanubiedriba.dk\\\/#website\"},\"primaryImageOfPage\":{\"@id\":\"https:\\\/\\\/www.latviesudanubiedriba.dk\\\/pupols\\\/#primaryimage\"},\"image\":{\"@id\":\"https:\\\/\\\/www.latviesudanubiedriba.dk\\\/pupols\\\/#primaryimage\"},\"thumbnailUrl\":\"https:\\\/\\\/www.latviesudanubiedriba.dk\\\/wp-content\\\/uploads\\\/elementor\\\/thumbs\\\/Pupols2-qsyhiay6fry392xxz6483jslpxq3jvoklwcgl4vv2g.jpg\",\"datePublished\":\"2020-02-13T11:16:31+00:00\",\"dateModified\":\"2024-08-23T09:20:43+00:00\",\"description\":\"Latvie\u0161u - d\u0101\u0146u biedr\u012bba pied\u0101v\u0101 k\u013c\u016bt par latvie\u0161u amatierte\u0101tra \\\"P\u016bpols\\\" dal\u012bbnieku. P\u016bpols jau 1.gad\u0101 start\u0113ja Latvie\u0161u amatierte\u0101tru festiv\u0101l\u0101 LAIPA.\",\"breadcrumb\":{\"@id\":\"https:\\\/\\\/www.latviesudanubiedriba.dk\\\/pupols\\\/#breadcrumb\"},\"inLanguage\":\"da-DK\",\"potentialAction\":[{\"@type\":\"ReadAction\",\"target\":[\"https:\\\/\\\/www.latviesudanubiedriba.dk\\\/pupols\\\/\"]}]},{\"@type\":\"ImageObject\",\"inLanguage\":\"da-DK\",\"@id\":\"https:\\\/\\\/www.latviesudanubiedriba.dk\\\/pupols\\\/#primaryimage\",\"url\":\"https:\\\/\\\/www.latviesudanubiedriba.dk\\\/wp-content\\\/uploads\\\/elementor\\\/thumbs\\\/Pupols2-qsyhiay6fry392xxz6483jslpxq3jvoklwcgl4vv2g.jpg\",\"contentUrl\":\"https:\\\/\\\/www.latviesudanubiedriba.dk\\\/wp-content\\\/uploads\\\/elementor\\\/thumbs\\\/Pupols2-qsyhiay6fry392xxz6483jslpxq3jvoklwcgl4vv2g.jpg\"},{\"@type\":\"BreadcrumbList\",\"@id\":\"https:\\\/\\\/www.latviesudanubiedriba.dk\\\/pupols\\\/#breadcrumb\",\"itemListElement\":[{\"@type\":\"ListItem\",\"position\":1,\"name\":\"Home\",\"item\":\"https:\\\/\\\/www.latviesudanubiedriba.dk\\\/\"},{\"@type\":\"ListItem\",\"position\":2,\"name\":\"P\u016bpols\"}]},{\"@type\":\"WebSite\",\"@id\":\"https:\\\/\\\/www.latviesudanubiedriba.dk\\\/#website\",\"url\":\"https:\\\/\\\/www.latviesudanubiedriba.dk\\\/\",\"name\":\"Latvie\u0161u - d\u0101\u0146u biedr\u012bba\",\"description\":\"LDB\",\"potentialAction\":[{\"@type\":\"SearchAction\",\"target\":{\"@type\":\"EntryPoint\",\"urlTemplate\":\"https:\\\/\\\/www.latviesudanubiedriba.dk\\\/?s={search_term_string}\"},\"query-input\":{\"@type\":\"PropertyValueSpecification\",\"valueRequired\":true,\"valueName\":\"search_term_string\"}}],\"inLanguage\":\"da-DK\"}]}<\/script>\n<!-- \/ Yoast SEO plugin. -->","yoast_head_json":{"title":"P\u016bpols - Latvie\u0161u - d\u0101\u0146u biedr\u012bba | Latvie\u0161u te\u0101tris D\u0101nij\u0101","description":"Latvie\u0161u - d\u0101\u0146u biedr\u012bba pied\u0101v\u0101 k\u013c\u016bt par latvie\u0161u amatierte\u0101tra \"P\u016bpols\" dal\u012bbnieku. P\u016bpols jau 1.gad\u0101 start\u0113ja Latvie\u0161u amatierte\u0101tru festiv\u0101l\u0101 LAIPA.","robots":{"index":"index","follow":"follow","max-snippet":"max-snippet:-1","max-image-preview":"max-image-preview:large","max-video-preview":"max-video-preview:-1"},"canonical":"https:\/\/www.latviesudanubiedriba.dk\/dk\/pupols\/","og_locale":"da_DK","og_type":"article","og_title":"P\u016bpols - Latvie\u0161u - d\u0101\u0146u biedr\u012bba | Latvie\u0161u te\u0101tris D\u0101nij\u0101","og_description":"Latvie\u0161u - d\u0101\u0146u biedr\u012bba pied\u0101v\u0101 k\u013c\u016bt par latvie\u0161u amatierte\u0101tra \"P\u016bpols\" dal\u012bbnieku. P\u016bpols jau 1.gad\u0101 start\u0113ja Latvie\u0161u amatierte\u0101tru festiv\u0101l\u0101 LAIPA.","og_url":"https:\/\/www.latviesudanubiedriba.dk\/dk\/pupols\/","og_site_name":"Latvie\u0161u - d\u0101\u0146u biedr\u012bba","article_modified_time":"2024-08-23T09:20:43+00:00","og_image":[{"url":"https:\/\/www.latviesudanubiedriba.dk\/wp-content\/uploads\/elementor\/thumbs\/Pupols2-qsyhiay6fry392xxz6483jslpxq3jvoklwcgl4vv2g.jpg","type":"","width":"","height":""}],"twitter_card":"summary_large_image","twitter_misc":{"Estimeret l\u00e6setid":"1 minut"},"schema":{"@context":"https:\/\/schema.org","@graph":[{"@type":"WebPage","@id":"https:\/\/www.latviesudanubiedriba.dk\/pupols\/","url":"https:\/\/www.latviesudanubiedriba.dk\/pupols\/","name":"P\u016bpols - Latvie\u0161u - d\u0101\u0146u biedr\u012bba | Latvie\u0161u te\u0101tris D\u0101nij\u0101","isPartOf":{"@id":"https:\/\/www.latviesudanubiedriba.dk\/#website"},"primaryImageOfPage":{"@id":"https:\/\/www.latviesudanubiedriba.dk\/pupols\/#primaryimage"},"image":{"@id":"https:\/\/www.latviesudanubiedriba.dk\/pupols\/#primaryimage"},"thumbnailUrl":"https:\/\/www.latviesudanubiedriba.dk\/wp-content\/uploads\/elementor\/thumbs\/Pupols2-qsyhiay6fry392xxz6483jslpxq3jvoklwcgl4vv2g.jpg","datePublished":"2020-02-13T11:16:31+00:00","dateModified":"2024-08-23T09:20:43+00:00","description":"Latvie\u0161u - d\u0101\u0146u biedr\u012bba pied\u0101v\u0101 k\u013c\u016bt par latvie\u0161u amatierte\u0101tra \"P\u016bpols\" dal\u012bbnieku. P\u016bpols jau 1.gad\u0101 start\u0113ja Latvie\u0161u amatierte\u0101tru festiv\u0101l\u0101 LAIPA.","breadcrumb":{"@id":"https:\/\/www.latviesudanubiedriba.dk\/pupols\/#breadcrumb"},"inLanguage":"da-DK","potentialAction":[{"@type":"ReadAction","target":["https:\/\/www.latviesudanubiedriba.dk\/pupols\/"]}]},{"@type":"ImageObject","inLanguage":"da-DK","@id":"https:\/\/www.latviesudanubiedriba.dk\/pupols\/#primaryimage","url":"https:\/\/www.latviesudanubiedriba.dk\/wp-content\/uploads\/elementor\/thumbs\/Pupols2-qsyhiay6fry392xxz6483jslpxq3jvoklwcgl4vv2g.jpg","contentUrl":"https:\/\/www.latviesudanubiedriba.dk\/wp-content\/uploads\/elementor\/thumbs\/Pupols2-qsyhiay6fry392xxz6483jslpxq3jvoklwcgl4vv2g.jpg"},{"@type":"BreadcrumbList","@id":"https:\/\/www.latviesudanubiedriba.dk\/pupols\/#breadcrumb","itemListElement":[{"@type":"ListItem","position":1,"name":"Home","item":"https:\/\/www.latviesudanubiedriba.dk\/"},{"@type":"ListItem","position":2,"name":"P\u016bpols"}]},{"@type":"WebSite","@id":"https:\/\/www.latviesudanubiedriba.dk\/#website","url":"https:\/\/www.latviesudanubiedriba.dk\/","name":"Latvie\u0161u - d\u0101\u0146u biedr\u012bba","description":"LDB","potentialAction":[{"@type":"SearchAction","target":{"@type":"EntryPoint","urlTemplate":"https:\/\/www.latviesudanubiedriba.dk\/?s={search_term_string}"},"query-input":{"@type":"PropertyValueSpecification","valueRequired":true,"valueName":"search_term_string"}}],"inLanguage":"da-DK"}]}},"_links":{"self":[{"href":"https:\/\/www.latviesudanubiedriba.dk\/dk\/wp-json\/wp\/v2\/pages\/551","targetHints":{"allow":["GET"]}}],"collection":[{"href":"https:\/\/www.latviesudanubiedriba.dk\/dk\/wp-json\/wp\/v2\/pages"}],"about":[{"href":"https:\/\/www.latviesudanubiedriba.dk\/dk\/wp-json\/wp\/v2\/types\/page"}],"author":[{"embeddable":true,"href":"https:\/\/www.latviesudanubiedriba.dk\/dk\/wp-json\/wp\/v2\/users\/1"}],"replies":[{"embeddable":true,"href":"https:\/\/www.latviesudanubiedriba.dk\/dk\/wp-json\/wp\/v2\/comments?post=551"}],"version-history":[{"count":33,"href":"https:\/\/www.latviesudanubiedriba.dk\/dk\/wp-json\/wp\/v2\/pages\/551\/revisions"}],"predecessor-version":[{"id":2280,"href":"https:\/\/www.latviesudanubiedriba.dk\/dk\/wp-json\/wp\/v2\/pages\/551\/revisions\/2280"}],"wp:attachment":[{"href":"https:\/\/www.latviesudanubiedriba.dk\/dk\/wp-json\/wp\/v2\/media?parent=551"}],"curies":[{"name":"wp","href":"https:\/\/api.w.org\/{rel}","templated":true}]}}